{"id":731383,"date":"2025-08-27T21:30:44","date_gmt":"2025-08-27T18:30:44","guid":{"rendered":"https:\/\/roveyayinevi.com.tr\/index.php\/urun\/bana-bir-isaret-goster\/"},"modified":"2026-04-16T02:39:06","modified_gmt":"2026-04-15T23:39:06","slug":"bana-bir-isaret-goster","status":"publish","type":"product","link":"https:\/\/roveyayinevi.com.tr\/index.php\/urun\/bana-bir-isaret-goster\/","title":{"rendered":"Bana Bir \u0130\u015faret G\u00f6ster"},"content":{"rendered":"<p>Mary, Martha&#8217;s Vineyard Adas\u0131\u2019nda kendini her zaman g\u00fcvende ve korunmu\u015f\u0327hissediyordu. B\u00fcy\u00fck b\u00fcy\u00fck b\u00fcy\u00fckbabas\u0131 \u00e7ok eskiden adaya gelmi\u015fti ve ilk sa\u011f\u0131r adal\u0131yd\u0131. \u015eimdi, y\u00fcz y\u0131ldan fazla bir s\u00fcre sonra, oradaki pek \u00e7ok insan \u2013Mary de dahil\u2013 sa\u011f\u0131rd\u0131 ve neredeyse herkes i\u015faret diliyle ileti\u015fim kuruyordu. Mary kendini yaln\u0131z hissetmiyordu. Ancak ya\u015fanan son olaylarla her \u015fey de\u011fi\u015fti. Mary\u2019nin erkek karde\u015finin \u00f6l\u00fcm\u00fc aileyi parampar\u00e7a etti. \u0130ngiliz yerle\u015fimciler ile adan\u0131n yerli halk\u0131 aras\u0131nda arazi anla\u015fmazl\u0131klar\u0131 nedeniyle gerilim de giderek art\u0131yordu. Ve adan\u0131n yayg\u0131n sa\u011f\u0131rl\u0131\u011f\u0131n\u0131n k\u00f6kenini ke\u015ffetmeyi uman kurnaz bir gen\u00e7\u0327bilim insan\u0131 \u00e7\u0131kagelmi\u015fti. Deneyler yaparak cevaplar bulmak i\u00e7in Mary\u2019yi g\u00f6z\u00fcne kestirmi\u015fti. Ann Clare LeZotte, 19. y\u00fczy\u0131l\u0131n ba\u015flar\u0131nda Amerika\u2019daki Martha&#8217;s Vineyard Adas\u0131\u2019ndaki sa\u011f\u0131r bir toplulu\u011fun ger\u00e7ek tarihinden ilham al\u0131yor ve engelli ayr\u0131mc\u0131l\u0131\u011f\u0131n\u0131n, \u0131rk\u00e7\u0131l\u0131\u011f\u0131n, s\u00f6m\u00fcrgecili\u011fin derinine iniyor. Kendisi de sa\u011f\u0131r olan yazar s\u00fcr\u00fckleyici bir \u201ckendi sesinden\u201d hik\u00e2yesi \u00f6r\u00fcyor. Bana Bir \u0130\u015faret G\u00f6ster, neyin normal kabul edildi\u011fine dair dokunakl\u0131 ve etkileyici bir roman.<\/p>\n","protected":false},"excerpt":{"rendered":"<p>Mary, Martha&#8217;s Vineyard Adas\u0131\u2019nda kendini her zaman g\u00fcvende ve korunmu\u015f\u0327hissediyordu. B\u00fcy\u00fck b\u00fcy\u00fck b\u00fcy\u00fckbabas\u0131 \u00e7ok eskiden adaya gelmi\u015fti ve ilk sa\u011f\u0131r adal\u0131yd\u0131. \u015eimdi, y\u00fcz y\u0131ldan fazla bir<span class=\"excerpt-hellip\"> [\u2026]<\/span><\/p>\n","protected":false},"featured_media":0,"template":"","meta":{"_monsterinsights_skip_tracking":false,"_monsterinsights_sitenote_active":false,"_monsterinsights_sitenote_note":"","_monsterinsights_sitenote_category":0},"product_brand":[],"product_cat":[12275,12274],"product_tag":[],"class_list":{"0":"post-731383","1":"product","2":"type-product","3":"status-publish","5":"product_cat-6-12-yas-kitaplari","6":"product_cat-cocuk-ve-genclik-kitaplari","7":"pa_cilt-ciltsiz","8":"pa_tur-kitap","9":"pa_yayinevi-cinar-yayinlari","10":"pa_yazar-ann-clare-lezotte","12":"first","13":"instock","14":"sale","15":"shipping-taxable","16":"purchasable","17":"product-type-simple"},"_links":{"self":[{"href":"https:\/\/roveyayinevi.com.tr\/index.php\/wp-json\/wp\/v2\/product\/731383","targetHints":{"allow":["GET"]}}],"collection":[{"href":"https:\/\/roveyayinevi.com.tr\/index.php\/wp-json\/wp\/v2\/product"}],"about":[{"href":"https:\/\/roveyayinevi.com.tr\/index.php\/wp-json\/wp\/v2\/types\/product"}],"wp:attachment":[{"href":"https:\/\/roveyayinevi.com.tr\/index.php\/wp-json\/wp\/v2\/media?parent=731383"}],"wp:term":[{"taxonomy":"product_brand","embeddable":true,"href":"https:\/\/roveyayinevi.com.tr\/index.php\/wp-json\/wp\/v2\/product_brand?post=731383"},{"taxonomy":"product_cat","embeddable":true,"href":"https:\/\/roveyayinevi.com.tr\/index.php\/wp-json\/wp\/v2\/product_cat?post=731383"},{"taxonomy":"product_tag","embeddable":true,"href":"https:\/\/roveyayinevi.com.tr\/index.php\/wp-json\/wp\/v2\/product_tag?post=731383"}],"curies":[{"name":"wp","href":"https:\/\/api.w.org\/{rel}","templated":true}]}}