{"id":731380,"date":"2025-08-27T21:30:42","date_gmt":"2025-08-27T18:30:42","guid":{"rendered":"https:\/\/roveyayinevi.com.tr\/index.php\/urun\/kahraman-sehit-ve-hain\/"},"modified":"2026-04-16T02:39:06","modified_gmt":"2026-04-15T23:39:06","slug":"kahraman-sehit-ve-hain","status":"publish","type":"product","link":"https:\/\/roveyayinevi.com.tr\/index.php\/urun\/kahraman-sehit-ve-hain\/","title":{"rendered":"Kahraman, \u015eehit ve Hain"},"content":{"rendered":"<p>Osmanl\u0131\u2019n\u0131n son d\u00f6nemi, dev bir \u00fclkenin \u00e7\u00f6k\u00fc\u015f\u00fc ve biti\u015fi&#8230; Ayn\u0131 y\u0131llarda tarih sahnesinde g\u00f6ze batmaya ba\u015flayan be\u015f delikanl\u0131&#8230; Vatan\u0131n\u0131 seven, kahramanl\u0131\u011fa a\u00e7 be\u015f gen\u00e7 adam&#8230; Z\u00fcht\u00fc; zorluklara ald\u0131rmadan Harbiye\u2019ye girmi\u015f. Yak\u0131\u015f\u0131kl\u0131, g\u00f6z\u00fc pek ve vatan\u0131 u\u011fruna \u00f6lmeye haz\u0131r. Rahmi; yi\u011fit, \u00e7ekici ve sava\u015f\u00e7\u0131 bir erkek&#8230; Korku nedir bilmiyor. Ethem (\u00c7erkez); do\u011fu\u015ftan sava\u015f\u00e7\u0131&#8230; Tek tutkusu ordulara komuta ederek ad\u0131n\u0131 tarihe yazd\u0131rmak. Halil (Kut-\u00fcl Amare kahraman\u0131 Halil Pa\u015fa); nevi \u015fahs\u0131na m\u00fcnhas\u0131r biri&#8230; Do\u011fu\u015ftan kahraman. Mustafa Kemal; sava\u015f\u0131n harl\u0131 ate\u015finin i\u00e7inde cumhuriyet d\u00fc\u015f\u00fc kuran bir asker. Ara\u015ft\u0131rmac\u0131-gazeteci Tuna Serim\u2019in kaleme ald\u0131\u011f\u0131 KAHRAMAN, \u015eEH\u0130T VE HA\u0130N adl\u0131 bu roman, sava\u015f\u0131n \u00e7apraz ate\u015finde m\u00fccadele veren be\u015f adam\u0131n d\u00f6n\u00fc\u015fen kaderlerini Osmanl\u0131\u2019dan Cumhuriyet\u2019e uzanan bir tarih aral\u0131\u011f\u0131nda aktar\u0131yor. A\u015fklar, k\u0131skan\u00e7l\u0131klar, maceralar, \u00e7at\u0131\u015fmalar, kazan\u0131mlar, kay\u0131plar ve en \u00f6nemlisi de t\u00fckenmek bilmeyen umutlar&#8230; Y\u0131k\u0131lm\u0131\u015f bir imparatorluktan gen\u00e7 bir cumhuriyet in\u015fa etmek hi\u00e7 kolay olmad\u0131. Kahramanlar haine d\u00f6n\u00fc\u015ft\u00fc bazen, hainler de kahramana&#8230; <\/p>\n","protected":false},"excerpt":{"rendered":"<p>Osmanl\u0131\u2019n\u0131n son d\u00f6nemi, dev bir \u00fclkenin \u00e7\u00f6k\u00fc\u015f\u00fc ve biti\u015fi&#8230; Ayn\u0131 y\u0131llarda tarih sahnesinde g\u00f6ze batmaya ba\u015flayan be\u015f delikanl\u0131&#8230; Vatan\u0131n\u0131 seven, kahramanl\u0131\u011fa a\u00e7 be\u015f gen\u00e7 adam&#8230; Z\u00fcht\u00fc;<span class=\"excerpt-hellip\"> [\u2026]<\/span><\/p>\n","protected":false},"featured_media":0,"template":"","meta":{"_monsterinsights_skip_tracking":false,"_monsterinsights_sitenote_active":false,"_monsterinsights_sitenote_note":"","_monsterinsights_sitenote_category":0},"product_brand":[],"product_cat":[12291,12745],"product_tag":[],"class_list":{"0":"post-731380","1":"product","2":"type-product","3":"status-publish","5":"product_cat-edebiyat","6":"product_cat-tarihi-roman","7":"pa_cilt-ciltsiz","8":"pa_tur-kitap","9":"pa_yayinevi-destek-yayinlari","10":"pa_yazar-tuna-serim","12":"first","13":"instock","14":"sale","15":"shipping-taxable","16":"purchasable","17":"product-type-simple"},"_links":{"self":[{"href":"https:\/\/roveyayinevi.com.tr\/index.php\/wp-json\/wp\/v2\/product\/731380","targetHints":{"allow":["GET"]}}],"collection":[{"href":"https:\/\/roveyayinevi.com.tr\/index.php\/wp-json\/wp\/v2\/product"}],"about":[{"href":"https:\/\/roveyayinevi.com.tr\/index.php\/wp-json\/wp\/v2\/types\/product"}],"wp:attachment":[{"href":"https:\/\/roveyayinevi.com.tr\/index.php\/wp-json\/wp\/v2\/media?parent=731380"}],"wp:term":[{"taxonomy":"product_brand","embeddable":true,"href":"https:\/\/roveyayinevi.com.tr\/index.php\/wp-json\/wp\/v2\/product_brand?post=731380"},{"taxonomy":"product_cat","embeddable":true,"href":"https:\/\/roveyayinevi.com.tr\/index.php\/wp-json\/wp\/v2\/product_cat?post=731380"},{"taxonomy":"product_tag","embeddable":true,"href":"https:\/\/roveyayinevi.com.tr\/index.php\/wp-json\/wp\/v2\/product_tag?post=731380"}],"curies":[{"name":"wp","href":"https:\/\/api.w.org\/{rel}","templated":true}]}}