{"id":731379,"date":"2025-08-27T21:30:41","date_gmt":"2025-08-27T18:30:41","guid":{"rendered":"https:\/\/roveyayinevi.com.tr\/index.php\/urun\/islam-tarihi-emeviler-abbasiler\/"},"modified":"2026-04-16T02:39:06","modified_gmt":"2026-04-15T23:39:06","slug":"islam-tarihi-emeviler-abbasiler","status":"publish","type":"product","link":"https:\/\/roveyayinevi.com.tr\/index.php\/urun\/islam-tarihi-emeviler-abbasiler\/","title":{"rendered":"\u0130slam Tarihi Emeviler &#8211; Abbasiler"},"content":{"rendered":"<p>\u201cDilerim ki gen\u00e7 okurlar\u0131m bu kitab\u0131 bir \u00f6yk\u00fc okur gibi okuyup ge\u00e7mesinler; tarihteki olaylar\u0131n temellerinde yatan ve devletleri \u00e7\u00f6k\u00fcnt\u00fcye u\u011fratan nedenleri iyi g\u00f6rs\u00fcnler.\u201dT\u00fcrkiye\u2019nin ilk kad\u0131n ilahiyat\u00e7\u0131s\u0131 Bahriye \u00dc\u00e7ok\u2019un \u201c\u00f6\u011fretmenlik\u201d y\u0131llar\u0131n\u0131n \u00fcr\u00fcn\u00fc, \u0130slam Tarihi Emeviler &#8211; Abbasiler. \u00dc\u00e7ok, kitab\u0131nda b\u00fct\u00fcn bir \u0130slam devletleri tarihini anlatmaktan ziyade, Emeviler ve Abbasiler oda\u011f\u0131nda ele al\u0131yor \u0130slam tarihini. Bu iki y\u00f6netici soyun gayretleriyle \u00fc\u00e7 k\u0131ta \u00fczerinde M\u00fcsl\u00fcmanl\u0131\u011f\u0131n nas\u0131l yay\u0131ld\u0131\u011f\u0131, ayr\u0131l\u0131klar\u0131n nas\u0131l do\u011fdu\u011fu, Cahiliye d\u00f6neminden beri var olan kabile rekabetlerinin zaman zaman nas\u0131l canland\u0131\u011f\u0131 ve kimi ba\u015far\u0131l\u0131 halifeler sayesinde b\u00fcy\u00fck olaylar\u0131n nas\u0131l \u00f6nlendi\u011fini, kimi \u00f6nemli ve ba\u015far\u0131l\u0131 olaylar\u0131n nas\u0131l ba\u015far\u0131s\u0131zl\u0131k halini ald\u0131\u011f\u0131n\u0131 se\u00e7ilmi\u015f \u00f6rnekler \u00fczerinden sebep-sonu\u00e7 ili\u015fkisiyle ele al\u0131yor. Gerek Emevilerin gerek Abbasilerin fetihler sonucu kar\u015f\u0131la\u015ft\u0131klar\u0131 eski imparatorluklar\u0131n etkisiyle, nas\u0131l \u00e7ok b\u00fcy\u00fck bir uygarl\u0131\u011f\u0131n temsilcileri durumuna geldiklerini aktar\u0131rken, musikiden resme, mimariden spora ve en \u00f6nemlisi \u201ckad\u0131n\u201da y\u00f6nelik d\u00f6nemin sosyal ya\u015fant\u0131s\u0131na dair \u00f6nemli detaylara da yer veriyor. Bahriye \u00dc\u00e7ok, ayd\u0131n kimli\u011fini yok saymadan, bu \u00f6nemli kitap \u00f6zelinde \u0130slam\u2019\u0131n yasaklar\u0131 konusunda T\u00fcrk toplumunun kimi kesimlerinde yerle\u015fmi\u015f yayg\u0131n dinsel bilgileri d\u00fczeltmeye yarayacak bilgi ve belgeleri de aktar\u0131yor.<\/p>\n","protected":false},"excerpt":{"rendered":"<p>\u201cDilerim ki gen\u00e7 okurlar\u0131m bu kitab\u0131 bir \u00f6yk\u00fc okur gibi okuyup ge\u00e7mesinler; tarihteki olaylar\u0131n temellerinde yatan ve devletleri \u00e7\u00f6k\u00fcnt\u00fcye u\u011fratan nedenleri iyi g\u00f6rs\u00fcnler.\u201dT\u00fcrkiye\u2019nin ilk kad\u0131n ilahiyat\u00e7\u0131s\u0131<span class=\"excerpt-hellip\"> [\u2026]<\/span><\/p>\n","protected":false},"featured_media":0,"template":"","meta":{"_monsterinsights_skip_tracking":false,"_monsterinsights_sitenote_active":false,"_monsterinsights_sitenote_note":"","_monsterinsights_sitenote_category":0},"product_brand":[],"product_cat":[12370,12304],"product_tag":[],"class_list":{"0":"post-731379","1":"product","2":"type-product","3":"status-publish","5":"product_cat-arastirma-inceleme","6":"product_cat-tarih","7":"pa_cilt-ciltsiz","8":"pa_tur-kitap","9":"pa_yayinevi-kirmizi-kedi-yayinevi","10":"pa_yazar-bahriye-ucok","12":"first","13":"instock","14":"sale","15":"shipping-taxable","16":"purchasable","17":"product-type-simple"},"_links":{"self":[{"href":"https:\/\/roveyayinevi.com.tr\/index.php\/wp-json\/wp\/v2\/product\/731379","targetHints":{"allow":["GET"]}}],"collection":[{"href":"https:\/\/roveyayinevi.com.tr\/index.php\/wp-json\/wp\/v2\/product"}],"about":[{"href":"https:\/\/roveyayinevi.com.tr\/index.php\/wp-json\/wp\/v2\/types\/product"}],"wp:attachment":[{"href":"https:\/\/roveyayinevi.com.tr\/index.php\/wp-json\/wp\/v2\/media?parent=731379"}],"wp:term":[{"taxonomy":"product_brand","embeddable":true,"href":"https:\/\/roveyayinevi.com.tr\/index.php\/wp-json\/wp\/v2\/product_brand?post=731379"},{"taxonomy":"product_cat","embeddable":true,"href":"https:\/\/roveyayinevi.com.tr\/index.php\/wp-json\/wp\/v2\/product_cat?post=731379"},{"taxonomy":"product_tag","embeddable":true,"href":"https:\/\/roveyayinevi.com.tr\/index.php\/wp-json\/wp\/v2\/product_tag?post=731379"}],"curies":[{"name":"wp","href":"https:\/\/api.w.org\/{rel}","templated":true}]}}