{"id":731378,"date":"2025-08-27T21:30:40","date_gmt":"2025-08-27T18:30:40","guid":{"rendered":"https:\/\/roveyayinevi.com.tr\/index.php\/urun\/dalyan\/"},"modified":"2026-04-07T02:48:24","modified_gmt":"2026-04-06T23:48:24","slug":"dalyan","status":"publish","type":"product","link":"https:\/\/roveyayinevi.com.tr\/index.php\/urun\/dalyan\/","title":{"rendered":"Dalyan"},"content":{"rendered":"<p>\u0130simsiz bir adam ve yabanc\u0131 bir kad\u0131n, Penelope. Tek ba\u015f\u0131na okunan bir kitap vesilesiyle ba\u015flayan sohbetin sonras\u0131nda ya\u015fananlar. Eksik yahut \u00f6rt\u00fck anlat\u0131lan ge\u00e7mi\u015f ve \u00fczerine in\u015fa edilmeye \u00e7al\u0131\u015f\u0131lan yar\u0131nlar. Bir yaln\u0131z bir di\u011fer yaln\u0131z\u0131 kendi yaln\u0131zl\u0131\u011f\u0131na dahil etmesi. Bir a\u015fk roman\u0131 m\u0131? Elbette. Ancak daha \u00e7ok a\u015fks\u0131zl\u0131k \u00fczerine bir roman Dalyan.G\u00fcven Turan\u2019\u0131n yay\u0131mland\u0131\u011f\u0131 y\u0131l T\u00fcrk Dil Kurumu Roman \u00d6d\u00fcl\u00fc\u2019ne de\u011fer g\u00f6r\u00fclen ve roman t\u00fcr\u00fcnde yeni bir \u201czaman anlay\u0131\u015f\u0131\u201dna kap\u0131lar a\u00e7an Dalyan yeniden okuruyla bulu\u015fuyor.<\/p>\n","protected":false},"excerpt":{"rendered":"<p>\u0130simsiz bir adam ve yabanc\u0131 bir kad\u0131n, Penelope. Tek ba\u015f\u0131na okunan bir kitap vesilesiyle ba\u015flayan sohbetin sonras\u0131nda ya\u015fananlar. Eksik yahut \u00f6rt\u00fck anlat\u0131lan ge\u00e7mi\u015f ve \u00fczerine in\u015fa<span class=\"excerpt-hellip\"> [\u2026]<\/span><\/p>\n","protected":false},"featured_media":0,"template":"","meta":{"_monsterinsights_skip_tracking":false,"_monsterinsights_sitenote_active":false,"_monsterinsights_sitenote_note":"","_monsterinsights_sitenote_category":0},"product_brand":[],"product_cat":[12291,12711],"product_tag":[],"class_list":{"0":"post-731378","1":"product","2":"type-product","3":"status-publish","5":"product_cat-edebiyat","6":"product_cat-roman-oyku","7":"pa_cilt-ciltsiz","8":"pa_tur-kitap","9":"pa_yayinevi-kirmizi-kedi-yayinevi","10":"pa_yazar-guven-turan","12":"first","13":"instock","14":"sale","15":"shipping-taxable","16":"purchasable","17":"product-type-simple"},"_links":{"self":[{"href":"https:\/\/roveyayinevi.com.tr\/index.php\/wp-json\/wp\/v2\/product\/731378","targetHints":{"allow":["GET"]}}],"collection":[{"href":"https:\/\/roveyayinevi.com.tr\/index.php\/wp-json\/wp\/v2\/product"}],"about":[{"href":"https:\/\/roveyayinevi.com.tr\/index.php\/wp-json\/wp\/v2\/types\/product"}],"wp:attachment":[{"href":"https:\/\/roveyayinevi.com.tr\/index.php\/wp-json\/wp\/v2\/media?parent=731378"}],"wp:term":[{"taxonomy":"product_brand","embeddable":true,"href":"https:\/\/roveyayinevi.com.tr\/index.php\/wp-json\/wp\/v2\/product_brand?post=731378"},{"taxonomy":"product_cat","embeddable":true,"href":"https:\/\/roveyayinevi.com.tr\/index.php\/wp-json\/wp\/v2\/product_cat?post=731378"},{"taxonomy":"product_tag","embeddable":true,"href":"https:\/\/roveyayinevi.com.tr\/index.php\/wp-json\/wp\/v2\/product_tag?post=731378"}],"curies":[{"name":"wp","href":"https:\/\/api.w.org\/{rel}","templated":true}]}}