{"id":731377,"date":"2025-08-27T21:30:39","date_gmt":"2025-08-27T18:30:39","guid":{"rendered":"https:\/\/roveyayinevi.com.tr\/index.php\/urun\/aidiyet-siyaseti\/"},"modified":"2026-04-16T02:39:06","modified_gmt":"2026-04-15T23:39:06","slug":"aidiyet-siyaseti","status":"publish","type":"product","link":"https:\/\/roveyayinevi.com.tr\/index.php\/urun\/aidiyet-siyaseti\/","title":{"rendered":"Aidiyet Siyaseti"},"content":{"rendered":"<p>Bir b\u00fct\u00fcn olarak aidiyet, bireyin duygusal ba\u011flar kurma yoluyla sosyalle\u015fme e\u011filimini tatmin etme g\u00fcd\u00fcs\u00fc d\u00fczeyinde psikolojik, bir toplulu\u011fun \u00fcyesi olunmas\u0131 d\u00fczeyinde sosyal ve nihayet kar\u015f\u0131l\u0131kl\u0131 kabule dayanan bu \u00fcyeli\u011fin s\u00fcrd\u00fcr\u00fclmesi ve y\u00f6netilmesi d\u00fczeyinde siyasal bir olgudur.   Bu kitap, aidiyet ve sosyal d\u0131\u015flanma s\u00fcre\u00e7lerinin yan\u0131 s\u0131ra aidiyet siyasetinin kapsaml\u0131 bir analizini ortaya koymaktad\u0131r. Aidiyet siyaseti, hedefteki belirli bir aidiyet toplulu\u011funa belirli y\u00f6ntemlerle belirli s\u0131n\u0131rlar in\u015fa etmeyi, \u201cbiz ve onlar\u201d\u0131 ay\u0131ran bu s\u0131n\u0131rlar\u0131 etkin bir bi\u00e7imde y\u00f6netmeyi ve s\u00fcrekli bi\u00e7imde yeniden \u00fcretmeyi ifade eder. Politik projeler arac\u0131l\u0131\u011f\u0131yla in\u015fa edilen bu s\u0131n\u0131rlar\u0131 koruma ve yeniden \u00fcretme arzusu ve zorunlulu\u011fu aidiyet siyasetinin varl\u0131k ko\u015fuludurG\u00f6r\u00fcnen o ki, i\u00e7inde ya\u015fad\u0131\u011f\u0131m\u0131z modern d\u00fcnyadaki sosyal ve siyasal ya\u015fant\u0131m\u0131z\u0131 derinden etkileyen aidiyet siyaseti arac\u0131l\u0131\u011f\u0131yla, birey ve gruplar olarak ortaya koydu\u011fumuz siyasal tutumlar\u0131m\u0131z, e\u011filimlerimiz ve davran\u0131\u015flar\u0131m\u0131z, insan do\u011fas\u0131ndaki aidiyet ihtiyac\u0131ndan yola \u00e7\u0131k\u0131larak a\u00e7\u0131klanabilmektedir.   <\/p>\n","protected":false},"excerpt":{"rendered":"<p>Bir b\u00fct\u00fcn olarak aidiyet, bireyin duygusal ba\u011flar kurma yoluyla sosyalle\u015fme e\u011filimini tatmin etme g\u00fcd\u00fcs\u00fc d\u00fczeyinde psikolojik, bir toplulu\u011fun \u00fcyesi olunmas\u0131 d\u00fczeyinde sosyal ve nihayet kar\u015f\u0131l\u0131kl\u0131 kabule<span class=\"excerpt-hellip\"> [\u2026]<\/span><\/p>\n","protected":false},"featured_media":0,"template":"","meta":{"_monsterinsights_skip_tracking":false,"_monsterinsights_sitenote_active":false,"_monsterinsights_sitenote_note":"","_monsterinsights_sitenote_category":0},"product_brand":[],"product_cat":[12337,14706],"product_tag":[],"class_list":{"0":"post-731377","1":"product","2":"type-product","3":"status-publish","5":"product_cat-politika-siyaset","6":"product_cat-siyaset-bilimi","7":"pa_cilt-ciltsiz","8":"pa_tur-kitap","9":"pa_yayinevi-nika-yayinevi","10":"pa_yazar-suat-taskesen","12":"first","13":"instock","14":"sale","15":"shipping-taxable","16":"purchasable","17":"product-type-simple"},"_links":{"self":[{"href":"https:\/\/roveyayinevi.com.tr\/index.php\/wp-json\/wp\/v2\/product\/731377","targetHints":{"allow":["GET"]}}],"collection":[{"href":"https:\/\/roveyayinevi.com.tr\/index.php\/wp-json\/wp\/v2\/product"}],"about":[{"href":"https:\/\/roveyayinevi.com.tr\/index.php\/wp-json\/wp\/v2\/types\/product"}],"wp:attachment":[{"href":"https:\/\/roveyayinevi.com.tr\/index.php\/wp-json\/wp\/v2\/media?parent=731377"}],"wp:term":[{"taxonomy":"product_brand","embeddable":true,"href":"https:\/\/roveyayinevi.com.tr\/index.php\/wp-json\/wp\/v2\/product_brand?post=731377"},{"taxonomy":"product_cat","embeddable":true,"href":"https:\/\/roveyayinevi.com.tr\/index.php\/wp-json\/wp\/v2\/product_cat?post=731377"},{"taxonomy":"product_tag","embeddable":true,"href":"https:\/\/roveyayinevi.com.tr\/index.php\/wp-json\/wp\/v2\/product_tag?post=731377"}],"curies":[{"name":"wp","href":"https:\/\/api.w.org\/{rel}","templated":true}]}}