{"id":731376,"date":"2025-08-27T21:30:38","date_gmt":"2025-08-27T18:30:38","guid":{"rendered":"https:\/\/roveyayinevi.com.tr\/index.php\/urun\/huzun-nedeniyle-kapaliyiz\/"},"modified":"2026-04-16T02:39:06","modified_gmt":"2026-04-15T23:39:06","slug":"huzun-nedeniyle-kapaliyiz","status":"publish","type":"product","link":"https:\/\/roveyayinevi.com.tr\/index.php\/urun\/huzun-nedeniyle-kapaliyiz\/","title":{"rendered":"H\u00fcz\u00fcn Nedeniyle Kapal\u0131y\u0131z"},"content":{"rendered":"<p>Yunanistan\u2019da k\u00fc\u00e7\u00fck bir Akdeniz kasabas\u0131\u2026 Birbiriyle akraba, arkada\u015f, tan\u0131\u015f insanlar. Hepsinin tek bir iste\u011fi var; bu mutsuzluk dolu kasabay\u0131 terk etmek. \u00c7\u00fcnk\u00fc b\u00fct\u00fcn yollar birbirine, t\u00fcm hayaller ayn\u0131 umutsuzluklara, t\u00fcm a\u015fklar ayn\u0131 kalp a\u011fr\u0131lar\u0131na varmaktad\u0131r. \u015eeytan\u0131n baca\u011f\u0131n\u0131 k\u0131r\u0131p ka\u00e7abilenler, ka\u00e7amay\u0131p \u00e7aresizlikleriyle ba\u015f ba\u015fa kalanlar, kendi \u00e7aresizliklerini ba\u015fkalar\u0131na y\u00fckleyenler, her seferinde daha da detayl\u0131 anlat\u0131lan hik\u00e2yeler, g\u00fcn ge\u00e7tik\u00e7e ayyuka \u00e7\u0131kan s\u00f6ylentiler, dilden dile gezen dedikodular.Tiksintilerinin, hayatlar\u0131ndaki batakl\u0131\u011f\u0131n, aralar\u0131ndaki \u00e7at\u0131\u015fmalar\u0131n ve bu \u00e7at\u0131\u015fmalar\u0131n yarars\u0131zl\u0131\u011f\u0131 ve g\u00fcl\u00fcn\u00e7l\u00fc\u011f\u00fcn\u00fcn can katt\u0131\u011f\u0131 insanlar. Bu insanlar\u0131n olu\u015fturdu\u011fu renkli bir kasaba\u2026 K\u0131z\u0131la Boyal\u0131 Sa\u00e7lar ile T\u00fcrkiye\u2019de b\u00fcy\u00fck bir okur kitlesine sahip Kostas Mourselas\u2019\u0131n kaleminden, ad\u0131m ad\u0131m ilerleyen, sayfa sayfa bir roman\u0131 olu\u015fturan \u00f6yk\u00fcler. H\u00fcz\u00fcn Nedeniyle Kapal\u0131y\u0131z, h\u00fczn\u00fcn t\u00fcm hallerinin nas\u0131l keyifle anlat\u0131labilece\u011finin kusursuz ispat\u0131.<\/p>\n","protected":false},"excerpt":{"rendered":"<p>Yunanistan\u2019da k\u00fc\u00e7\u00fck bir Akdeniz kasabas\u0131\u2026 Birbiriyle akraba, arkada\u015f, tan\u0131\u015f insanlar. Hepsinin tek bir iste\u011fi var; bu mutsuzluk dolu kasabay\u0131 terk etmek. \u00c7\u00fcnk\u00fc b\u00fct\u00fcn yollar birbirine, t\u00fcm<span class=\"excerpt-hellip\"> [\u2026]<\/span><\/p>\n","protected":false},"featured_media":0,"template":"","meta":{"_monsterinsights_skip_tracking":false,"_monsterinsights_sitenote_active":false,"_monsterinsights_sitenote_note":"","_monsterinsights_sitenote_category":0},"product_brand":[],"product_cat":[12291,12711],"product_tag":[],"class_list":{"0":"post-731376","1":"product","2":"type-product","3":"status-publish","5":"product_cat-edebiyat","6":"product_cat-roman-oyku","7":"pa_cilt-ciltsiz","8":"pa_tur-kitap","9":"pa_yayinevi-kirmizi-kedi-yayinevi","10":"pa_yazar-kostas-mourselas","12":"first","13":"instock","14":"sale","15":"shipping-taxable","16":"purchasable","17":"product-type-simple"},"_links":{"self":[{"href":"https:\/\/roveyayinevi.com.tr\/index.php\/wp-json\/wp\/v2\/product\/731376","targetHints":{"allow":["GET"]}}],"collection":[{"href":"https:\/\/roveyayinevi.com.tr\/index.php\/wp-json\/wp\/v2\/product"}],"about":[{"href":"https:\/\/roveyayinevi.com.tr\/index.php\/wp-json\/wp\/v2\/types\/product"}],"wp:attachment":[{"href":"https:\/\/roveyayinevi.com.tr\/index.php\/wp-json\/wp\/v2\/media?parent=731376"}],"wp:term":[{"taxonomy":"product_brand","embeddable":true,"href":"https:\/\/roveyayinevi.com.tr\/index.php\/wp-json\/wp\/v2\/product_brand?post=731376"},{"taxonomy":"product_cat","embeddable":true,"href":"https:\/\/roveyayinevi.com.tr\/index.php\/wp-json\/wp\/v2\/product_cat?post=731376"},{"taxonomy":"product_tag","embeddable":true,"href":"https:\/\/roveyayinevi.com.tr\/index.php\/wp-json\/wp\/v2\/product_tag?post=731376"}],"curies":[{"name":"wp","href":"https:\/\/api.w.org\/{rel}","templated":true}]}}