{"id":731374,"date":"2025-08-27T21:30:36","date_gmt":"2025-08-27T18:30:36","guid":{"rendered":"https:\/\/roveyayinevi.com.tr\/index.php\/urun\/aile-albumu\/"},"modified":"2026-04-16T02:39:06","modified_gmt":"2026-04-15T23:39:06","slug":"aile-albumu","status":"publish","type":"product","link":"https:\/\/roveyayinevi.com.tr\/index.php\/urun\/aile-albumu\/","title":{"rendered":"Aile Alb\u00fcm\u00fc"},"content":{"rendered":"<p>Aile Alb\u00fcm\u00fc\u2019nde eski ku\u015faklardan ve g\u00fcn\u00fcm\u00fczden 80 \u015fairin 127 \u015fiiri yer al\u0131yor. Bu \u015fiirlerin ortak \u00f6zelli\u011fi ki\u015fiyi eksen alan, bir anlamda vesikal\u0131k denebilecek \u015fiirler olmalar\u0131. Kimisi \u00e7ok bilinen kimisi ise biraz karanl\u0131kta kalm\u0131\u015f bu \u015fiirler kendi d\u00f6nemsel \u00f6zellikleri ve temsil kabiliyetleriyle ba\u015fka bir \u0131\u015f\u0131k alt\u0131nda yan yana getirilmi\u015f bir edebi portreler galerisi olu\u015fturuyorlar. Mungan\u2019a kulak verelim: \u201cBu se\u00e7ki sizde kuca\u011f\u0131n\u0131za ald\u0131\u011f\u0131n\u0131z bir \u2018aile alb\u00fcm\u00fc\u2019 hissi uyand\u0131rs\u0131n istedim; kendi hayat\u0131n\u0131zdan, ya\u015fad\u0131\u011f\u0131n\u0131z kentlerden, oturdu\u011funuz mahallelerden, b\u00fcy\u00fcd\u00fc\u011f\u00fcn\u00fcz sokaklardan tan\u0131d\u0131k gelecek y\u00fczlerin, hayatlar\u0131n, a\u00e7\u0131k ya da \u00f6rt\u00fcl\u00fc varl\u0131\u011f\u0131n\u0131 sezdiren hik\u00e2yelerin i\u00e7inde yer ald\u0131\u011f\u0131, \u2018tasvir edilen\u2019 ki\u015fileri g\u00f6z\u00fcn\u00fczde canland\u0131rabilece\u011finiz \u015fiirlerden olu\u015fan \u2018aile boyu\u2019 bir alb\u00fcm yapmak istedim. Farkl\u0131 bir prizmayla ge\u00e7mi\u015ften g\u00fcn\u00fcm\u00fcze, dedelerden, ninelerden torunlara iz d\u00fc\u015f\u00fcren bir soy a\u011fac\u0131, simli bir \u015fiir tarihi\u2026 \u00d6mr\u00fc y\u0131llara, zamanlara da\u011f\u0131lm\u0131\u015f \u015fairler ailesinin bir alb\u00fcm\u00fc.\u201d <\/p>\n","protected":false},"excerpt":{"rendered":"<p>Aile Alb\u00fcm\u00fc\u2019nde eski ku\u015faklardan ve g\u00fcn\u00fcm\u00fczden 80 \u015fairin 127 \u015fiiri yer al\u0131yor. Bu \u015fiirlerin ortak \u00f6zelli\u011fi ki\u015fiyi eksen alan, bir anlamda vesikal\u0131k denebilecek \u015fiirler olmalar\u0131. Kimisi<span class=\"excerpt-hellip\"> [\u2026]<\/span><\/p>\n","protected":false},"featured_media":0,"template":"","meta":{"_monsterinsights_skip_tracking":false,"_monsterinsights_sitenote_active":false,"_monsterinsights_sitenote_note":"","_monsterinsights_sitenote_category":0},"product_brand":[],"product_cat":[12291,12509],"product_tag":[],"class_list":{"0":"post-731374","1":"product","2":"type-product","3":"status-publish","5":"product_cat-edebiyat","6":"product_cat-siir","7":"pa_cilt-ciltsiz","8":"pa_tur-kitap","9":"pa_yayinevi-metis-yayinlari","10":"pa_yazar-murathan-mungan","12":"first","13":"instock","14":"sale","15":"shipping-taxable","16":"purchasable","17":"product-type-simple"},"_links":{"self":[{"href":"https:\/\/roveyayinevi.com.tr\/index.php\/wp-json\/wp\/v2\/product\/731374","targetHints":{"allow":["GET"]}}],"collection":[{"href":"https:\/\/roveyayinevi.com.tr\/index.php\/wp-json\/wp\/v2\/product"}],"about":[{"href":"https:\/\/roveyayinevi.com.tr\/index.php\/wp-json\/wp\/v2\/types\/product"}],"wp:attachment":[{"href":"https:\/\/roveyayinevi.com.tr\/index.php\/wp-json\/wp\/v2\/media?parent=731374"}],"wp:term":[{"taxonomy":"product_brand","embeddable":true,"href":"https:\/\/roveyayinevi.com.tr\/index.php\/wp-json\/wp\/v2\/product_brand?post=731374"},{"taxonomy":"product_cat","embeddable":true,"href":"https:\/\/roveyayinevi.com.tr\/index.php\/wp-json\/wp\/v2\/product_cat?post=731374"},{"taxonomy":"product_tag","embeddable":true,"href":"https:\/\/roveyayinevi.com.tr\/index.php\/wp-json\/wp\/v2\/product_tag?post=731374"}],"curies":[{"name":"wp","href":"https:\/\/api.w.org\/{rel}","templated":true}]}}