{"id":731373,"date":"2025-08-27T21:30:35","date_gmt":"2025-08-27T18:30:35","guid":{"rendered":"https:\/\/roveyayinevi.com.tr\/index.php\/urun\/144-sayfa-mandala\/"},"modified":"2026-04-16T02:39:06","modified_gmt":"2026-04-15T23:39:06","slug":"144-sayfa-mandala","status":"publish","type":"product","link":"https:\/\/roveyayinevi.com.tr\/index.php\/urun\/144-sayfa-mandala\/","title":{"rendered":"144 Sayfa Mandala"},"content":{"rendered":"<p>Sevgili sanat\u00e7\u0131lar,Kitaplar\u0131m\u0131n sekizincisi ile bir kez daha kar\u015f\u0131n\u0131zday\u0131m, bir \u00f6nceki kitab\u0131m olan Do\u011fan\u0131n Rengi\u2019ne g\u00f6sterdi\u011finiz ilgi beni \u00e7ok mutlu etti. Her biri bir\u00e7ok bask\u0131 yapan kitap serime g\u00f6sterdi\u011finiz ilgi i\u00e7in minnettar\u0131m. Bu kitab\u0131mda da bize sanat\u0131m\u0131z\u0131 yans\u0131tma olana\u011f\u0131 verirken ayn\u0131 zamanda rahatlamam\u0131z\u0131 sa\u011flayan mandalalardan en iyilerini sizlere sunmak istiyorum. Binlerce mandala aras\u0131ndan her birinin boyan\u0131rken nas\u0131l olabilece\u011fini kafamda canland\u0131rd\u0131\u011f\u0131m ve en iyisi oldu\u011funu d\u00fc\u015f\u00fcnd\u00fc\u011f\u00fcm mandalalar\u0131 tek tek se\u00e7tim. \u00dczerlerinde daha iyi boyanabilsinler diye b\u00fcy\u00fck de\u011fi\u015fiklikler yapt\u0131m. \u00c7izgilerini d\u00fczenledim. Ho\u015f ve yeni ayr\u0131nt\u0131lar ekledim. Boyanmak i\u00e7in fazla detayl\u0131 olan ayr\u0131nt\u0131lar\u0131 \u00e7\u0131kard\u0131m. Umuyorum ki, bu b\u00fcy\u00fck mandala kitab\u0131 i\u00e7indeki \u00e7izimler, onlar\u0131 g\u00f6r\u00fcnce t\u0131pk\u0131 bana verdikleri gibi size de heyecan verecekler.Sevgiyle,Anabella<\/p>\n","protected":false},"excerpt":{"rendered":"<p>Sevgili sanat\u00e7\u0131lar,Kitaplar\u0131m\u0131n sekizincisi ile bir kez daha kar\u015f\u0131n\u0131zday\u0131m, bir \u00f6nceki kitab\u0131m olan Do\u011fan\u0131n Rengi\u2019ne g\u00f6sterdi\u011finiz ilgi beni \u00e7ok mutlu etti. Her biri bir\u00e7ok bask\u0131 yapan kitap<span class=\"excerpt-hellip\"> [\u2026]<\/span><\/p>\n","protected":false},"featured_media":0,"template":"","meta":{"_monsterinsights_skip_tracking":false,"_monsterinsights_sitenote_active":false,"_monsterinsights_sitenote_note":"","_monsterinsights_sitenote_category":0},"product_brand":[],"product_cat":[38511,15563],"product_tag":[],"class_list":{"0":"post-731373","1":"product","2":"type-product","3":"status-publish","5":"product_cat-buyukler-icin-boyama-mandala","6":"product_cat-hobi","7":"pa_cilt-ciltsiz","8":"pa_tur-kitap","9":"pa_yayinevi-kuzey-yayinlari","10":"pa_yazar-anabella-nightingale","12":"first","13":"instock","14":"sale","15":"shipping-taxable","16":"purchasable","17":"product-type-simple"},"_links":{"self":[{"href":"https:\/\/roveyayinevi.com.tr\/index.php\/wp-json\/wp\/v2\/product\/731373","targetHints":{"allow":["GET"]}}],"collection":[{"href":"https:\/\/roveyayinevi.com.tr\/index.php\/wp-json\/wp\/v2\/product"}],"about":[{"href":"https:\/\/roveyayinevi.com.tr\/index.php\/wp-json\/wp\/v2\/types\/product"}],"wp:attachment":[{"href":"https:\/\/roveyayinevi.com.tr\/index.php\/wp-json\/wp\/v2\/media?parent=731373"}],"wp:term":[{"taxonomy":"product_brand","embeddable":true,"href":"https:\/\/roveyayinevi.com.tr\/index.php\/wp-json\/wp\/v2\/product_brand?post=731373"},{"taxonomy":"product_cat","embeddable":true,"href":"https:\/\/roveyayinevi.com.tr\/index.php\/wp-json\/wp\/v2\/product_cat?post=731373"},{"taxonomy":"product_tag","embeddable":true,"href":"https:\/\/roveyayinevi.com.tr\/index.php\/wp-json\/wp\/v2\/product_tag?post=731373"}],"curies":[{"name":"wp","href":"https:\/\/api.w.org\/{rel}","templated":true}]}}