{"id":731372,"date":"2025-08-27T21:30:35","date_gmt":"2025-08-27T18:30:35","guid":{"rendered":"https:\/\/roveyayinevi.com.tr\/index.php\/urun\/sen-cozemezsen-kant-cozer\/"},"modified":"2026-04-16T02:39:06","modified_gmt":"2026-04-15T23:39:06","slug":"sen-cozemezsen-kant-cozer","status":"publish","type":"product","link":"https:\/\/roveyayinevi.com.tr\/index.php\/urun\/sen-cozemezsen-kant-cozer\/","title":{"rendered":"Sen \u00c7\u00f6zemezsen Kant \u00c7\u00f6zer"},"content":{"rendered":"<p>Ke\u00e7ileri Ka\u00e7\u0131rd\u0131\u011f\u0131n\u0131z Anlarda Hangi Filozofun Yan\u0131n\u0131zda Olmas\u0131n\u0131 isterdiniz?Kant, Nietzsche, Spinoza, Platon imdadiniza Yeti\u015fiyor!Kontrol edemedi\u011fimiz durumlar, her \u015feyin yerle bir oldu\u011fu kaos dakikalar\u0131, \u00f6fkenin, g\u00f6zya\u015flar\u0131n\u0131n, su\u00e7lulu\u011fun, anlay\u0131\u015fs\u0131zl\u0131\u011f\u0131n, utanc\u0131n esiri oldu\u011fumuz yani ke\u00e7ileri ka\u00e7\u0131rd\u0131\u011f\u0131m\u0131z anlar\u2026 Bu kriz anlar\u0131na kim \u00e7\u00f6z\u00fcm getirebilir?Kant, Nietzsche, Platon, Spinoza\u2026 D\u00fc\u015f\u00fcnceleriyle tarihe y\u00f6n veren bu filozoflar\u0131n hayat\u0131n\u0131z\u0131n en b\u00fcy\u00fck krizlerini \u00e7\u00f6zmede size yard\u0131mc\u0131 olmak i\u00e7in yan\u0131n\u0131za geldi\u011fini d\u00fc\u015f\u00fcn\u00fcn. Bu kitapta tarihin en b\u00fcy\u00fck on iki filozofu modern hayat\u0131n g\u00fcnl\u00fck sorunlar\u0131na \u00e7\u00f6z\u00fcm getirebilmek i\u00e7in bir araya geliyor. Bir sonraki kriz an\u0131nda tela\u015flanmak yerine bu filozoflardan yard\u0131m alabilirsiniz.Marie Robert bu kitapta felsefeyi k\u00fct\u00fcphane raflar\u0131ndan \u00e7\u0131kar\u0131p ili\u015fkilerimizin, i\u015fimizin ve bilhassa da g\u00fcndelik hayat\u0131m\u0131z\u0131n tam kalbine yerle\u015ftiriyor.<\/p>\n","protected":false},"excerpt":{"rendered":"<p>Ke\u00e7ileri Ka\u00e7\u0131rd\u0131\u011f\u0131n\u0131z Anlarda Hangi Filozofun Yan\u0131n\u0131zda Olmas\u0131n\u0131 isterdiniz?Kant, Nietzsche, Spinoza, Platon imdadiniza Yeti\u015fiyor!Kontrol edemedi\u011fimiz durumlar, her \u015feyin yerle bir oldu\u011fu kaos dakikalar\u0131, \u00f6fkenin, g\u00f6zya\u015flar\u0131n\u0131n, su\u00e7lulu\u011fun, anlay\u0131\u015fs\u0131zl\u0131\u011f\u0131n,<span class=\"excerpt-hellip\"> [\u2026]<\/span><\/p>\n","protected":false},"featured_media":0,"template":"","meta":{"_monsterinsights_skip_tracking":false,"_monsterinsights_sitenote_active":false,"_monsterinsights_sitenote_note":"","_monsterinsights_sitenote_category":0},"product_brand":[],"product_cat":[12364,12376],"product_tag":[],"class_list":{"0":"post-731372","1":"product","2":"type-product","3":"status-publish","5":"product_cat-genel-konular","6":"product_cat-kisisel-gelisim","7":"pa_cilt-ciltsiz","8":"pa_tur-kitap","9":"pa_yayinevi-ayriksi-kitap","10":"pa_yazar-marie-robert","12":"first","13":"instock","14":"sale","15":"shipping-taxable","16":"purchasable","17":"product-type-simple"},"_links":{"self":[{"href":"https:\/\/roveyayinevi.com.tr\/index.php\/wp-json\/wp\/v2\/product\/731372","targetHints":{"allow":["GET"]}}],"collection":[{"href":"https:\/\/roveyayinevi.com.tr\/index.php\/wp-json\/wp\/v2\/product"}],"about":[{"href":"https:\/\/roveyayinevi.com.tr\/index.php\/wp-json\/wp\/v2\/types\/product"}],"wp:attachment":[{"href":"https:\/\/roveyayinevi.com.tr\/index.php\/wp-json\/wp\/v2\/media?parent=731372"}],"wp:term":[{"taxonomy":"product_brand","embeddable":true,"href":"https:\/\/roveyayinevi.com.tr\/index.php\/wp-json\/wp\/v2\/product_brand?post=731372"},{"taxonomy":"product_cat","embeddable":true,"href":"https:\/\/roveyayinevi.com.tr\/index.php\/wp-json\/wp\/v2\/product_cat?post=731372"},{"taxonomy":"product_tag","embeddable":true,"href":"https:\/\/roveyayinevi.com.tr\/index.php\/wp-json\/wp\/v2\/product_tag?post=731372"}],"curies":[{"name":"wp","href":"https:\/\/api.w.org\/{rel}","templated":true}]}}