{"id":731371,"date":"2025-08-27T21:30:34","date_gmt":"2025-08-27T18:30:34","guid":{"rendered":"https:\/\/roveyayinevi.com.tr\/index.php\/urun\/insanlik-sucu-2\/"},"modified":"2026-04-16T02:39:06","modified_gmt":"2026-04-15T23:39:06","slug":"insanlik-sucu-2","status":"publish","type":"product","link":"https:\/\/roveyayinevi.com.tr\/index.php\/urun\/insanlik-sucu-2\/","title":{"rendered":"\u0130nsanl\u0131k Su\u00e7u 2"},"content":{"rendered":"<p>Bir Amerikan Trajedisi1920\u2019lerde h\u0131zla geli\u015fen Amerika\u2019da l\u00fcks ve refah bir hayat\u0131n hayalini kuran gen\u00e7 Clyde Griffiths yoksul bir aileden gelmedir. \u0130yi e\u011fitim g\u00f6rmedi\u011finden basit i\u015flerde bo\u011faz toklu\u011funa \u00e7al\u0131\u015fmak zorunda kal\u0131r. Eline ge\u00e7en parayla da ailesine yard\u0131m etmekle y\u00fck\u00fcml\u00fcd\u00fcr. Kansas\u2019taki bu halinden hi\u00e7 de memnun olmayan Clyde\u2019\u0131n hayat\u0131 arkada\u015flar\u0131yla birlikte yapt\u0131\u011f\u0131 bir araba gezintisiyle tamamen de\u011fi\u015fir.\u0130zinsiz ald\u0131klar\u0131 arabayla bir k\u0131za \u00e7arparlar ve k\u0131z \u00f6l\u00fcr. O da yakalan\u0131p hapse girmemek i\u00e7in \u015eikago\u2019ya ka\u00e7ar ve orada isim de\u011fi\u015ftirip bir kul\u00fcpte belboy olarak \u00e7al\u0131\u015f\u0131r. Fabrika sahibi amcas\u0131yla burada kar\u015f\u0131la\u015f\u0131nca hayalini kurdu\u011fu zengin d\u00fcnyaya ad\u0131m atmak \u00fczere amcas\u0131ndan i\u015f ister. Bu i\u015f onun hayalini kurdu\u011fu d\u00fcnyaya a\u00e7\u0131lan bir kap\u0131 olacakt\u0131r. Ancak ne bu kap\u0131dan i\u00e7eri kolay kolay girebilecektir ne de kap\u0131n\u0131n ard\u0131nda, hayalini kurdu\u011fu gibi bir hayat olacakt\u0131r.<\/p>\n","protected":false},"excerpt":{"rendered":"<p>Bir Amerikan Trajedisi1920\u2019lerde h\u0131zla geli\u015fen Amerika\u2019da l\u00fcks ve refah bir hayat\u0131n hayalini kuran gen\u00e7 Clyde Griffiths yoksul bir aileden gelmedir. \u0130yi e\u011fitim g\u00f6rmedi\u011finden basit i\u015flerde bo\u011faz<span class=\"excerpt-hellip\"> [\u2026]<\/span><\/p>\n","protected":false},"featured_media":0,"template":"","meta":{"_monsterinsights_skip_tracking":false,"_monsterinsights_sitenote_active":false,"_monsterinsights_sitenote_note":"","_monsterinsights_sitenote_category":0},"product_brand":[],"product_cat":[12291,12711],"product_tag":[],"class_list":{"0":"post-731371","1":"product","2":"type-product","3":"status-publish","5":"product_cat-edebiyat","6":"product_cat-roman-oyku","7":"pa_cilt-ciltsiz","8":"pa_tur-kitap","9":"pa_yayinevi-ayriksi-kitap","10":"pa_yazar-theodore-dreiser","12":"first","13":"instock","14":"sale","15":"shipping-taxable","16":"purchasable","17":"product-type-simple"},"_links":{"self":[{"href":"https:\/\/roveyayinevi.com.tr\/index.php\/wp-json\/wp\/v2\/product\/731371","targetHints":{"allow":["GET"]}}],"collection":[{"href":"https:\/\/roveyayinevi.com.tr\/index.php\/wp-json\/wp\/v2\/product"}],"about":[{"href":"https:\/\/roveyayinevi.com.tr\/index.php\/wp-json\/wp\/v2\/types\/product"}],"wp:attachment":[{"href":"https:\/\/roveyayinevi.com.tr\/index.php\/wp-json\/wp\/v2\/media?parent=731371"}],"wp:term":[{"taxonomy":"product_brand","embeddable":true,"href":"https:\/\/roveyayinevi.com.tr\/index.php\/wp-json\/wp\/v2\/product_brand?post=731371"},{"taxonomy":"product_cat","embeddable":true,"href":"https:\/\/roveyayinevi.com.tr\/index.php\/wp-json\/wp\/v2\/product_cat?post=731371"},{"taxonomy":"product_tag","embeddable":true,"href":"https:\/\/roveyayinevi.com.tr\/index.php\/wp-json\/wp\/v2\/product_tag?post=731371"}],"curies":[{"name":"wp","href":"https:\/\/api.w.org\/{rel}","templated":true}]}}