{"id":731369,"date":"2025-08-27T21:30:32","date_gmt":"2025-08-27T18:30:32","guid":{"rendered":"https:\/\/roveyayinevi.com.tr\/index.php\/urun\/ve-sonra\/"},"modified":"2026-04-16T02:39:06","modified_gmt":"2026-04-15T23:39:06","slug":"ve-sonra","status":"publish","type":"product","link":"https:\/\/roveyayinevi.com.tr\/index.php\/urun\/ve-sonra\/","title":{"rendered":"Ve Sonra"},"content":{"rendered":"<p>\u00c7\u0131k diye ate\u015ften uzatsan elini Desen ki gel art\u0131k yand\u0131\u011f\u0131n yeter Beni berbat zannedip, kendi halini S\u00fctten \u00e7\u0131km\u0131\u015f ak ka\u015f\u0131k sand\u0131\u011f\u0131n yeter Art\u0131k zaman bozuldu, bu zaman ahir Ahiri unutan\u0131n her an\u0131 zehir Bizi bizden ba\u015fkas\u0131 anlamaz zahir Olur olmaz herkese kand\u0131\u011f\u0131n yeter Sen ayr\u0131s\u0131n, ben ayr\u0131, d\u00fcnyalar ayr\u0131 Yok, yan yana durman\u0131n kimseye hayr\u0131 Herkes kendi yoluna desek de gayr\u0131 \u015eu g\u00f6nl\u00fcmde bir lahza kald\u0131\u011f\u0131n yeter Zehir bildim seni, asl\u0131n bal olsa da G\u00f6n\u00fcller anla\u015f\u0131r, diller lal olsa da Kavu\u015fmak imk\u00e2ns\u0131z bir hayal olsa da Uzaklardan g\u00f6rd\u00fc\u011f\u00fcm endam\u0131n yeter<\/p>\n","protected":false},"excerpt":{"rendered":"<p>\u00c7\u0131k diye ate\u015ften uzatsan elini Desen ki gel art\u0131k yand\u0131\u011f\u0131n yeter Beni berbat zannedip, kendi halini S\u00fctten \u00e7\u0131km\u0131\u015f ak ka\u015f\u0131k sand\u0131\u011f\u0131n yeter Art\u0131k zaman bozuldu, bu<span class=\"excerpt-hellip\"> [\u2026]<\/span><\/p>\n","protected":false},"featured_media":0,"template":"","meta":{"_monsterinsights_skip_tracking":false,"_monsterinsights_sitenote_active":false,"_monsterinsights_sitenote_note":"","_monsterinsights_sitenote_category":0},"product_brand":[],"product_cat":[12291,12509],"product_tag":[],"class_list":{"0":"post-731369","1":"product","2":"type-product","3":"status-publish","5":"product_cat-edebiyat","6":"product_cat-siir","7":"pa_cilt-ciltsiz","8":"pa_tur-kitap","9":"pa_yayinevi-luna-yayinlari","10":"pa_yazar-umut-durukan","12":"first","13":"instock","14":"sale","15":"shipping-taxable","16":"purchasable","17":"product-type-simple"},"_links":{"self":[{"href":"https:\/\/roveyayinevi.com.tr\/index.php\/wp-json\/wp\/v2\/product\/731369","targetHints":{"allow":["GET"]}}],"collection":[{"href":"https:\/\/roveyayinevi.com.tr\/index.php\/wp-json\/wp\/v2\/product"}],"about":[{"href":"https:\/\/roveyayinevi.com.tr\/index.php\/wp-json\/wp\/v2\/types\/product"}],"wp:attachment":[{"href":"https:\/\/roveyayinevi.com.tr\/index.php\/wp-json\/wp\/v2\/media?parent=731369"}],"wp:term":[{"taxonomy":"product_brand","embeddable":true,"href":"https:\/\/roveyayinevi.com.tr\/index.php\/wp-json\/wp\/v2\/product_brand?post=731369"},{"taxonomy":"product_cat","embeddable":true,"href":"https:\/\/roveyayinevi.com.tr\/index.php\/wp-json\/wp\/v2\/product_cat?post=731369"},{"taxonomy":"product_tag","embeddable":true,"href":"https:\/\/roveyayinevi.com.tr\/index.php\/wp-json\/wp\/v2\/product_tag?post=731369"}],"curies":[{"name":"wp","href":"https:\/\/api.w.org\/{rel}","templated":true}]}}