{"id":731358,"date":"2025-08-27T21:30:21","date_gmt":"2025-08-27T18:30:21","guid":{"rendered":"https:\/\/roveyayinevi.com.tr\/index.php\/urun\/doga-asigi-leyla-vizildayan-kargasa\/"},"modified":"2026-04-16T02:39:05","modified_gmt":"2026-04-15T23:39:05","slug":"doga-asigi-leyla-vizildayan-kargasa","status":"publish","type":"product","link":"https:\/\/roveyayinevi.com.tr\/index.php\/urun\/doga-asigi-leyla-vizildayan-kargasa\/","title":{"rendered":"Do\u011fa A\u015f\u0131\u011f\u0131 Leyla \u2013 V\u0131z\u0131ldayan Karga\u015fa"},"content":{"rendered":"<p>Leyla Etraftayken Hep Bir \u00c7ilginlik Vardir! Leyla\u2019n\u0131n Kom\u015fusu, Bir Seyler U\u00e7u\u015fup V\u0131z\u0131ldarken Golf Oynayam\u0131yordu. Bu Nedenle Bir Ar\u0131 S\u00fcr\u00fcs\u00fc \u00c7\u0131kageldi\u011finde, Onlar\u0131 Yok Etmeyi Kafaya Koydu. Vizildayan Karga\u015fa! Leyla\u2019n\u0131n Do\u011fay\u0131 Korumas\u0131 Gerekiyor. Bu Kitapta Do\u011fa, Yaban Hayat\u0131 Ve D\u00fcnyam\u0131z Ile Ilgili Bir S\u00fcr\u00fc Harika Bilgiyi Ve Do\u011fay\u0131 Korumak I\u00e7in Senin Ne Yapabilece\u011fini Bulabilirsin. <\/p>\n","protected":false},"excerpt":{"rendered":"<p>Leyla Etraftayken Hep Bir \u00c7ilginlik Vardir! Leyla\u2019n\u0131n Kom\u015fusu, Bir Seyler U\u00e7u\u015fup V\u0131z\u0131ldarken Golf Oynayam\u0131yordu. Bu Nedenle Bir Ar\u0131 S\u00fcr\u00fcs\u00fc \u00c7\u0131kageldi\u011finde, Onlar\u0131 Yok Etmeyi Kafaya Koydu. Vizildayan<span class=\"excerpt-hellip\"> [\u2026]<\/span><\/p>\n","protected":false},"featured_media":0,"template":"","meta":{"_monsterinsights_skip_tracking":false,"_monsterinsights_sitenote_active":false,"_monsterinsights_sitenote_note":"","_monsterinsights_sitenote_category":0},"product_brand":[],"product_cat":[12291,13872],"product_tag":[],"class_list":{"0":"post-731358","1":"product","2":"type-product","3":"status-publish","5":"product_cat-edebiyat","6":"product_cat-klasikler","7":"pa_cilt-ciltsiz","8":"pa_tur-kitap","9":"pa_yayinevi-is-bankasi-kultur-yayinlari","10":"pa_yazar-jane-clarke","12":"first","13":"instock","14":"sale","15":"shipping-taxable","16":"purchasable","17":"product-type-simple"},"_links":{"self":[{"href":"https:\/\/roveyayinevi.com.tr\/index.php\/wp-json\/wp\/v2\/product\/731358","targetHints":{"allow":["GET"]}}],"collection":[{"href":"https:\/\/roveyayinevi.com.tr\/index.php\/wp-json\/wp\/v2\/product"}],"about":[{"href":"https:\/\/roveyayinevi.com.tr\/index.php\/wp-json\/wp\/v2\/types\/product"}],"wp:attachment":[{"href":"https:\/\/roveyayinevi.com.tr\/index.php\/wp-json\/wp\/v2\/media?parent=731358"}],"wp:term":[{"taxonomy":"product_brand","embeddable":true,"href":"https:\/\/roveyayinevi.com.tr\/index.php\/wp-json\/wp\/v2\/product_brand?post=731358"},{"taxonomy":"product_cat","embeddable":true,"href":"https:\/\/roveyayinevi.com.tr\/index.php\/wp-json\/wp\/v2\/product_cat?post=731358"},{"taxonomy":"product_tag","embeddable":true,"href":"https:\/\/roveyayinevi.com.tr\/index.php\/wp-json\/wp\/v2\/product_tag?post=731358"}],"curies":[{"name":"wp","href":"https:\/\/api.w.org\/{rel}","templated":true}]}}