{"id":731348,"date":"2025-08-27T21:30:09","date_gmt":"2025-08-27T18:30:09","guid":{"rendered":"https:\/\/roveyayinevi.com.tr\/index.php\/urun\/yagmur-sikintisi\/"},"modified":"2026-04-16T02:39:05","modified_gmt":"2026-04-15T23:39:05","slug":"yagmur-sikintisi","status":"publish","type":"product","link":"https:\/\/roveyayinevi.com.tr\/index.php\/urun\/yagmur-sikintisi\/","title":{"rendered":"Ya\u011fmur S\u0131k\u0131nt\u0131s\u0131"},"content":{"rendered":"<p>Ya\u011fmur S\u0131k\u0131nt\u0131s\u0131, \u015fiirlerinin yan\u0131 s\u0131ra yazd\u0131\u011f\u0131 romanlar ve tiyatro oyunlar\u0131 da ilgiyle kar\u015f\u0131lanan Oktay Rifat&#8217;\u0131n (1914-1988) b\u00fct\u00fcn oyunlar\u0131n\u0131 bir araya getiriyor: &#8220;Kad\u0131nlar Aras\u0131nda ya da Fettah Pa\u015falar&#8221;, &#8220;Birtak\u0131m \u0130nsanlar&#8221;, &#8220;Atlarla Filler ya da Dirlik D\u00fczenlik&#8221;, &#8220;\u00c7il Horoz&#8221;, &#8221; Ya\u011fmur S\u0131k\u0131nt\u0131s\u0131&#8221;. Gerek romanlar\u0131nda gerek oyunlar\u0131nda, ekonomik ve k\u00fclt\u00fcrel alanda toplumda ya\u015fanan de\u011fer de\u011fi\u015fimlerinin bireyler \u00fczerindeki etkilerini irdeleyen Oktay Rifat&#8217;tan \u015fair i\u015fi oyunlar&#8230; &#8220;Bir duman i\u00e7indeyim ben de. G\u00fcn\u00fcm g\u00fcne, gecem geceye benzemiyor. Yatakta g\u00f6zlerim falta\u015f\u0131 gibi a\u00e7\u0131k, ayakta uykuda gibi. Yemiyorum, i\u00e7iyorum. D\u00f6vse beni ok\u015fam\u0131\u015f gibi geliyor. Kovsa beni \u00e7a\u011f\u0131r\u0131yor diyorum. Surat as\u0131yor, g\u00fcl\u00fcmsedi\u011fini san\u0131yorum. Ba\u011f\u0131r\u0131yor, i\u015fte g\u00f6nl\u00fcm\u00fc al\u0131yor, diye d\u00fc\u015f\u00fcn\u00fcyorum. Sevmekle d\u00fc\u015fmanl\u0131k kar\u0131\u015ft\u0131. K\u00fc\u00e7\u00fck Han\u0131m&#8217;\u0131 k\u0131zd\u0131\u011f\u0131m i\u00e7in seviyorum, kar\u0131m\u0131 ac\u0131d\u0131\u011f\u0131m i\u00e7in d\u00f6v\u00fcyorum. G\u00fclmekle a\u011flamay\u0131 ay\u0131ramaz oldum. Ellerimin biri bende, biri onda. O bak\u0131nca g\u00f6r\u00fcyorum. Duyarsa i\u015fitiyorum. A\u011fz\u0131m a\u00e7\u0131k, onu \u00f6psem kapanabilir. Kollar\u0131m sark\u0131k yaln\u0131z ona sar\u0131labilir.<\/p>\n","protected":false},"excerpt":{"rendered":"<p>Ya\u011fmur S\u0131k\u0131nt\u0131s\u0131, \u015fiirlerinin yan\u0131 s\u0131ra yazd\u0131\u011f\u0131 romanlar ve tiyatro oyunlar\u0131 da ilgiyle kar\u015f\u0131lanan Oktay Rifat&#8217;\u0131n (1914-1988) b\u00fct\u00fcn oyunlar\u0131n\u0131 bir araya getiriyor: &#8220;Kad\u0131nlar Aras\u0131nda ya da Fettah<span class=\"excerpt-hellip\"> [\u2026]<\/span><\/p>\n","protected":false},"featured_media":0,"template":"","meta":{"_monsterinsights_skip_tracking":false,"_monsterinsights_sitenote_active":false,"_monsterinsights_sitenote_note":"","_monsterinsights_sitenote_category":0},"product_brand":[],"product_cat":[12291,15566],"product_tag":[],"class_list":{"0":"post-731348","1":"product","2":"type-product","3":"status-publish","5":"product_cat-edebiyat","6":"product_cat-oyun","7":"pa_cilt-ciltsiz","8":"pa_tur-kitap","9":"pa_yayinevi-yapi-kredi-yayinlari-kultur","10":"pa_yazar-oktay-rifat","12":"first","13":"instock","14":"sale","15":"shipping-taxable","16":"purchasable","17":"product-type-simple"},"_links":{"self":[{"href":"https:\/\/roveyayinevi.com.tr\/index.php\/wp-json\/wp\/v2\/product\/731348","targetHints":{"allow":["GET"]}}],"collection":[{"href":"https:\/\/roveyayinevi.com.tr\/index.php\/wp-json\/wp\/v2\/product"}],"about":[{"href":"https:\/\/roveyayinevi.com.tr\/index.php\/wp-json\/wp\/v2\/types\/product"}],"wp:attachment":[{"href":"https:\/\/roveyayinevi.com.tr\/index.php\/wp-json\/wp\/v2\/media?parent=731348"}],"wp:term":[{"taxonomy":"product_brand","embeddable":true,"href":"https:\/\/roveyayinevi.com.tr\/index.php\/wp-json\/wp\/v2\/product_brand?post=731348"},{"taxonomy":"product_cat","embeddable":true,"href":"https:\/\/roveyayinevi.com.tr\/index.php\/wp-json\/wp\/v2\/product_cat?post=731348"},{"taxonomy":"product_tag","embeddable":true,"href":"https:\/\/roveyayinevi.com.tr\/index.php\/wp-json\/wp\/v2\/product_tag?post=731348"}],"curies":[{"name":"wp","href":"https:\/\/api.w.org\/{rel}","templated":true}]}}