{"id":731343,"date":"2025-08-27T21:30:04","date_gmt":"2025-08-27T18:30:04","guid":{"rendered":"https:\/\/roveyayinevi.com.tr\/index.php\/urun\/teoriden-pratige-turkiye-siyaseti\/"},"modified":"2026-04-16T02:39:05","modified_gmt":"2026-04-15T23:39:05","slug":"teoriden-pratige-turkiye-siyaseti","status":"publish","type":"product","link":"https:\/\/roveyayinevi.com.tr\/index.php\/urun\/teoriden-pratige-turkiye-siyaseti\/","title":{"rendered":"Teoriden Prati\u011fe T\u00fcrkiye Siyaseti"},"content":{"rendered":"<p>Sosyal bilimlerin pe\u015finde ko\u015ftu\u011fu ve anlama \u00e7abas\u0131na girdi\u011fi konular \u00e7e\u015fitlilik arz eder. Sosyoloji ve psikoloji gibi deneyselle\u015fen disiplinlerin yan\u0131 s\u0131ra, siyaset bilimi ve iktisad\u0131n da gittik\u00e7e say\u0131salla\u015ft\u0131\u011f\u0131 ve ger\u00e7ekli\u011fi nicelik ba\u011flam\u0131nda anlamaya gayret etti\u011fi vaka olarak belirmektedir. \u00d6te yandan \u00e7a\u011f\u0131n ruhuna uygun olarak geli\u015fen \u00f6l\u00e7me-bi\u00e7me mant\u0131\u011f\u0131, esas\u0131nda modern bilimin dayand\u0131\u011f\u0131 temelin ifadesidir. Bu noktada ortaya \u00e7\u0131kan tepkiler temel yetersizliklere i\u015faret eder. Bu yetersizli\u011fin ana ekseni say\u0131sall\u0131k, nicelik ya da \u00f6l\u00e7\u00fcm yakla\u015f\u0131m\u0131n\u0131n olguyu veya fenomeni sadece g\u00f6r\u00fcn\u00fcr olan \u00fczerinden de\u011ferlendirmesi ve buna uygun y\u00fczeysel bilim olgusunu var etmesidir&#8230; Zira sosyal teorinin dayand\u0131\u011f\u0131 temel tezlerden biri olan ve ger\u00e7ek hayatla felsefenin; teoriyle prati\u011fin mecz edilmesini ifade eden pratik bilgelik ve praxis nihai geli\u015fmeleri anlamak, yorumlamak ve uygulamak ba\u011flam\u0131nda d\u00fc\u015f\u00fcnsel ve yaz\u0131nsal faaliyeti gerektirir. Bu \u00e7er\u00e7evede duyulan ihtiya\u00e7 Teoriden Prati\u011fe T\u00fcrkiye Siyaseti ba\u015fl\u0131kl\u0131 \u00e7al\u0131\u015fmay\u0131 \u015fekillendirmi\u015ftir. Hakikat-hakikat sonras\u0131 tart\u0131\u015fmalardan, \u00fctopyaya kadar incelemelerin yer ald\u0131\u011f\u0131 \u00e7al\u0131\u015fma, k\u00fcresel ba\u011flamda T\u00fcrkiye siyasetini \u015fekillendiren sa\u011f ve sol, sosyalist, \u0130slamc\u0131 ve muhafazak\u00e2r siyaset tecr\u00fcbelerini de\u011ferlendirmektedir. Prof. Dr. Alim Y\u0131lmaz<\/p>\n","protected":false},"excerpt":{"rendered":"<p>Sosyal bilimlerin pe\u015finde ko\u015ftu\u011fu ve anlama \u00e7abas\u0131na girdi\u011fi konular \u00e7e\u015fitlilik arz eder. Sosyoloji ve psikoloji gibi deneyselle\u015fen disiplinlerin yan\u0131 s\u0131ra, siyaset bilimi ve iktisad\u0131n da gittik\u00e7e<span class=\"excerpt-hellip\"> [\u2026]<\/span><\/p>\n","protected":false},"featured_media":0,"template":"","meta":{"_monsterinsights_skip_tracking":false,"_monsterinsights_sitenote_active":false,"_monsterinsights_sitenote_note":"","_monsterinsights_sitenote_category":0},"product_brand":[],"product_cat":[13590,12337],"product_tag":[],"class_list":{"0":"post-731343","1":"product","2":"type-product","3":"status-publish","5":"product_cat-arastirma-inceleme-politika-siyaset","6":"product_cat-politika-siyaset","7":"pa_cilt-ciltsiz","8":"pa_tur-kitap","9":"pa_yayinevi-liberte-yayinlari","10":"pa_yazar-alim-yilmaz-ikram-bagci","12":"first","13":"instock","14":"sale","15":"shipping-taxable","16":"purchasable","17":"product-type-simple"},"_links":{"self":[{"href":"https:\/\/roveyayinevi.com.tr\/index.php\/wp-json\/wp\/v2\/product\/731343","targetHints":{"allow":["GET"]}}],"collection":[{"href":"https:\/\/roveyayinevi.com.tr\/index.php\/wp-json\/wp\/v2\/product"}],"about":[{"href":"https:\/\/roveyayinevi.com.tr\/index.php\/wp-json\/wp\/v2\/types\/product"}],"wp:attachment":[{"href":"https:\/\/roveyayinevi.com.tr\/index.php\/wp-json\/wp\/v2\/media?parent=731343"}],"wp:term":[{"taxonomy":"product_brand","embeddable":true,"href":"https:\/\/roveyayinevi.com.tr\/index.php\/wp-json\/wp\/v2\/product_brand?post=731343"},{"taxonomy":"product_cat","embeddable":true,"href":"https:\/\/roveyayinevi.com.tr\/index.php\/wp-json\/wp\/v2\/product_cat?post=731343"},{"taxonomy":"product_tag","embeddable":true,"href":"https:\/\/roveyayinevi.com.tr\/index.php\/wp-json\/wp\/v2\/product_tag?post=731343"}],"curies":[{"name":"wp","href":"https:\/\/api.w.org\/{rel}","templated":true}]}}