{"id":731342,"date":"2025-08-27T21:30:03","date_gmt":"2025-08-27T18:30:03","guid":{"rendered":"https:\/\/roveyayinevi.com.tr\/index.php\/urun\/emily-1\/"},"modified":"2025-11-10T06:51:18","modified_gmt":"2025-11-10T03:51:18","slug":"emily-1","status":"publish","type":"product","link":"https:\/\/roveyayinevi.com.tr\/index.php\/urun\/emily-1\/","title":{"rendered":"Emily &#8211; 1"},"content":{"rendered":"<p>Babas\u0131 ile birlikte k\u00fc\u00e7\u00fck bir \u00e7iftlikte hayat\u0131n\u0131 s\u00fcrd\u00fcren Emily Starr\u2019\u0131n ya\u015fad\u0131\u011f\u0131 beklenmedik bir olay, hayat\u0131ndaki b\u00fcy\u00fck de\u011fi\u015fimin habercisi olur. Yeni Ay \u00c7iftli\u011fi\u2019ne g\u00f6nderilen Emily; sert miza\u00e7l\u0131 Elizabeth Teyze, sevgi dolu Laura Teyze ve arkada\u015f canl\u0131s\u0131 Kuzen Jimmy ile ya\u015famaya ba\u015flar. Emily \u015fa\u015f\u0131rt\u0131c\u0131 bir \u015fekilde Yeni Ay\u2019\u0131n b\u00fcy\u00fcs\u00fcne kap\u0131lsa da kendini oraya ait hissedebilece\u011finden emin de\u011fildir. Fakat k\u0131sa s\u00fcre sonra h\u0131r\u00e7\u0131n ama iyi kalpli Ilse, muhte\u015fem \u00e7izimler yapan Teddy ve evin azimli yard\u0131mc\u0131s\u0131 Perry, Emily\u2019nin en yak\u0131n arkada\u015flar\u0131 olurlar. Emily art\u0131k Yeni Ay \u00c7iftli\u011fi\u2019nde yeniden hayat bulacak ve kendini evinde hissedecektir. <\/p>\n","protected":false},"excerpt":{"rendered":"<p>Babas\u0131 ile birlikte k\u00fc\u00e7\u00fck bir \u00e7iftlikte hayat\u0131n\u0131 s\u00fcrd\u00fcren Emily Starr\u2019\u0131n ya\u015fad\u0131\u011f\u0131 beklenmedik bir olay, hayat\u0131ndaki b\u00fcy\u00fck de\u011fi\u015fimin habercisi olur. Yeni Ay \u00c7iftli\u011fi\u2019ne g\u00f6nderilen Emily; sert miza\u00e7l\u0131<span class=\"excerpt-hellip\"> [\u2026]<\/span><\/p>\n","protected":false},"featured_media":0,"template":"","meta":{"_monsterinsights_skip_tracking":false,"_monsterinsights_sitenote_active":false,"_monsterinsights_sitenote_note":"","_monsterinsights_sitenote_category":0},"product_brand":[],"product_cat":[12291,12711],"product_tag":[],"class_list":{"0":"post-731342","1":"product","2":"type-product","3":"status-publish","5":"product_cat-edebiyat","6":"product_cat-roman-oyku","7":"pa_cilt-ciltsiz","8":"pa_tur-kitap","9":"pa_yayinevi-ephesus-yayinlari","10":"pa_yazar-l-m-montgomery","12":"first","13":"instock","14":"sale","15":"shipping-taxable","16":"purchasable","17":"product-type-simple"},"_links":{"self":[{"href":"https:\/\/roveyayinevi.com.tr\/index.php\/wp-json\/wp\/v2\/product\/731342","targetHints":{"allow":["GET"]}}],"collection":[{"href":"https:\/\/roveyayinevi.com.tr\/index.php\/wp-json\/wp\/v2\/product"}],"about":[{"href":"https:\/\/roveyayinevi.com.tr\/index.php\/wp-json\/wp\/v2\/types\/product"}],"wp:attachment":[{"href":"https:\/\/roveyayinevi.com.tr\/index.php\/wp-json\/wp\/v2\/media?parent=731342"}],"wp:term":[{"taxonomy":"product_brand","embeddable":true,"href":"https:\/\/roveyayinevi.com.tr\/index.php\/wp-json\/wp\/v2\/product_brand?post=731342"},{"taxonomy":"product_cat","embeddable":true,"href":"https:\/\/roveyayinevi.com.tr\/index.php\/wp-json\/wp\/v2\/product_cat?post=731342"},{"taxonomy":"product_tag","embeddable":true,"href":"https:\/\/roveyayinevi.com.tr\/index.php\/wp-json\/wp\/v2\/product_tag?post=731342"}],"curies":[{"name":"wp","href":"https:\/\/api.w.org\/{rel}","templated":true}]}}