{"id":731340,"date":"2025-08-27T21:30:00","date_gmt":"2025-08-27T18:30:00","guid":{"rendered":"https:\/\/roveyayinevi.com.tr\/index.php\/urun\/merdumgiriz\/"},"modified":"2026-04-13T02:47:47","modified_gmt":"2026-04-12T23:47:47","slug":"merdumgiriz","status":"publish","type":"product","link":"https:\/\/roveyayinevi.com.tr\/index.php\/urun\/merdumgiriz\/","title":{"rendered":"Merd\u00fcmgiriz"},"content":{"rendered":"<p>\u201cSevgili Merd\u00fcmgiriz! D\u00f6n\u00fc\u015febilir, yenilenebilir ve iyile\u015febilirsin. A\u015fkta, parada, sevgide, mutlulukta istedi\u011fin ya\u015fam\u0131 ger\u00e7ek k\u0131labilirsin. Kendine kar\u015f\u0131 samimiyetle ve \u015fefkatle yakla\u015ft\u0131\u011f\u0131nda yenilenip iyile\u015fti\u011fine \u015fahit olabilirsin. Bunu ger\u00e7ekten ba\u015farabilirsin.\u201d   A\u015fk\u0131m Kap\u0131\u015fmak, Merd\u00fcmgiriz\u2019de okurlar\u0131n \u00e7\u0131kmaza giren duygular\u0131yla y\u00fczle\u015fmelerini sa\u011fl\u0131yor. Kay\u0131ts\u0131zl\u0131k, sevme becerisi, olumsuz d\u00fc\u015f\u00fcnme, vazge\u00e7me bilgeli\u011fi gibi farkl\u0131 konularda yol g\u00f6stererek k\u0131lavuzluk yap\u0131yor. Merd\u00fcmgiriz hayata yeni bir bak\u0131\u015f a\u00e7\u0131s\u0131yla bakmak, d\u00f6n\u00fc\u015fmek, yenilenmek ve iyile\u015fmek isteyenler i\u00e7in bir yol haritas\u0131 niteli\u011finde\u2026 <\/p>\n","protected":false},"excerpt":{"rendered":"<p>\u201cSevgili Merd\u00fcmgiriz! D\u00f6n\u00fc\u015febilir, yenilenebilir ve iyile\u015febilirsin. A\u015fkta, parada, sevgide, mutlulukta istedi\u011fin ya\u015fam\u0131 ger\u00e7ek k\u0131labilirsin. Kendine kar\u015f\u0131 samimiyetle ve \u015fefkatle yakla\u015ft\u0131\u011f\u0131nda yenilenip iyile\u015fti\u011fine \u015fahit olabilirsin. Bunu ger\u00e7ekten<span class=\"excerpt-hellip\"> [\u2026]<\/span><\/p>\n","protected":false},"featured_media":0,"template":"","meta":{"_monsterinsights_skip_tracking":false,"_monsterinsights_sitenote_active":false,"_monsterinsights_sitenote_note":"","_monsterinsights_sitenote_category":0},"product_brand":[],"product_cat":[12364,12376],"product_tag":[],"class_list":{"0":"post-731340","1":"product","2":"type-product","3":"status-publish","5":"product_cat-genel-konular","6":"product_cat-kisisel-gelisim","7":"pa_cilt-ciltsiz","8":"pa_tur-kitap","9":"pa_yayinevi-nemesis-kitap","10":"pa_yazar-askim-kapismak","12":"first","13":"instock","14":"sale","15":"shipping-taxable","16":"purchasable","17":"product-type-simple"},"_links":{"self":[{"href":"https:\/\/roveyayinevi.com.tr\/index.php\/wp-json\/wp\/v2\/product\/731340","targetHints":{"allow":["GET"]}}],"collection":[{"href":"https:\/\/roveyayinevi.com.tr\/index.php\/wp-json\/wp\/v2\/product"}],"about":[{"href":"https:\/\/roveyayinevi.com.tr\/index.php\/wp-json\/wp\/v2\/types\/product"}],"wp:attachment":[{"href":"https:\/\/roveyayinevi.com.tr\/index.php\/wp-json\/wp\/v2\/media?parent=731340"}],"wp:term":[{"taxonomy":"product_brand","embeddable":true,"href":"https:\/\/roveyayinevi.com.tr\/index.php\/wp-json\/wp\/v2\/product_brand?post=731340"},{"taxonomy":"product_cat","embeddable":true,"href":"https:\/\/roveyayinevi.com.tr\/index.php\/wp-json\/wp\/v2\/product_cat?post=731340"},{"taxonomy":"product_tag","embeddable":true,"href":"https:\/\/roveyayinevi.com.tr\/index.php\/wp-json\/wp\/v2\/product_tag?post=731340"}],"curies":[{"name":"wp","href":"https:\/\/api.w.org\/{rel}","templated":true}]}}