{"id":731339,"date":"2025-08-27T21:29:59","date_gmt":"2025-08-27T18:29:59","guid":{"rendered":"https:\/\/roveyayinevi.com.tr\/index.php\/urun\/zerdali-dedemle-bir-yil\/"},"modified":"2026-04-16T02:39:05","modified_gmt":"2026-04-15T23:39:05","slug":"zerdali-dedemle-bir-yil","status":"publish","type":"product","link":"https:\/\/roveyayinevi.com.tr\/index.php\/urun\/zerdali-dedemle-bir-yil\/","title":{"rendered":"Zerdali &#8211; Dedemle Bir Y\u0131l"},"content":{"rendered":"<p>&#8220;Zerdali a\u011fac\u0131, dedemle dostlu\u011fumuzun simgesi olmu\u015ftu.&#8221; Ya\u011f\u0131z, alt\u0131nc\u0131 s\u0131n\u0131fa ge\u00e7ti\u011finde dedesinin evinin yak\u0131n\u0131nda yeni bir okula ba\u015flayaca\u011f\u0131n\u0131 \u00f6\u011frenir. Y\u0131lda sadece birka\u00e7 kez g\u00f6rd\u00fc\u011f\u00fc dedesi b\u00fcy\u00fck apartmanlar\u0131n ve gri betonlar\u0131n aras\u0131nda bah\u00e7eli k\u00fc\u00e7\u00fck bir evde ya\u015far. Vaktinin \u00e7o\u011funu \u00e7ok sevdi\u011fi a\u011fa\u00e7lar\u0131yla ge\u00e7iren Said Bey&#8217;in ya\u015fam\u0131 torunu i\u00e7in sevgi ve s\u0131cakl\u0131k anlam\u0131na gelir. Ta ki do\u011fum g\u00fcn\u00fcnde son model bir tablet yerine bir zerdali a\u011fac\u0131 hediye edene kadar&#8230; Bu e\u011fri b\u00fc\u011fr\u00fc zerdali b\u00fcy\u00fcrken Ya\u011f\u0131z ve dedesinin aras\u0131ndaki dostluk da ye\u015ferip \u00e7o\u011falacak m\u0131?  Zerdali &#8211; Dedemle Bir Y\u0131l, kent ya\u015fam\u0131n\u0131n karma\u015fas\u0131 i\u00e7inde insan\u0131n kendisi i\u00e7in en de\u011ferli olan\u0131 fark etmesi hakk\u0131nda s\u0131ms\u0131cak bir hik\u00e2ye&#8230;<\/p>\n","protected":false},"excerpt":{"rendered":"<p>&#8220;Zerdali a\u011fac\u0131, dedemle dostlu\u011fumuzun simgesi olmu\u015ftu.&#8221; Ya\u011f\u0131z, alt\u0131nc\u0131 s\u0131n\u0131fa ge\u00e7ti\u011finde dedesinin evinin yak\u0131n\u0131nda yeni bir okula ba\u015flayaca\u011f\u0131n\u0131 \u00f6\u011frenir. Y\u0131lda sadece birka\u00e7 kez g\u00f6rd\u00fc\u011f\u00fc dedesi b\u00fcy\u00fck apartmanlar\u0131n<span class=\"excerpt-hellip\"> [\u2026]<\/span><\/p>\n","protected":false},"featured_media":0,"template":"","meta":{"_monsterinsights_skip_tracking":false,"_monsterinsights_sitenote_active":false,"_monsterinsights_sitenote_note":"","_monsterinsights_sitenote_category":0},"product_brand":[],"product_cat":[12275,12274],"product_tag":[],"class_list":{"0":"post-731339","1":"product","2":"type-product","3":"status-publish","5":"product_cat-6-12-yas-kitaplari","6":"product_cat-cocuk-ve-genclik-kitaplari","7":"pa_cilt-ciltsiz","8":"pa_tur-kitap","9":"pa_yayinevi-genc-timas","10":"pa_yazar-yasar-bayraktar","12":"first","13":"instock","14":"sale","15":"shipping-taxable","16":"purchasable","17":"product-type-simple"},"_links":{"self":[{"href":"https:\/\/roveyayinevi.com.tr\/index.php\/wp-json\/wp\/v2\/product\/731339","targetHints":{"allow":["GET"]}}],"collection":[{"href":"https:\/\/roveyayinevi.com.tr\/index.php\/wp-json\/wp\/v2\/product"}],"about":[{"href":"https:\/\/roveyayinevi.com.tr\/index.php\/wp-json\/wp\/v2\/types\/product"}],"wp:attachment":[{"href":"https:\/\/roveyayinevi.com.tr\/index.php\/wp-json\/wp\/v2\/media?parent=731339"}],"wp:term":[{"taxonomy":"product_brand","embeddable":true,"href":"https:\/\/roveyayinevi.com.tr\/index.php\/wp-json\/wp\/v2\/product_brand?post=731339"},{"taxonomy":"product_cat","embeddable":true,"href":"https:\/\/roveyayinevi.com.tr\/index.php\/wp-json\/wp\/v2\/product_cat?post=731339"},{"taxonomy":"product_tag","embeddable":true,"href":"https:\/\/roveyayinevi.com.tr\/index.php\/wp-json\/wp\/v2\/product_tag?post=731339"}],"curies":[{"name":"wp","href":"https:\/\/api.w.org\/{rel}","templated":true}]}}