{"id":731338,"date":"2025-08-27T21:29:58","date_gmt":"2025-08-27T18:29:58","guid":{"rendered":"https:\/\/roveyayinevi.com.tr\/index.php\/urun\/otucu-kuslar-festivali\/"},"modified":"2026-04-16T02:39:05","modified_gmt":"2026-04-15T23:39:05","slug":"otucu-kuslar-festivali","status":"publish","type":"product","link":"https:\/\/roveyayinevi.com.tr\/index.php\/urun\/otucu-kuslar-festivali\/","title":{"rendered":"\u00d6t\u00fcc\u00fc Ku\u015flar Festivali"},"content":{"rendered":"<p>B\u00fclb\u00fcl yavrusu, en g\u00fczel sesli ku\u015fu ar\u0131yor:\u201cNas\u0131l yani?\u201dG\u00f6klerden insanlara y\u00f6nelmi\u015f korkun\u00e7 bir felaket var:\u201cHarekete ge\u00e7meli!\u201dSar\u0131 S\u0131\u011f\u0131rc\u0131k, kendisini d\u00fcnyan\u0131n en s\u0131radan ku\u015fu san\u0131yor: \u201cGer\u00e7ek mi bu?\u201dDenizler alt\u0131nda ya\u015fayan korkun\u00e7 ahtapotu ya\u015fl\u0131 bir kad\u0131n durduruyor:\u201cYok art\u0131k!\u201d Ve daha nice birbirinden fantastik sorular ve heyecanl\u0131 maceralar&#8230;Abdullah Harmanc\u0131&#8217;n\u0131n kaleminden \u00e7\u0131lg\u0131n, ha\u015far\u0131, deli dolu on masal&#8230;<\/p>\n","protected":false},"excerpt":{"rendered":"<p>B\u00fclb\u00fcl yavrusu, en g\u00fczel sesli ku\u015fu ar\u0131yor:\u201cNas\u0131l yani?\u201dG\u00f6klerden insanlara y\u00f6nelmi\u015f korkun\u00e7 bir felaket var:\u201cHarekete ge\u00e7meli!\u201dSar\u0131 S\u0131\u011f\u0131rc\u0131k, kendisini d\u00fcnyan\u0131n en s\u0131radan ku\u015fu san\u0131yor: \u201cGer\u00e7ek mi bu?\u201dDenizler alt\u0131nda<span class=\"excerpt-hellip\"> [\u2026]<\/span><\/p>\n","protected":false},"featured_media":0,"template":"","meta":{"_monsterinsights_skip_tracking":false,"_monsterinsights_sitenote_active":false,"_monsterinsights_sitenote_note":"","_monsterinsights_sitenote_category":0},"product_brand":[],"product_cat":[12275,12274],"product_tag":[],"class_list":{"0":"post-731338","1":"product","2":"type-product","3":"status-publish","5":"product_cat-6-12-yas-kitaplari","6":"product_cat-cocuk-ve-genclik-kitaplari","7":"pa_cilt-ciltsiz","8":"pa_tur-kitap","9":"pa_yayinevi-genc-timas","10":"pa_yazar-abdullah-harmanci","12":"first","13":"instock","14":"sale","15":"shipping-taxable","16":"purchasable","17":"product-type-simple"},"_links":{"self":[{"href":"https:\/\/roveyayinevi.com.tr\/index.php\/wp-json\/wp\/v2\/product\/731338","targetHints":{"allow":["GET"]}}],"collection":[{"href":"https:\/\/roveyayinevi.com.tr\/index.php\/wp-json\/wp\/v2\/product"}],"about":[{"href":"https:\/\/roveyayinevi.com.tr\/index.php\/wp-json\/wp\/v2\/types\/product"}],"wp:attachment":[{"href":"https:\/\/roveyayinevi.com.tr\/index.php\/wp-json\/wp\/v2\/media?parent=731338"}],"wp:term":[{"taxonomy":"product_brand","embeddable":true,"href":"https:\/\/roveyayinevi.com.tr\/index.php\/wp-json\/wp\/v2\/product_brand?post=731338"},{"taxonomy":"product_cat","embeddable":true,"href":"https:\/\/roveyayinevi.com.tr\/index.php\/wp-json\/wp\/v2\/product_cat?post=731338"},{"taxonomy":"product_tag","embeddable":true,"href":"https:\/\/roveyayinevi.com.tr\/index.php\/wp-json\/wp\/v2\/product_tag?post=731338"}],"curies":[{"name":"wp","href":"https:\/\/api.w.org\/{rel}","templated":true}]}}