{"id":731334,"date":"2025-08-27T21:29:54","date_gmt":"2025-08-27T18:29:54","guid":{"rendered":"https:\/\/roveyayinevi.com.tr\/index.php\/urun\/baraganin-devedikenleri-ciltli\/"},"modified":"2026-04-16T02:39:05","modified_gmt":"2026-04-15T23:39:05","slug":"baraganin-devedikenleri-ciltli","status":"publish","type":"product","link":"https:\/\/roveyayinevi.com.tr\/index.php\/urun\/baraganin-devedikenleri-ciltli\/","title":{"rendered":"Baragan&#8217;\u0131n Devedikenleri (Ciltli)"},"content":{"rendered":"<p>\u201cBalkan edebiyat\u0131n\u0131n Gorki\u2019si\u201d diye bilinen Panait Istrati\u2019nin s\u00fcr\u00fckleyici roman\u0131 Baragan\u2019\u0131n Devedikenleri, ger\u00e7ek hadiselerden ilham al\u0131narak, bir \u00e7ocu\u011fun g\u00f6z\u00fcnden anlat\u0131lan yoksullu\u011fun hik\u00e2yesidir. Istrati, bu roman\u0131nda okuyucuyu Romanya topraklar\u0131na g\u00f6t\u00fcr\u00fcr, Baragan halk\u0131n\u0131n nas\u0131l bir sefalet i\u00e7inde ya\u015fad\u0131\u011f\u0131n\u0131 g\u00f6zler \u00f6n\u00fcne serer ve kitab\u0131n en tesirli taraf\u0131 da \u015fudur ki, o sefalet tablosunu yoksul bir \u00e7ocu\u011fun g\u00f6z\u00fcnden seyrettirir, dilinden dinlettirir. O yoksul \u00e7ocu\u011fun, babas\u0131yla birlikte bal\u0131k satmak i\u00e7in yollara d\u00fc\u015fmesini, uzun ve zorlu bir maceraya girerken babas\u0131na ve o topraklara nas\u0131l bakt\u0131\u011f\u0131n\u0131 okuyucuya en tesirli \u015fekilde anlat\u0131r. Harika hik\u00e2yelerle dolu bu g\u00f6z alabildi\u011fine uzanan sonsuzlu\u011fu ge\u00e7erken s\u0131k s\u0131k, kaval\u0131 d\u0131\u015f\u0131nda hi\u00e7bir \u015feyle ilgilenmeyen babam olacak bu adam\u0131n nas\u0131l biri oldu\u011funu soruyordum kendime? Anam\u0131 bir kez bile \u00f6pt\u00fc\u011f\u00fcn\u00fc g\u00f6rmemi\u015ftim; bana gelince, Lateni\u2019ye geldi\u011fimizden beri beni de pek az ok\u015fam\u0131\u015ft\u0131. Onun hakk\u0131nda bildi\u011fim \u015feyler, beygirimiz hakk\u0131nda bilebildi\u011fim kadard\u0131, hatta belki ondan da daha azd\u0131.Ne\u015feli ve eli t\u00fcfekli biri yan\u0131mda olsa, kendimde tehlikelere meydan okuyan, y\u0131lmak bilmeyen bir haydut y\u00fcre\u011fi bile ke\u015ffedebilirdim. Ama Tanr\u0131m! Hayat\u0131n y\u00fck\u00fc alt\u0131nda ezilmi\u015f bir adam\u0131n yan\u0131nda, ba\u015ftanba\u015fa yi\u011fitlik ve tehlikelerle dolu bir Baragan\u2019la boy \u00f6l\u00e7\u00fc\u015fmek ne kadar h\u00fcz\u00fcn vericiydi!<\/p>\n","protected":false},"excerpt":{"rendered":"<p>\u201cBalkan edebiyat\u0131n\u0131n Gorki\u2019si\u201d diye bilinen Panait Istrati\u2019nin s\u00fcr\u00fckleyici roman\u0131 Baragan\u2019\u0131n Devedikenleri, ger\u00e7ek hadiselerden ilham al\u0131narak, bir \u00e7ocu\u011fun g\u00f6z\u00fcnden anlat\u0131lan yoksullu\u011fun hik\u00e2yesidir. Istrati, bu roman\u0131nda okuyucuyu Romanya<span class=\"excerpt-hellip\"> [\u2026]<\/span><\/p>\n","protected":false},"featured_media":0,"template":"","meta":{"_monsterinsights_skip_tracking":false,"_monsterinsights_sitenote_active":false,"_monsterinsights_sitenote_note":"","_monsterinsights_sitenote_category":0},"product_brand":[],"product_cat":[12291,13872],"product_tag":[],"class_list":{"0":"post-731334","1":"product","2":"type-product","3":"status-publish","5":"product_cat-edebiyat","6":"product_cat-klasikler","7":"pa_cilt-ciltli","8":"pa_tur-kitap","9":"pa_yayinevi-otuken-nesriyat","10":"pa_yazar-panait-istrati","12":"first","13":"instock","14":"sale","15":"shipping-taxable","16":"purchasable","17":"product-type-simple"},"_links":{"self":[{"href":"https:\/\/roveyayinevi.com.tr\/index.php\/wp-json\/wp\/v2\/product\/731334","targetHints":{"allow":["GET"]}}],"collection":[{"href":"https:\/\/roveyayinevi.com.tr\/index.php\/wp-json\/wp\/v2\/product"}],"about":[{"href":"https:\/\/roveyayinevi.com.tr\/index.php\/wp-json\/wp\/v2\/types\/product"}],"wp:attachment":[{"href":"https:\/\/roveyayinevi.com.tr\/index.php\/wp-json\/wp\/v2\/media?parent=731334"}],"wp:term":[{"taxonomy":"product_brand","embeddable":true,"href":"https:\/\/roveyayinevi.com.tr\/index.php\/wp-json\/wp\/v2\/product_brand?post=731334"},{"taxonomy":"product_cat","embeddable":true,"href":"https:\/\/roveyayinevi.com.tr\/index.php\/wp-json\/wp\/v2\/product_cat?post=731334"},{"taxonomy":"product_tag","embeddable":true,"href":"https:\/\/roveyayinevi.com.tr\/index.php\/wp-json\/wp\/v2\/product_tag?post=731334"}],"curies":[{"name":"wp","href":"https:\/\/api.w.org\/{rel}","templated":true}]}}