{"id":731333,"date":"2025-08-27T21:29:53","date_gmt":"2025-08-27T18:29:53","guid":{"rendered":"https:\/\/roveyayinevi.com.tr\/index.php\/urun\/felsefe-bunalimlara-care-midir\/"},"modified":"2026-04-16T02:39:05","modified_gmt":"2026-04-15T23:39:05","slug":"felsefe-bunalimlara-care-midir","status":"publish","type":"product","link":"https:\/\/roveyayinevi.com.tr\/index.php\/urun\/felsefe-bunalimlara-care-midir\/","title":{"rendered":"Felsefe Bunal\u0131mlara \u00c7are Midir?"},"content":{"rendered":"<p>Felsefi dan\u0131\u015fmanl\u0131\u011f\u0131n ve onun, \u201cpsikolojik dan\u0131\u015fmanl\u0131k\u201d ve \u201cpsikoterapi\u201dden ne denli farkl\u0131l\u0131klar\u0131 bulundu\u011funun enine boyuna incelendi\u011fi, dan\u0131\u015fman-dan\u0131\u015fan ili\u015fkilerinin Nermi Uygur \u00f6rne\u011finde ele al\u0131nd\u0131\u011f\u0131 ve psikolojizme hi\u00e7 sapmadan, felsefi dan\u0131\u015fmanl\u0131\u011f\u0131 kendisi yapan\u0131n ne ya da neler oldu\u011funun \u00fczerinde duruldu\u011fu bu \u00e7al\u0131\u015fmada \u0130lker Altunba\u015fak, felsefi dan\u0131\u015fmanl\u0131kla ilgili \u015funlar\u0131 s\u00f6yl\u00fcyor:Avrupa\u2019da seksenli y\u0131llar\u0131n ba\u015f\u0131nda, felsefeyi eskiden oldu\u011fu gibi, s\u0131radan insan\u0131n ya\u015fam d\u00fcnyas\u0131yla tekrar ili\u015fkilendirmeyi hedefleyen yeni bir felsefe yapma tarz\u0131n\u0131n ortaya \u00e7\u0131kt\u0131\u011f\u0131n\u0131 g\u00f6r\u00fcyoruz: Felsefi Dan\u0131\u015fmanl\u0131k. Asl\u0131nda felsefeyi insanla, onun ya\u015fam\u0131yla bulu\u015fturma, bir ba\u015fka deyi\u015fle, felsefe ile hayat\u0131n i\u00e7indeki insan\u0131n dertleri veya kendisine dert edindikleri aras\u0131nda k\u00f6pr\u00fc kurma \u00e7al\u0131\u015fmalar\u0131, felsefi dan\u0131\u015fmanl\u0131ktan daha \u00f6nce uygulamal\u0131 etik (i\u015f eti\u011fi, t\u0131p eti\u011fi vb.)  alan\u0131nda ba\u015flam\u0131\u015ft\u0131. Fakat son 40 y\u0131ld\u0131r felsefeyi insanla yak\u0131nla\u015ft\u0131rma \u00e7abalar\u0131 i\u00e7inde hi\u00e7 ku\u015fkusuz en \u00f6ne \u00e7\u0131kan\u0131, bir\u00e7ok ki\u015fisel s\u0131k\u0131nt\u0131n\u0131n\/sorunun mahiyeti bak\u0131m\u0131ndan \u2018felsefi\u2019 oldu\u011funu varsayan felsefi dan\u0131\u015fmanl\u0131k olmu\u015ftur. Felsefi dan\u0131\u015fmanl\u0131k, ilk kez uygulanmaya ba\u015fland\u0131\u011f\u0131 g\u00fcnlerden itibaren, bireyin her g\u00fcnk\u00fc hayat\u0131nda kar\u015f\u0131la\u015ft\u0131\u011f\u0131 s\u0131k\u0131nt\u0131larla\/sorunlarla ba\u015fa \u00e7\u0131kmas\u0131nda felsefece d\u00fc\u015f\u00fcnmenin katk\u0131s\u0131 olaca\u011f\u0131na inanan felsefi dan\u0131\u015fmanlar taraf\u0131ndan psikolojik dan\u0131\u015fmanl\u0131\u011fa alternatif bir dan\u0131\u015fmanl\u0131k t\u00fcr\u00fc olarak g\u00f6r\u00fclmektedir. <\/p>\n","protected":false},"excerpt":{"rendered":"<p>Felsefi dan\u0131\u015fmanl\u0131\u011f\u0131n ve onun, \u201cpsikolojik dan\u0131\u015fmanl\u0131k\u201d ve \u201cpsikoterapi\u201dden ne denli farkl\u0131l\u0131klar\u0131 bulundu\u011funun enine boyuna incelendi\u011fi, dan\u0131\u015fman-dan\u0131\u015fan ili\u015fkilerinin Nermi Uygur \u00f6rne\u011finde ele al\u0131nd\u0131\u011f\u0131 ve psikolojizme hi\u00e7 sapmadan,<span class=\"excerpt-hellip\"> [\u2026]<\/span><\/p>\n","protected":false},"featured_media":0,"template":"","meta":{"_monsterinsights_skip_tracking":false,"_monsterinsights_sitenote_active":false,"_monsterinsights_sitenote_note":"","_monsterinsights_sitenote_category":0},"product_brand":[],"product_cat":[16038,12388],"product_tag":[],"class_list":{"0":"post-731333","1":"product","2":"type-product","3":"status-publish","5":"product_cat-arastirma-inceleme-referans-felsefe","6":"product_cat-felsefe","7":"pa_cilt-ciltsiz","8":"pa_tur-kitap","9":"pa_yayinevi-otuken-nesriyat","10":"pa_yazar-ilker-altunbasak","12":"first","13":"instock","14":"sale","15":"shipping-taxable","16":"purchasable","17":"product-type-simple"},"_links":{"self":[{"href":"https:\/\/roveyayinevi.com.tr\/index.php\/wp-json\/wp\/v2\/product\/731333","targetHints":{"allow":["GET"]}}],"collection":[{"href":"https:\/\/roveyayinevi.com.tr\/index.php\/wp-json\/wp\/v2\/product"}],"about":[{"href":"https:\/\/roveyayinevi.com.tr\/index.php\/wp-json\/wp\/v2\/types\/product"}],"wp:attachment":[{"href":"https:\/\/roveyayinevi.com.tr\/index.php\/wp-json\/wp\/v2\/media?parent=731333"}],"wp:term":[{"taxonomy":"product_brand","embeddable":true,"href":"https:\/\/roveyayinevi.com.tr\/index.php\/wp-json\/wp\/v2\/product_brand?post=731333"},{"taxonomy":"product_cat","embeddable":true,"href":"https:\/\/roveyayinevi.com.tr\/index.php\/wp-json\/wp\/v2\/product_cat?post=731333"},{"taxonomy":"product_tag","embeddable":true,"href":"https:\/\/roveyayinevi.com.tr\/index.php\/wp-json\/wp\/v2\/product_tag?post=731333"}],"curies":[{"name":"wp","href":"https:\/\/api.w.org\/{rel}","templated":true}]}}