{"id":731332,"date":"2025-08-27T21:29:52","date_gmt":"2025-08-27T18:29:52","guid":{"rendered":"https:\/\/roveyayinevi.com.tr\/index.php\/urun\/deli-kurt-ciltli\/"},"modified":"2026-04-08T02:47:48","modified_gmt":"2026-04-07T23:47:48","slug":"deli-kurt-ciltli","status":"publish","type":"product","link":"https:\/\/roveyayinevi.com.tr\/index.php\/urun\/deli-kurt-ciltli\/","title":{"rendered":"Deli Kurt (Ciltli)"},"content":{"rendered":"<p>\u00abDeli Kurt\u00bb, Osmanl\u0131 tarihinde Y\u0131ld\u0131r\u0131m Bayaz\u0131d&#8217;dan sonra \u00ab\u015eehzadeler Kavgas\u0131\u00bb diye an\u0131lan devrin tarih\u00ee bir roman\u0131d\u0131r. Bir bak\u0131ma g\u00f6re de \u00abBozkurtlar\u00bbda ba\u015flayan Orta Asya&#8217;daki hayat kavgas\u0131n\u0131n yeni vatan Anadolu&#8217;da devam\u0131d\u0131r. \u015eehzadeler aras\u0131nda s\u00fcren ve tafsil\u00e2t\u0131 hen\u00fcz yeterince ayd\u0131nlanmam\u0131\u015f bulunan \u00e7arp\u0131\u015fmada Y\u0131ld\u0131r\u0131m&#8217;\u0131n o\u011fullar\u0131 hayat ve taht m\u00fccadelesinin hem kahramanca, hem \u015fairane, hem de sef\u00eehane bir \u00f6rne\u011fini vermi\u015fler ve birbiri ard\u0131nca hayata veda ederek meydan\u0131 i\u00e7lerinden birisine b\u0131rakm\u0131\u015flard\u0131r. Bunlar aras\u0131nda en talihsizi ve hayat\u0131 en az bilineni \u0130sa \u00c7elebi&#8217;dir. Deli Kurt, \u0130sa \u00c7elebi&#8217;nin me\u00e7hul bir o\u011flunun dram\u0131d\u0131r. Bu dram daha sonraki as\u0131rlarda daha b\u00fcy\u00fck bir \u015fiddetle s\u00fcr\u00fcp gidecek ve y\u00fczlerce \u015fehzadenin hayat\u0131na mal olacakt\u0131r. Romanda g\u00f6r\u00fclen parlak bak\u0131\u015fl\u0131, g\u00f6zlerine bak\u0131lamayan k\u0131z, hayal\u00ee bir tip de\u011fildir. Zaman\u0131m\u0131zda Mu\u011fla k\u00f6ylerinden birinde b\u00f6yle bir k\u0131z ya\u015fam\u0131\u015ft\u0131r ve belki de h\u00e2l\u00e2 ya\u015famaktad\u0131r. Roman yazar\u0131, bu parlak ve b\u00fcy\u00fcl\u00fc bak\u0131\u015flar\u0131 be\u015f y\u00fcz y\u0131l \u00f6ncesine g\u00f6t\u00fcrmekle esere \u00e7e\u015fni vermekten ba\u015fka bir \u015fey yapmam\u0131\u015ft\u0131r.<\/p>\n","protected":false},"excerpt":{"rendered":"<p>\u00abDeli Kurt\u00bb, Osmanl\u0131 tarihinde Y\u0131ld\u0131r\u0131m Bayaz\u0131d&#8217;dan sonra \u00ab\u015eehzadeler Kavgas\u0131\u00bb diye an\u0131lan devrin tarih\u00ee bir roman\u0131d\u0131r. Bir bak\u0131ma g\u00f6re de \u00abBozkurtlar\u00bbda ba\u015flayan Orta Asya&#8217;daki hayat kavgas\u0131n\u0131n yeni<span class=\"excerpt-hellip\"> [\u2026]<\/span><\/p>\n","protected":false},"featured_media":0,"template":"","meta":{"_monsterinsights_skip_tracking":false,"_monsterinsights_sitenote_active":false,"_monsterinsights_sitenote_note":"","_monsterinsights_sitenote_category":0},"product_brand":[],"product_cat":[12291,12711],"product_tag":[],"class_list":{"0":"post-731332","1":"product","2":"type-product","3":"status-publish","5":"product_cat-edebiyat","6":"product_cat-roman-oyku","7":"pa_cilt-ciltli","8":"pa_tur-kitap","9":"pa_yayinevi-otuken-nesriyat","10":"pa_yazar-huseyin-nihal-atsiz","12":"first","13":"instock","14":"sale","15":"shipping-taxable","16":"purchasable","17":"product-type-simple"},"_links":{"self":[{"href":"https:\/\/roveyayinevi.com.tr\/index.php\/wp-json\/wp\/v2\/product\/731332","targetHints":{"allow":["GET"]}}],"collection":[{"href":"https:\/\/roveyayinevi.com.tr\/index.php\/wp-json\/wp\/v2\/product"}],"about":[{"href":"https:\/\/roveyayinevi.com.tr\/index.php\/wp-json\/wp\/v2\/types\/product"}],"wp:attachment":[{"href":"https:\/\/roveyayinevi.com.tr\/index.php\/wp-json\/wp\/v2\/media?parent=731332"}],"wp:term":[{"taxonomy":"product_brand","embeddable":true,"href":"https:\/\/roveyayinevi.com.tr\/index.php\/wp-json\/wp\/v2\/product_brand?post=731332"},{"taxonomy":"product_cat","embeddable":true,"href":"https:\/\/roveyayinevi.com.tr\/index.php\/wp-json\/wp\/v2\/product_cat?post=731332"},{"taxonomy":"product_tag","embeddable":true,"href":"https:\/\/roveyayinevi.com.tr\/index.php\/wp-json\/wp\/v2\/product_tag?post=731332"}],"curies":[{"name":"wp","href":"https:\/\/api.w.org\/{rel}","templated":true}]}}