{"id":731325,"date":"2025-08-27T21:29:46","date_gmt":"2025-08-27T18:29:46","guid":{"rendered":"https:\/\/roveyayinevi.com.tr\/index.php\/urun\/felsefi-mektuplasmalar\/"},"modified":"2026-04-16T02:39:05","modified_gmt":"2026-04-15T23:39:05","slug":"felsefi-mektuplasmalar","status":"publish","type":"product","link":"https:\/\/roveyayinevi.com.tr\/index.php\/urun\/felsefi-mektuplasmalar\/","title":{"rendered":"Felsefi Mektupla\u015fmalar"},"content":{"rendered":"<p>Bu kitap, Immanuel Kant\u2019\u0131n felsefi yaz\u0131\u015fmalar\u0131ndan olu\u015fmaktad\u0131r. Bu mektuplar, Kant\u2019\u0131n hayat\u0131, tutumlar\u0131 ve felsefi fikirlerinin geli\u015fimini g\u00f6zler \u00f6n\u00fcne sermesi a\u00e7\u0131s\u0131ndan olduk\u00e7a \u00f6nemlidir. Kant d\u00fc\u015f\u00fcncesindeki evrimin ilk elden raporlar\u0131d\u0131r bu mektuplar. Taraftarlar\u0131n\u0131n ve has\u0131mlar\u0131n\u0131n ele\u015ftirilerine ve sorular\u0131na verilen yan\u0131tlar, Kant felsefesini anlamam\u0131za y\u00f6nelik paha bi\u00e7ilemez yard\u0131mc\u0131lard\u0131r. Metafizikten teolojiye, matematikten eti\u011fe; k\u0131sacas\u0131 Kant\u2019\u0131n entelekt\u00fcel ilgi alanlar\u0131n\u0131n neredeyse tamam\u0131 bu kitapta tart\u0131\u015f\u0131l\u0131r. Kant\u2019\u0131n ki\u015fili\u011fi ve karakteri, zihinsel ve fiziksel kayg\u0131lar\u0131 yan\u0131nda; Lambert, Mendelssohn, Herz, Schultz, Reinhold, Beck ve Fichte ile yaz\u0131\u015fmalar\u0131nda 18. y\u00fczy\u0131l sonlar\u0131ndaki Kant alg\u0131s\u0131n\u0131 da bizlere sunar.<\/p>\n","protected":false},"excerpt":{"rendered":"<p>Bu kitap, Immanuel Kant\u2019\u0131n felsefi yaz\u0131\u015fmalar\u0131ndan olu\u015fmaktad\u0131r. Bu mektuplar, Kant\u2019\u0131n hayat\u0131, tutumlar\u0131 ve felsefi fikirlerinin geli\u015fimini g\u00f6zler \u00f6n\u00fcne sermesi a\u00e7\u0131s\u0131ndan olduk\u00e7a \u00f6nemlidir. Kant d\u00fc\u015f\u00fcncesindeki evrimin ilk<span class=\"excerpt-hellip\"> [\u2026]<\/span><\/p>\n","protected":false},"featured_media":0,"template":"","meta":{"_monsterinsights_skip_tracking":false,"_monsterinsights_sitenote_active":false,"_monsterinsights_sitenote_note":"","_monsterinsights_sitenote_category":0},"product_brand":[],"product_cat":[12388,13555],"product_tag":[],"class_list":{"0":"post-731325","1":"product","2":"type-product","3":"status-publish","5":"product_cat-felsefe","6":"product_cat-genel-felsefe","7":"pa_cilt-ciltsiz","8":"pa_tur-kitap","9":"pa_yayinevi-fol-kitap","10":"pa_yazar-immanuel-kant","12":"first","13":"instock","14":"sale","15":"shipping-taxable","16":"purchasable","17":"product-type-simple"},"_links":{"self":[{"href":"https:\/\/roveyayinevi.com.tr\/index.php\/wp-json\/wp\/v2\/product\/731325","targetHints":{"allow":["GET"]}}],"collection":[{"href":"https:\/\/roveyayinevi.com.tr\/index.php\/wp-json\/wp\/v2\/product"}],"about":[{"href":"https:\/\/roveyayinevi.com.tr\/index.php\/wp-json\/wp\/v2\/types\/product"}],"wp:attachment":[{"href":"https:\/\/roveyayinevi.com.tr\/index.php\/wp-json\/wp\/v2\/media?parent=731325"}],"wp:term":[{"taxonomy":"product_brand","embeddable":true,"href":"https:\/\/roveyayinevi.com.tr\/index.php\/wp-json\/wp\/v2\/product_brand?post=731325"},{"taxonomy":"product_cat","embeddable":true,"href":"https:\/\/roveyayinevi.com.tr\/index.php\/wp-json\/wp\/v2\/product_cat?post=731325"},{"taxonomy":"product_tag","embeddable":true,"href":"https:\/\/roveyayinevi.com.tr\/index.php\/wp-json\/wp\/v2\/product_tag?post=731325"}],"curies":[{"name":"wp","href":"https:\/\/api.w.org\/{rel}","templated":true}]}}