{"id":731323,"date":"2025-08-27T21:29:44","date_gmt":"2025-08-27T18:29:44","guid":{"rendered":"https:\/\/roveyayinevi.com.tr\/index.php\/urun\/kiyisizlar\/"},"modified":"2026-04-16T02:39:04","modified_gmt":"2026-04-15T23:39:04","slug":"kiyisizlar","status":"publish","type":"product","link":"https:\/\/roveyayinevi.com.tr\/index.php\/urun\/kiyisizlar\/","title":{"rendered":"K\u0131y\u0131s\u0131zlar"},"content":{"rendered":"<p>K\u0131y\u0131s\u0131zlar, Kaybedenlerin ve yaln\u0131zlar\u0131n kitab\u0131d\u0131r. Ve her kaybedenin mutlaka s\u00f6ylemek istedi\u011fi son bir s\u00f6z\u00fc vard\u0131r. \u0130\u015fte o s\u00f6zler, &#8220;Katilime Mektuplar&#8221; olarak yer al\u0131yor kitapta&#8230; Hik\u00e2yeleri okurken, sat\u0131rlar aras\u0131nda bir o yana, bir bu yana savrulacaks\u0131n\u0131z. Katiline \u00e2\u015f\u0131k oldu\u011fu i\u00e7in kaybetmeye mahk\u00fbm olan insanlar\u0131n h\u00fczn\u00fcne, isyan\u0131na, i\u00e7sel sorgular\u0131na, \u00e7eli\u015fkilerine ve nas\u0131l tutunamad\u0131klar\u0131na \u015fahitlik edeceksiniz.Son y\u0131llarda kendine has bir okuyucu kitlesi yarat\u0131p, bu alanda bir fenomen haline gelen Kahraman Tazeo\u011flu, K\u0131y\u0131s\u0131zlar&#8217;la okuyucusuna yeni bir &#8220;Yara&#8221; sunuyor ve \u015f\u00f6yle diyor: &#8220;Kimi yaralar kapan\u0131r &#8216;\u0130zi&#8217; kal\u0131r, kimi yaralar kapan\u0131r &#8216;S\u0131z\u0131&#8217; kal\u0131r.&#8221;\u015eiirleri ve romanlar\u0131yla kalplerinize dokunan Kahraman Tazeo\u011flu, &#8220;K\u0131y\u0131s\u0131zlar\u201d ile sizi yine duygusal bir yolculu\u011fa davet ediyor.<\/p>\n","protected":false},"excerpt":{"rendered":"<p>K\u0131y\u0131s\u0131zlar, Kaybedenlerin ve yaln\u0131zlar\u0131n kitab\u0131d\u0131r. Ve her kaybedenin mutlaka s\u00f6ylemek istedi\u011fi son bir s\u00f6z\u00fc vard\u0131r. \u0130\u015fte o s\u00f6zler, &#8220;Katilime Mektuplar&#8221; olarak yer al\u0131yor kitapta&#8230; Hik\u00e2yeleri okurken,<span class=\"excerpt-hellip\"> [\u2026]<\/span><\/p>\n","protected":false},"featured_media":0,"template":"","meta":{"_monsterinsights_skip_tracking":false,"_monsterinsights_sitenote_active":false,"_monsterinsights_sitenote_note":"","_monsterinsights_sitenote_category":0},"product_brand":[],"product_cat":[12777,12291],"product_tag":[],"class_list":{"0":"post-731323","1":"product","2":"type-product","3":"status-publish","5":"product_cat-deneme","6":"product_cat-edebiyat","7":"pa_cilt-ciltsiz","8":"pa_tur-kitap","9":"pa_yayinevi-yediveren-yayinlari","10":"pa_yazar-kahraman-tazeoglu","12":"first","13":"instock","14":"sale","15":"shipping-taxable","16":"purchasable","17":"product-type-simple"},"_links":{"self":[{"href":"https:\/\/roveyayinevi.com.tr\/index.php\/wp-json\/wp\/v2\/product\/731323","targetHints":{"allow":["GET"]}}],"collection":[{"href":"https:\/\/roveyayinevi.com.tr\/index.php\/wp-json\/wp\/v2\/product"}],"about":[{"href":"https:\/\/roveyayinevi.com.tr\/index.php\/wp-json\/wp\/v2\/types\/product"}],"wp:attachment":[{"href":"https:\/\/roveyayinevi.com.tr\/index.php\/wp-json\/wp\/v2\/media?parent=731323"}],"wp:term":[{"taxonomy":"product_brand","embeddable":true,"href":"https:\/\/roveyayinevi.com.tr\/index.php\/wp-json\/wp\/v2\/product_brand?post=731323"},{"taxonomy":"product_cat","embeddable":true,"href":"https:\/\/roveyayinevi.com.tr\/index.php\/wp-json\/wp\/v2\/product_cat?post=731323"},{"taxonomy":"product_tag","embeddable":true,"href":"https:\/\/roveyayinevi.com.tr\/index.php\/wp-json\/wp\/v2\/product_tag?post=731323"}],"curies":[{"name":"wp","href":"https:\/\/api.w.org\/{rel}","templated":true}]}}