{"id":731322,"date":"2025-08-27T21:29:43","date_gmt":"2025-08-27T18:29:43","guid":{"rendered":"https:\/\/roveyayinevi.com.tr\/index.php\/urun\/kayip-yuzyilin-prensesi\/"},"modified":"2026-04-16T02:39:04","modified_gmt":"2026-04-15T23:39:04","slug":"kayip-yuzyilin-prensesi","status":"publish","type":"product","link":"https:\/\/roveyayinevi.com.tr\/index.php\/urun\/kayip-yuzyilin-prensesi\/","title":{"rendered":"Kay\u0131p Y\u00fczy\u0131l\u0131n Prensesi"},"content":{"rendered":"<p>Sen bana neleri \u00f6\u011fretti\u011fini biliyor musun?\u0130nsan\u0131n terk edildi\u011finde de\u011fil, unutuldu\u011funda yaln\u0131zla\u015ft\u0131\u011f\u0131n\u0131 ve unutulman\u0131n insano\u011fluna verilmi\u015f en b\u00fcy\u00fck ceza oldu\u011funu\u2026 insan\u0131 as\u0131l yaln\u0131zla\u015ft\u0131ran\u0131n, uza\u011f\u0131ndayken unutulmak de\u011fil, yak\u0131n\u0131ndayken hat\u0131rlanmamak oldu\u011funu\u2026Sen bana neleri \u00f6\u011fretti\u011fini biliyor musun?Ba\u015fkalar\u0131n\u0131n g\u00f6zlerindeki \u0131\u015f\u0131\u011f\u0131 g\u00f6rebilmemiz i\u00e7in, \u00f6nce kendi g\u00f6zlerimizdeki karanl\u0131\u011f\u0131 ayd\u0131nlatmam\u0131z gerekti\u011fini. \u00d6n yarg\u0131lar\u0131n insan ruhunun fel\u00e7li yan\u0131 oldu\u011funu. En \u00e7ok \u00f6nyarg\u0131 sahibi insanlar\u0131n, \u201cbenim kesinlikle \u00f6nyarg\u0131lar\u0131m yoktur!\u201d diyen insanlar oldu\u011funu\u2026 yan\u0131lg\u0131, yenilgi ve pi\u015fmanl\u0131k do\u011furdu\u011funu\u2026 \u00f6zg\u00fcn d\u00fc\u015f\u00fcnceye pranga vurdu\u011funu\u2026 insan\u0131n kendinden ne kadar eminse, yan\u0131lmaya da o kadar yatk\u0131n oldu\u011funu ve insanlar\u0131 yarg\u0131laman\u0131n, onlar\u0131 sevmeye engel oldu\u011funu\u2026Ama en \u00e7ok; insan\u0131n, tanr\u0131n\u0131n kendisine bah\u015fetti\u011fi m\u00fckemmelli\u011fi bozmayacak kadar m\u00fckemmel olmad\u0131\u011f\u0131n\u0131 \u00f6\u011frettin\u2026R\u00fcyalar\u0131nda ve masallar\u0131nda ba\u015fka ba\u015fka hayal d\u00fcnyalar\u0131n\u0131n tad\u0131n\u0131 \u00e7\u0131karanlar, bunun bedelini uyand\u0131klar\u0131nda hala ayn\u0131 d\u00fcnyada olman\u0131n tahamm\u00fcl edilemez hafifli\u011fi ile \u00f6der.Te\u015fekk\u00fcrler Darcy\u2026Prensesli\u011fimi, bana kendi masal\u0131mdan anlatt\u0131\u011f\u0131n i\u00e7in\u2026\u015eiirleri ve romanlar\u0131yla kalplerinize dokunan Kahraman Tazeo\u011flu, &#8220;Kay\u0131p Y\u00fczy\u0131l\u0131n Prensesi&#8221; ile sizi yine duygusal bir yolculu\u011fa davet ediyor.<\/p>\n","protected":false},"excerpt":{"rendered":"<p>Sen bana neleri \u00f6\u011fretti\u011fini biliyor musun?\u0130nsan\u0131n terk edildi\u011finde de\u011fil, unutuldu\u011funda yaln\u0131zla\u015ft\u0131\u011f\u0131n\u0131 ve unutulman\u0131n insano\u011fluna verilmi\u015f en b\u00fcy\u00fck ceza oldu\u011funu\u2026 insan\u0131 as\u0131l yaln\u0131zla\u015ft\u0131ran\u0131n, uza\u011f\u0131ndayken unutulmak de\u011fil, yak\u0131n\u0131ndayken<span class=\"excerpt-hellip\"> [\u2026]<\/span><\/p>\n","protected":false},"featured_media":0,"template":"","meta":{"_monsterinsights_skip_tracking":false,"_monsterinsights_sitenote_active":false,"_monsterinsights_sitenote_note":"","_monsterinsights_sitenote_category":0},"product_brand":[],"product_cat":[12291,12711],"product_tag":[],"class_list":{"0":"post-731322","1":"product","2":"type-product","3":"status-publish","5":"product_cat-edebiyat","6":"product_cat-roman-oyku","7":"pa_cilt-ciltsiz","8":"pa_tur-kitap","9":"pa_yayinevi-yediveren-yayinlari","10":"pa_yazar-kahraman-tazeoglu","12":"first","13":"instock","14":"sale","15":"shipping-taxable","16":"purchasable","17":"product-type-simple"},"_links":{"self":[{"href":"https:\/\/roveyayinevi.com.tr\/index.php\/wp-json\/wp\/v2\/product\/731322","targetHints":{"allow":["GET"]}}],"collection":[{"href":"https:\/\/roveyayinevi.com.tr\/index.php\/wp-json\/wp\/v2\/product"}],"about":[{"href":"https:\/\/roveyayinevi.com.tr\/index.php\/wp-json\/wp\/v2\/types\/product"}],"wp:attachment":[{"href":"https:\/\/roveyayinevi.com.tr\/index.php\/wp-json\/wp\/v2\/media?parent=731322"}],"wp:term":[{"taxonomy":"product_brand","embeddable":true,"href":"https:\/\/roveyayinevi.com.tr\/index.php\/wp-json\/wp\/v2\/product_brand?post=731322"},{"taxonomy":"product_cat","embeddable":true,"href":"https:\/\/roveyayinevi.com.tr\/index.php\/wp-json\/wp\/v2\/product_cat?post=731322"},{"taxonomy":"product_tag","embeddable":true,"href":"https:\/\/roveyayinevi.com.tr\/index.php\/wp-json\/wp\/v2\/product_tag?post=731322"}],"curies":[{"name":"wp","href":"https:\/\/api.w.org\/{rel}","templated":true}]}}