{"id":731321,"date":"2025-08-27T21:29:42","date_gmt":"2025-08-27T18:29:42","guid":{"rendered":"https:\/\/roveyayinevi.com.tr\/index.php\/urun\/yeni-baslayanlar-icin-din-felsefesi\/"},"modified":"2026-04-16T02:39:04","modified_gmt":"2026-04-15T23:39:04","slug":"yeni-baslayanlar-icin-din-felsefesi","status":"publish","type":"product","link":"https:\/\/roveyayinevi.com.tr\/index.php\/urun\/yeni-baslayanlar-icin-din-felsefesi\/","title":{"rendered":"Yeni Ba\u015flayanlar \u0130\u00e7in Din Felsefesi"},"content":{"rendered":"<p>D\u00fc\u015f\u00fcnce tarihinde ba\u011f\u0131ms\u0131z bir disiplin olarak din felsefesi 19. y\u00fczy\u0131lda ortaya \u00e7\u0131km\u0131\u015ft\u0131r. \u00dclkemizde din felsefesinin ortaya \u00e7\u0131k\u0131\u015f\u0131 ise \u00e7ok yak\u0131n bir zaman olan II. Me\u015frutiyetle ba\u015flam\u0131\u015ft\u0131r. Bu kitap, din felsefesini daha selis bir dille ifade etmek amac\u0131yla kaleme al\u0131nd\u0131. \u00d6zellikle birden fazla yazar\u0131n ele alm\u0131\u015f oldu\u011fu b\u00f6l\u00fcmlerden olu\u015fan kitaplarda birden fazla akademik dilin kullan\u0131lmas\u0131, konular\u0131n makale format\u0131nda i\u015flenmesi alana yeni ba\u015flayanlar\u0131n din felsefesine kar\u015f\u0131 ilgisini azaltmaktad\u0131r. Bu eser, yazar\u0131n y\u0131llard\u0131r verdi\u011fi din felsefesi derslerindeki birikiminin bir \u00f6z\u00fcd\u00fcr. Derslerde sorulan sorulardan hareketle olu\u015fturulan notlarla bu eser meydana geldi.<\/p>\n","protected":false},"excerpt":{"rendered":"<p>D\u00fc\u015f\u00fcnce tarihinde ba\u011f\u0131ms\u0131z bir disiplin olarak din felsefesi 19. y\u00fczy\u0131lda ortaya \u00e7\u0131km\u0131\u015ft\u0131r. \u00dclkemizde din felsefesinin ortaya \u00e7\u0131k\u0131\u015f\u0131 ise \u00e7ok yak\u0131n bir zaman olan II. Me\u015frutiyetle ba\u015flam\u0131\u015ft\u0131r.<span class=\"excerpt-hellip\"> [\u2026]<\/span><\/p>\n","protected":false},"featured_media":0,"template":"","meta":{"_monsterinsights_skip_tracking":false,"_monsterinsights_sitenote_active":false,"_monsterinsights_sitenote_note":"","_monsterinsights_sitenote_category":0},"product_brand":[],"product_cat":[19998,12388],"product_tag":[],"class_list":{"0":"post-731321","1":"product","2":"type-product","3":"status-publish","5":"product_cat-din-felsefesi","6":"product_cat-felsefe","7":"pa_cilt-ciltsiz","8":"pa_tur-kitap","9":"pa_yayinevi-otto-yayinlari","10":"pa_yazar-ismail-simsek","12":"first","13":"instock","14":"sale","15":"shipping-taxable","16":"purchasable","17":"product-type-simple"},"_links":{"self":[{"href":"https:\/\/roveyayinevi.com.tr\/index.php\/wp-json\/wp\/v2\/product\/731321","targetHints":{"allow":["GET"]}}],"collection":[{"href":"https:\/\/roveyayinevi.com.tr\/index.php\/wp-json\/wp\/v2\/product"}],"about":[{"href":"https:\/\/roveyayinevi.com.tr\/index.php\/wp-json\/wp\/v2\/types\/product"}],"wp:attachment":[{"href":"https:\/\/roveyayinevi.com.tr\/index.php\/wp-json\/wp\/v2\/media?parent=731321"}],"wp:term":[{"taxonomy":"product_brand","embeddable":true,"href":"https:\/\/roveyayinevi.com.tr\/index.php\/wp-json\/wp\/v2\/product_brand?post=731321"},{"taxonomy":"product_cat","embeddable":true,"href":"https:\/\/roveyayinevi.com.tr\/index.php\/wp-json\/wp\/v2\/product_cat?post=731321"},{"taxonomy":"product_tag","embeddable":true,"href":"https:\/\/roveyayinevi.com.tr\/index.php\/wp-json\/wp\/v2\/product_tag?post=731321"}],"curies":[{"name":"wp","href":"https:\/\/api.w.org\/{rel}","templated":true}]}}