{"id":731320,"date":"2025-08-27T21:29:41","date_gmt":"2025-08-27T18:29:41","guid":{"rendered":"https:\/\/roveyayinevi.com.tr\/index.php\/urun\/intikam\/"},"modified":"2026-04-16T02:39:04","modified_gmt":"2026-04-15T23:39:04","slug":"intikam","status":"publish","type":"product","link":"https:\/\/roveyayinevi.com.tr\/index.php\/urun\/intikam\/","title":{"rendered":"\u0130ntikam"},"content":{"rendered":"<p>\u00d6l\u00fcm\u00fc hak etmeyen masum ve temiz insanlar\u0131n ruhlar\u0131, \u015f\u00fcphesiz ki bir g\u00fcn ayn\u0131 kaderi ya\u015fayan masum insanlar\u0131n bedeninde can bulacakt\u0131r. \u0130lahi adaletin \u00e7arklar\u0131 i\u015fte o vakit d\u00f6nmeye ba\u015flayacakt\u0131r.Tabiattaki hi\u00e7bir varl\u0131\u011f\u0131n g\u00fcc\u00fc o \u00e7ark\u0131 durdurmaya yetmeyecektir. \u00c7\u00fcnk\u00fc kader, g\u00f6r\u00fcnmez bir el taraf\u0131ndan yeniden yaz\u0131lacakt\u0131r. Ve iyilerin intikam\u0131, k\u00f6t\u00fclerin g\u00fcnah\u0131ndan daha ac\u0131mas\u0131z olacakt\u0131r.Bedel yoksa hak yerini bulmaz.\u015eiirleri ve romanlar\u0131yla kalplerinize dokunan Kahraman Tazeo\u011flu, &#8220;\u0130ntikam&#8221; ile sizi yine duygusal bir yolculu\u011fa davet ediyor.<\/p>\n","protected":false},"excerpt":{"rendered":"<p>\u00d6l\u00fcm\u00fc hak etmeyen masum ve temiz insanlar\u0131n ruhlar\u0131, \u015f\u00fcphesiz ki bir g\u00fcn ayn\u0131 kaderi ya\u015fayan masum insanlar\u0131n bedeninde can bulacakt\u0131r. \u0130lahi adaletin \u00e7arklar\u0131 i\u015fte o vakit<span class=\"excerpt-hellip\"> [\u2026]<\/span><\/p>\n","protected":false},"featured_media":0,"template":"","meta":{"_monsterinsights_skip_tracking":false,"_monsterinsights_sitenote_active":false,"_monsterinsights_sitenote_note":"","_monsterinsights_sitenote_category":0},"product_brand":[],"product_cat":[12291,12711],"product_tag":[],"class_list":{"0":"post-731320","1":"product","2":"type-product","3":"status-publish","5":"product_cat-edebiyat","6":"product_cat-roman-oyku","7":"pa_cilt-ciltsiz","8":"pa_tur-kitap","9":"pa_yayinevi-yediveren-yayinlari","10":"pa_yazar-kahraman-tazeoglu","12":"first","13":"instock","14":"sale","15":"shipping-taxable","16":"purchasable","17":"product-type-simple"},"_links":{"self":[{"href":"https:\/\/roveyayinevi.com.tr\/index.php\/wp-json\/wp\/v2\/product\/731320","targetHints":{"allow":["GET"]}}],"collection":[{"href":"https:\/\/roveyayinevi.com.tr\/index.php\/wp-json\/wp\/v2\/product"}],"about":[{"href":"https:\/\/roveyayinevi.com.tr\/index.php\/wp-json\/wp\/v2\/types\/product"}],"wp:attachment":[{"href":"https:\/\/roveyayinevi.com.tr\/index.php\/wp-json\/wp\/v2\/media?parent=731320"}],"wp:term":[{"taxonomy":"product_brand","embeddable":true,"href":"https:\/\/roveyayinevi.com.tr\/index.php\/wp-json\/wp\/v2\/product_brand?post=731320"},{"taxonomy":"product_cat","embeddable":true,"href":"https:\/\/roveyayinevi.com.tr\/index.php\/wp-json\/wp\/v2\/product_cat?post=731320"},{"taxonomy":"product_tag","embeddable":true,"href":"https:\/\/roveyayinevi.com.tr\/index.php\/wp-json\/wp\/v2\/product_tag?post=731320"}],"curies":[{"name":"wp","href":"https:\/\/api.w.org\/{rel}","templated":true}]}}