{"id":731319,"date":"2025-08-27T21:29:40","date_gmt":"2025-08-27T18:29:40","guid":{"rendered":"https:\/\/roveyayinevi.com.tr\/index.php\/urun\/server-tanilli\/"},"modified":"2026-04-16T02:39:04","modified_gmt":"2026-04-15T23:39:04","slug":"server-tanilli","status":"publish","type":"product","link":"https:\/\/roveyayinevi.com.tr\/index.php\/urun\/server-tanilli\/","title":{"rendered":"Server Tanilli"},"content":{"rendered":"<p>Tarih s\u00fcrekliliktir ama yeniyi, de\u011fi\u015fmeyi, daha ileri ad\u0131mlar\u0131 da i\u00e7inde bar\u0131nd\u0131r\u0131r; zaman zaman yol a\u011f\u0131zlar\u0131nda sert ve ani d\u00f6n\u00fc\u015flere de tan\u0131kl\u0131k eder; \u00f6yle olmasa ma\u011fara d\u00f6neminden \u00e7\u0131k\u0131p bug\u00fcnlere gelemezdik. B\u00f6ylece gelecek, bug\u00fcnk\u00fcnden -hi\u00e7 ku\u015fkusuz- daha ilerde olacak. Bunun i\u00e7in de insan akl\u0131na ve eme\u011fine, onlardan yana g\u00fc\u00e7lere g\u00fcvenmeliyiz. Tarih, bu g\u00fcveni a\u015f\u0131l\u0131yor bize; onu yitirmek, kap\u0131lar\u0131 k\u00f6r ve karanl\u0131k g\u00fc\u00e7lere a\u00e7mak demek olur. Onlar bug\u00fcn de vard\u0131r ve her \u015feyden \u00f6nce de umudun d\u00fc\u015fman\u0131d\u0131rlar. Umudumuzu koruyal\u0131m ve bah\u00e7emizi i\u015flemeye bakal\u0131m.\u201d -Server Tanilli- \u201cE\u011fer umutsuzluk benli\u011finizi sararsa, Tanilli\u2019ye bak\u0131n, (bir) kitab\u0131n\u0131 al\u0131n, okuyun. Umut \u00e7i\u00e7e\u011fi a\u00e7ar y\u00fcre\u011finizde.\u201d -\u0130lhan Sel\u00e7uk- \u00d6ner Ya\u011fc\u0131, yurdumuzda ayd\u0131nlanma ve emek m\u00fccadelesine akl\u0131yla omuz veren Cumhuriyet ayd\u0131nlar\u0131n\u0131 inceledi\u011fi dizisinde bu kez Server Tanilli\u2019yi ya\u015fam\u0131, d\u00fc\u015f\u00fcnceleri ve yap\u0131tlar\u0131yla kaleme al\u0131yor.   <\/p>\n","protected":false},"excerpt":{"rendered":"<p>Tarih s\u00fcrekliliktir ama yeniyi, de\u011fi\u015fmeyi, daha ileri ad\u0131mlar\u0131 da i\u00e7inde bar\u0131nd\u0131r\u0131r; zaman zaman yol a\u011f\u0131zlar\u0131nda sert ve ani d\u00f6n\u00fc\u015flere de tan\u0131kl\u0131k eder; \u00f6yle olmasa ma\u011fara d\u00f6neminden<span class=\"excerpt-hellip\"> [\u2026]<\/span><\/p>\n","protected":false},"featured_media":0,"template":"","meta":{"_monsterinsights_skip_tracking":false,"_monsterinsights_sitenote_active":false,"_monsterinsights_sitenote_note":"","_monsterinsights_sitenote_category":0},"product_brand":[],"product_cat":[16038,12388],"product_tag":[],"class_list":{"0":"post-731319","1":"product","2":"type-product","3":"status-publish","5":"product_cat-arastirma-inceleme-referans-felsefe","6":"product_cat-felsefe","7":"pa_cilt-ciltsiz","8":"pa_tur-kitap","9":"pa_yayinevi-telgrafhane-yayinlari","10":"pa_yazar-oner-yagci","12":"first","13":"instock","14":"sale","15":"shipping-taxable","16":"purchasable","17":"product-type-simple"},"_links":{"self":[{"href":"https:\/\/roveyayinevi.com.tr\/index.php\/wp-json\/wp\/v2\/product\/731319","targetHints":{"allow":["GET"]}}],"collection":[{"href":"https:\/\/roveyayinevi.com.tr\/index.php\/wp-json\/wp\/v2\/product"}],"about":[{"href":"https:\/\/roveyayinevi.com.tr\/index.php\/wp-json\/wp\/v2\/types\/product"}],"wp:attachment":[{"href":"https:\/\/roveyayinevi.com.tr\/index.php\/wp-json\/wp\/v2\/media?parent=731319"}],"wp:term":[{"taxonomy":"product_brand","embeddable":true,"href":"https:\/\/roveyayinevi.com.tr\/index.php\/wp-json\/wp\/v2\/product_brand?post=731319"},{"taxonomy":"product_cat","embeddable":true,"href":"https:\/\/roveyayinevi.com.tr\/index.php\/wp-json\/wp\/v2\/product_cat?post=731319"},{"taxonomy":"product_tag","embeddable":true,"href":"https:\/\/roveyayinevi.com.tr\/index.php\/wp-json\/wp\/v2\/product_tag?post=731319"}],"curies":[{"name":"wp","href":"https:\/\/api.w.org\/{rel}","templated":true}]}}