{"id":731318,"date":"2025-08-27T21:29:39","date_gmt":"2025-08-27T18:29:39","guid":{"rendered":"https:\/\/roveyayinevi.com.tr\/index.php\/urun\/insanlari-uyandirmak\/"},"modified":"2026-04-16T02:39:04","modified_gmt":"2026-04-15T23:39:04","slug":"insanlari-uyandirmak","status":"publish","type":"product","link":"https:\/\/roveyayinevi.com.tr\/index.php\/urun\/insanlari-uyandirmak\/","title":{"rendered":"\u0130nsanlar\u0131 Uyand\u0131rmak"},"content":{"rendered":"<p>Bu kitapta, \u015fiirimizin b\u00fcy\u00fck ustas\u0131 Orhan Veli Kan\u0131k\u2019\u0131n d\u00fcnya g\u00f6r\u00fc\u015f\u00fcn\u00fc ayd\u0131nlatan toplumsal i\u00e7erikli yaz\u0131lar\u0131, ilk kez tek bir ba\u015fl\u0131kta toplanmakta; \u00f6zellikle d\u00f6nemin g\u00fcncel politik konular\u0131na bak\u0131\u015f\u0131, Cumhuriyet Devrimi\u2019ne yakla\u015f\u0131m\u0131 ve insanl\u0131\u011f\u0131n gelece\u011fine dair d\u00fc\u015f\u00fcnceleri yer almaktad\u0131r. \u201cBizi sol mu san\u0131yorsunuz? Evet soluz. Ama sol ne demektir? Memleketin k\u00f6t\u00fcl\u00fc\u011f\u00fcn\u00fc isteyen insan m\u0131 demektir? Hay\u0131r! Olsa olsa, memleketin de b\u00fct\u00fcn insanl\u0131kla beraber, daha ileriye gitmesini isteyen insan demektir. Memleket olsun, insanl\u0131k olsun, ileriye, ileri fikirlere inanmak, o fikirleri savunmakla gider. Her memleketini seven ki\u015fi, her memleketini seven kurum bu i\u015fe kar\u0131\u015fmak, bu yolda sava\u015fmak zorundad\u0131r. Sava\u015f\u0131lacak \u015feylerin ba\u015f\u0131nda, s\u00f6z temsili yobazl\u0131klar gelir. Yobazl\u0131k da t\u00fcrl\u00fc t\u00fcrl\u00fc. Dindeki yobazl\u0131k var, dildeki yobazl\u0131k var, toplum anlay\u0131\u015f\u0131ndaki, millet anlay\u0131\u015f\u0131ndaki yobazl\u0131k var. \u0130leri olmak i\u00e7in, sol olmak i\u00e7in, bu yobazl\u0131klar\u0131n topuyla sava\u015fmak gerek. Yaprak da ne yap\u0131yor zaten? G\u00f6rd\u00fc\u011f\u00fc i\u015flerin ba\u015f\u0131nda bu i\u015f, bu sava\u015f gelmiyor mu? Bunun da memleketi daha ileriye g\u00f6t\u00fcrmek kayg\u0131s\u0131ndan ba\u015fka bir dayana\u011f\u0131 var m\u0131? Soluz dedim ama sollu\u011fu bir ba\u015fka y\u00f6nden kabullendim; siz acaba ne d\u00fc\u015f\u00fcnd\u00fcn\u00fcz de sollu\u011fu bize lay\u0131k g\u00f6rd\u00fcn\u00fcz? Haks\u0131zl\u0131\u011fa u\u011fram\u0131\u015f insanlar\u0131n hakl\u0131 \u00e7\u0131kmalar\u0131n\u0131 istedi\u011fimiz i\u00e7in mi? S\u0131k\u0131nt\u0131 i\u00e7inde ya\u015fayan k\u00f6yl\u00fcm\u00fcz\u00fcn kalk\u0131nd\u0131r\u0131lmas\u0131n\u0131, ayd\u0131nl\u0131\u011fa ula\u015ft\u0131r\u0131lmas\u0131n\u0131 istedi\u011fimiz i\u00e7in mi? Sanat\u0131m\u0131zla, halka olsun, millete olsun, biraz daha faydal\u0131 olmaya \u00e7al\u0131\u015ft\u0131\u011f\u0131m\u0131z i\u00e7in mi?\u201d -Orhan Veli- <\/p>\n","protected":false},"excerpt":{"rendered":"<p>Bu kitapta, \u015fiirimizin b\u00fcy\u00fck ustas\u0131 Orhan Veli Kan\u0131k\u2019\u0131n d\u00fcnya g\u00f6r\u00fc\u015f\u00fcn\u00fc ayd\u0131nlatan toplumsal i\u00e7erikli yaz\u0131lar\u0131, ilk kez tek bir ba\u015fl\u0131kta toplanmakta; \u00f6zellikle d\u00f6nemin g\u00fcncel politik konular\u0131na bak\u0131\u015f\u0131,<span class=\"excerpt-hellip\"> [\u2026]<\/span><\/p>\n","protected":false},"featured_media":0,"template":"","meta":{"_monsterinsights_skip_tracking":false,"_monsterinsights_sitenote_active":false,"_monsterinsights_sitenote_note":"","_monsterinsights_sitenote_category":0},"product_brand":[],"product_cat":[12777,12291],"product_tag":[],"class_list":{"0":"post-731318","1":"product","2":"type-product","3":"status-publish","5":"product_cat-deneme","6":"product_cat-edebiyat","7":"pa_cilt-ciltsiz","8":"pa_tur-kitap","9":"pa_yayinevi-telgrafhane-yayinlari","10":"pa_yazar-orhan-veli-kanik","12":"first","13":"instock","14":"sale","15":"shipping-taxable","16":"purchasable","17":"product-type-simple"},"_links":{"self":[{"href":"https:\/\/roveyayinevi.com.tr\/index.php\/wp-json\/wp\/v2\/product\/731318","targetHints":{"allow":["GET"]}}],"collection":[{"href":"https:\/\/roveyayinevi.com.tr\/index.php\/wp-json\/wp\/v2\/product"}],"about":[{"href":"https:\/\/roveyayinevi.com.tr\/index.php\/wp-json\/wp\/v2\/types\/product"}],"wp:attachment":[{"href":"https:\/\/roveyayinevi.com.tr\/index.php\/wp-json\/wp\/v2\/media?parent=731318"}],"wp:term":[{"taxonomy":"product_brand","embeddable":true,"href":"https:\/\/roveyayinevi.com.tr\/index.php\/wp-json\/wp\/v2\/product_brand?post=731318"},{"taxonomy":"product_cat","embeddable":true,"href":"https:\/\/roveyayinevi.com.tr\/index.php\/wp-json\/wp\/v2\/product_cat?post=731318"},{"taxonomy":"product_tag","embeddable":true,"href":"https:\/\/roveyayinevi.com.tr\/index.php\/wp-json\/wp\/v2\/product_tag?post=731318"}],"curies":[{"name":"wp","href":"https:\/\/api.w.org\/{rel}","templated":true}]}}