{"id":731317,"date":"2025-08-27T21:29:38","date_gmt":"2025-08-27T18:29:38","guid":{"rendered":"https:\/\/roveyayinevi.com.tr\/index.php\/urun\/baska\/"},"modified":"2026-04-16T02:39:04","modified_gmt":"2026-04-15T23:39:04","slug":"baska","status":"publish","type":"product","link":"https:\/\/roveyayinevi.com.tr\/index.php\/urun\/baska\/","title":{"rendered":"Ba\u015fka"},"content":{"rendered":"<p>Yava\u015f\u00e7a aya\u011fa kalkt\u0131. Gidiyordu i\u015fte. Ard\u0131 yapacakt\u0131 beni. Sildim g\u00f6z ya\u015f\u0131m\u0131 kalkt\u0131m aya\u011fa. Her soruyu anlama \u00e7eviren g\u00f6zleriyle sustu. Bana ac\u0131yarak bak\u0131yordu. Noktas\u0131 \u00e7al\u0131nm\u0131\u015f c\u00fcmle sonum durdu \u00f6ylece. &#8220;Sana birbirinden g\u00fczel yaln\u0131zl\u0131klar biriktirdim.&#8221; der gibiydi. Dudaklar\u0131 k\u0131p\u0131rdad\u0131, inler gibi, &#8220;\u00e7ok \u00e7ocuk kald\u0131n a\u015fka, kendi g\u00f6lgesine basmaktan korkan&#8230;&#8221; diyebildi sadece.\u0130\u015fte gidiyordu. Bir daha hi\u00e7 d\u00f6nmeyecekti. Bir daha hi\u00e7 olmayacakt\u0131. Sadece bir &#8220;gitme&#8221; \u00e7\u0131kabildi dudaklar\u0131mdan. Y\u00fcz\u00fcme bakt\u0131 ve &#8220;art\u0131k s\u00f6zlerin merheme yara olmaya ba\u015flam\u0131\u015fsa, i\u00e7imdeki seni sus, i\u00e7indeki beni duy.&#8221; dedi ve s\u0131rt\u0131ndaki ceketimi bank\u0131n \u00fczerine b\u0131rakarak y\u00fcr\u00fcmeye ba\u015flad\u0131. Son s\u00f6zleri bunlar olmamal\u0131yd\u0131! Arkas\u0131ndan &#8220;beni hi\u00e7 almad\u0131\u011f\u0131n hayat\u0131ndan b\u00f6yle ucuz kovamazs\u0131n!&#8221; diye ba\u011f\u0131rd\u0131m. Geriye d\u00f6nd\u00fc ve &#8220;davet edilmedi\u011fin yerden kovulmazs\u0131n.&#8221; dedi. Son s\u00f6z\u00fcyd\u00fc. Gitti&#8230;\u015eiirleri ve romanlar\u0131yla kalplerinize dokunan Kahraman Tazeo\u011flu, &#8220;Ba\u015fka&#8221; ile sizi yine duygusal bir yolculu\u011fa davet ediyor.<\/p>\n","protected":false},"excerpt":{"rendered":"<p>Yava\u015f\u00e7a aya\u011fa kalkt\u0131. Gidiyordu i\u015fte. Ard\u0131 yapacakt\u0131 beni. Sildim g\u00f6z ya\u015f\u0131m\u0131 kalkt\u0131m aya\u011fa. Her soruyu anlama \u00e7eviren g\u00f6zleriyle sustu. Bana ac\u0131yarak bak\u0131yordu. Noktas\u0131 \u00e7al\u0131nm\u0131\u015f c\u00fcmle sonum<span class=\"excerpt-hellip\"> [\u2026]<\/span><\/p>\n","protected":false},"featured_media":0,"template":"","meta":{"_monsterinsights_skip_tracking":false,"_monsterinsights_sitenote_active":false,"_monsterinsights_sitenote_note":"","_monsterinsights_sitenote_category":0},"product_brand":[],"product_cat":[12291,12711],"product_tag":[],"class_list":{"0":"post-731317","1":"product","2":"type-product","3":"status-publish","5":"product_cat-edebiyat","6":"product_cat-roman-oyku","7":"pa_cilt-ciltsiz","8":"pa_tur-kitap","9":"pa_yayinevi-yediveren-yayinlari","10":"pa_yazar-kahraman-tazeoglu","12":"first","13":"instock","14":"sale","15":"shipping-taxable","16":"purchasable","17":"product-type-simple"},"_links":{"self":[{"href":"https:\/\/roveyayinevi.com.tr\/index.php\/wp-json\/wp\/v2\/product\/731317","targetHints":{"allow":["GET"]}}],"collection":[{"href":"https:\/\/roveyayinevi.com.tr\/index.php\/wp-json\/wp\/v2\/product"}],"about":[{"href":"https:\/\/roveyayinevi.com.tr\/index.php\/wp-json\/wp\/v2\/types\/product"}],"wp:attachment":[{"href":"https:\/\/roveyayinevi.com.tr\/index.php\/wp-json\/wp\/v2\/media?parent=731317"}],"wp:term":[{"taxonomy":"product_brand","embeddable":true,"href":"https:\/\/roveyayinevi.com.tr\/index.php\/wp-json\/wp\/v2\/product_brand?post=731317"},{"taxonomy":"product_cat","embeddable":true,"href":"https:\/\/roveyayinevi.com.tr\/index.php\/wp-json\/wp\/v2\/product_cat?post=731317"},{"taxonomy":"product_tag","embeddable":true,"href":"https:\/\/roveyayinevi.com.tr\/index.php\/wp-json\/wp\/v2\/product_tag?post=731317"}],"curies":[{"name":"wp","href":"https:\/\/api.w.org\/{rel}","templated":true}]}}