{"id":731316,"date":"2025-08-27T21:29:37","date_gmt":"2025-08-27T18:29:37","guid":{"rendered":"https:\/\/roveyayinevi.com.tr\/index.php\/urun\/erdogan-trump\/"},"modified":"2026-04-16T02:39:04","modified_gmt":"2026-04-15T23:39:04","slug":"erdogan-trump","status":"publish","type":"product","link":"https:\/\/roveyayinevi.com.tr\/index.php\/urun\/erdogan-trump\/","title":{"rendered":"Erdo\u011fan &#8211; Trump"},"content":{"rendered":"<p>Y\u0131lmaz Polat, yak\u0131n d\u00f6nem T\u00fcrkiye -ABD ili\u015fkilerinin zaman zaman neden kopma noktas\u0131na geldi\u011fini, Donald Trump ve Tayyip Erdo\u011fan aras\u0131ndaki ikili ili\u015fkiler \u00fczerinden okuyor. \u0130lgin\u00e7 saptamalar yap\u0131yor. Keyifli \u00f6rnekler de veren Polat, hepimizin g\u00f6zleri \u00f6n\u00fcnde meydana gelen baz\u0131 olaylar\u0131n, asl\u0131nda bildi\u011fimiz gibi olmad\u0131\u011f\u0131n\u0131 bize g\u00f6steriyor. \u00d6yle ya, e\u011fer her \u015fey g\u00f6r\u00fcnd\u00fc\u011f\u00fc gibi olsayd\u0131, bilime (bu arada sosyal bilimlere de) gerek kalmayacakt\u0131. Y\u0131lmaz Polat, Amerikan siyasal tarihinin en ilgin\u00e7 kesitlerinden biri olan bu d\u00f6neme yak\u0131ndan bakarak, ileride yap\u0131lacak bilimsel ara\u015ft\u0131rmalar i\u00e7in de e\u015fsiz de\u011ferde bir kaynak kitap, dahas\u0131 bir referans eser sunuyor. \u00c7al\u0131\u015fmas\u0131nda ilgin\u00e7 ayr\u0131nt\u0131lar veren Polat, T\u00fcrk okurlar\u0131n\u0131n bilmedi\u011fi \u00e7arp\u0131c\u0131 olaylar\u0131n ger\u00e7ek hik\u00e2yesini anlat\u0131yor. -Merdan Yanarda\u011f- T\u00fcrkiye ABD ili\u015fkileri, hi\u00e7bir iktidar d\u00f6neminde hem T\u00fcrkiye hem de ABD\u2019de Trump-Erdo\u011fan ki\u015fisel ili\u015fkileri kadar konu\u015fulmad\u0131. Trump-Erdo\u011fan aras\u0131nda \u201c\u00f6vg\u00fc, \u00f6fke, tehdit, hayranl\u0131k ve hayal k\u0131r\u0131kl\u0131\u011f\u0131\u201d aras\u0131nda ge\u00e7en d\u00f6rt y\u0131l, garip bir ili\u015fkiler yuma\u011f\u0131 olarak de\u011ferlendirilmeli. Kitapta, Erdo\u011fan\u2019la Trump aras\u0131nda d\u00f6rt y\u0131lda ya\u015fananlar\u0131n T\u00fcrkiye\u2019nin \u201c\u0130tibar\u201d ile \u201cSiyasi, Askeri ve Ekonomi\u201d politikalar\u0131na etkilerini bulacaks\u0131n\u0131z. <\/p>\n","protected":false},"excerpt":{"rendered":"<p>Y\u0131lmaz Polat, yak\u0131n d\u00f6nem T\u00fcrkiye -ABD ili\u015fkilerinin zaman zaman neden kopma noktas\u0131na geldi\u011fini, Donald Trump ve Tayyip Erdo\u011fan aras\u0131ndaki ikili ili\u015fkiler \u00fczerinden okuyor. \u0130lgin\u00e7 saptamalar yap\u0131yor.<span class=\"excerpt-hellip\"> [\u2026]<\/span><\/p>\n","protected":false},"featured_media":0,"template":"","meta":{"_monsterinsights_skip_tracking":false,"_monsterinsights_sitenote_active":false,"_monsterinsights_sitenote_note":"","_monsterinsights_sitenote_category":0},"product_brand":[],"product_cat":[13590,12337],"product_tag":[],"class_list":{"0":"post-731316","1":"product","2":"type-product","3":"status-publish","5":"product_cat-arastirma-inceleme-politika-siyaset","6":"product_cat-politika-siyaset","7":"pa_cilt-ciltsiz","8":"pa_tur-kitap","9":"pa_yayinevi-telgrafhane-yayinlari","10":"pa_yazar-yilmaz-polat","12":"first","13":"instock","14":"sale","15":"shipping-taxable","16":"purchasable","17":"product-type-simple"},"_links":{"self":[{"href":"https:\/\/roveyayinevi.com.tr\/index.php\/wp-json\/wp\/v2\/product\/731316","targetHints":{"allow":["GET"]}}],"collection":[{"href":"https:\/\/roveyayinevi.com.tr\/index.php\/wp-json\/wp\/v2\/product"}],"about":[{"href":"https:\/\/roveyayinevi.com.tr\/index.php\/wp-json\/wp\/v2\/types\/product"}],"wp:attachment":[{"href":"https:\/\/roveyayinevi.com.tr\/index.php\/wp-json\/wp\/v2\/media?parent=731316"}],"wp:term":[{"taxonomy":"product_brand","embeddable":true,"href":"https:\/\/roveyayinevi.com.tr\/index.php\/wp-json\/wp\/v2\/product_brand?post=731316"},{"taxonomy":"product_cat","embeddable":true,"href":"https:\/\/roveyayinevi.com.tr\/index.php\/wp-json\/wp\/v2\/product_cat?post=731316"},{"taxonomy":"product_tag","embeddable":true,"href":"https:\/\/roveyayinevi.com.tr\/index.php\/wp-json\/wp\/v2\/product_tag?post=731316"}],"curies":[{"name":"wp","href":"https:\/\/api.w.org\/{rel}","templated":true}]}}