{"id":731314,"date":"2025-08-27T21:29:35","date_gmt":"2025-08-27T18:29:35","guid":{"rendered":"https:\/\/roveyayinevi.com.tr\/index.php\/urun\/istanbul-treni-ciltli\/"},"modified":"2026-04-16T02:39:04","modified_gmt":"2026-04-15T23:39:04","slug":"istanbul-treni-ciltli","status":"publish","type":"product","link":"https:\/\/roveyayinevi.com.tr\/index.php\/urun\/istanbul-treni-ciltli\/","title":{"rendered":"\u0130stanbul Treni (Ciltli)"},"content":{"rendered":"<p>\u0130stanbul Treni 20. y\u00fczy\u0131l\u0131n en \u00e7ok okunan \u0130ngiliz yazarlar\u0131ndan Graham Greene\u2019in romanc\u0131 kimli\u011fini bulmaya ba\u015flad\u0131\u011f\u0131 yap\u0131t\u0131d\u0131r. Ayn\u0131 zamanda ak\u0131c\u0131 olay \u00f6rg\u00fcs\u00fcyle bir gerilim roman\u0131 tad\u0131nda olup, asl\u0131nda daha derin ahlaki temeliyle dikkat \u00e7eken romanlar\u0131ndan ilkidir. Sadakat, insan\u0131n kendisine ve ba\u015fkalar\u0131na kar\u015f\u0131 g\u00f6revleri, \u00fclkesine ba\u011fl\u0131l\u0131\u011f\u0131, Greene\u2019in \u0131rk\u00e7\u0131l\u0131k ve kom\u00fcnizm \u00fczerine kafa yordu\u011fu roman\u0131n\u0131n ba\u015fl\u0131ca temalar\u0131 aras\u0131ndad\u0131r. Roman, Ostende\u2019den \u0130stanbul\u2019a uzanan bir tren yolculu\u011funa \u00e7\u0131kan bir grup insan\u0131n ba\u015f\u0131ndan ge\u00e7enleri anlat\u0131r. Bu yolcular\u0131n her biri 30\u2019lu y\u0131llar\u0131n d\u00fcnyas\u0131nda kabul g\u00f6rm\u00fc\u015f toplumsal de\u011ferlere ayk\u0131r\u0131 d\u00fc\u015fmektedir: Antisemit Avrupa\u2019da seyahat eden bir Yahudi, kom\u00fcnist bir devrimci, o g\u00fcne dek yakay\u0131 ele vermemesiyle \u00f6v\u00fcnen bir h\u0131rs\u0131z ve katil, cinsel y\u00f6neliminin onaylanmas\u0131 o d\u00f6nemde m\u00fcmk\u00fcn olmayan alkolik bir kad\u0131n gazeteci ve kad\u0131nlar\u0131n de\u011ferini g\u00fczelli\u011fin belirledi\u011fi bir \u00e7a\u011fda g\u00fczellikten pek nasibini almam\u0131\u015f bir rev\u00fc k\u0131z\u0131. Trene farkl\u0131 ama\u00e7larla binen bu insanlar\u0131n yazg\u0131lar\u0131 yolculuk boyunca i\u00e7 i\u00e7e ge\u00e7ecektir. <\/p>\n","protected":false},"excerpt":{"rendered":"<p>\u0130stanbul Treni 20. y\u00fczy\u0131l\u0131n en \u00e7ok okunan \u0130ngiliz yazarlar\u0131ndan Graham Greene\u2019in romanc\u0131 kimli\u011fini bulmaya ba\u015flad\u0131\u011f\u0131 yap\u0131t\u0131d\u0131r. Ayn\u0131 zamanda ak\u0131c\u0131 olay \u00f6rg\u00fcs\u00fcyle bir gerilim roman\u0131 tad\u0131nda olup,<span class=\"excerpt-hellip\"> [\u2026]<\/span><\/p>\n","protected":false},"featured_media":0,"template":"","meta":{"_monsterinsights_skip_tracking":false,"_monsterinsights_sitenote_active":false,"_monsterinsights_sitenote_note":"","_monsterinsights_sitenote_category":0},"product_brand":[],"product_cat":[12291,26797],"product_tag":[],"class_list":{"0":"post-731314","1":"product","2":"type-product","3":"status-publish","5":"product_cat-edebiyat","6":"product_cat-modern-klasikler","7":"pa_cilt-ciltli","8":"pa_tur-kitap","9":"pa_yayinevi-is-bankasi-kultur-yayinlari","10":"pa_yazar-graham-greene","12":"first","13":"instock","14":"sale","15":"shipping-taxable","16":"purchasable","17":"product-type-simple"},"_links":{"self":[{"href":"https:\/\/roveyayinevi.com.tr\/index.php\/wp-json\/wp\/v2\/product\/731314","targetHints":{"allow":["GET"]}}],"collection":[{"href":"https:\/\/roveyayinevi.com.tr\/index.php\/wp-json\/wp\/v2\/product"}],"about":[{"href":"https:\/\/roveyayinevi.com.tr\/index.php\/wp-json\/wp\/v2\/types\/product"}],"wp:attachment":[{"href":"https:\/\/roveyayinevi.com.tr\/index.php\/wp-json\/wp\/v2\/media?parent=731314"}],"wp:term":[{"taxonomy":"product_brand","embeddable":true,"href":"https:\/\/roveyayinevi.com.tr\/index.php\/wp-json\/wp\/v2\/product_brand?post=731314"},{"taxonomy":"product_cat","embeddable":true,"href":"https:\/\/roveyayinevi.com.tr\/index.php\/wp-json\/wp\/v2\/product_cat?post=731314"},{"taxonomy":"product_tag","embeddable":true,"href":"https:\/\/roveyayinevi.com.tr\/index.php\/wp-json\/wp\/v2\/product_tag?post=731314"}],"curies":[{"name":"wp","href":"https:\/\/api.w.org\/{rel}","templated":true}]}}