{"id":731313,"date":"2025-08-27T21:29:33","date_gmt":"2025-08-27T18:29:33","guid":{"rendered":"https:\/\/roveyayinevi.com.tr\/index.php\/urun\/sessiz-mavi\/"},"modified":"2026-04-16T02:39:04","modified_gmt":"2026-04-15T23:39:04","slug":"sessiz-mavi","status":"publish","type":"product","link":"https:\/\/roveyayinevi.com.tr\/index.php\/urun\/sessiz-mavi\/","title":{"rendered":"Sessiz Mavi"},"content":{"rendered":"<p>Kapkara k\u0131\u015f\u0131n ortas\u0131nda, masmavi denizim Pembe panjurlu evim Bah\u00e7esinde reng\u00e2renk \u00e7i\u00e7eklerim D\u00fcnyaya kar\u015f\u0131 g\u00fcvenim, esenli\u011fim Y\u00fcre\u011fimi emanet etti\u011fim Ve sen G\u00f6zlerine baksam eridi\u011fim Varl\u0131\u011f\u0131nda huzuru hissetti\u011fim K\u0131rlardaki gelinci\u011fim Yaz\u0131n ortas\u0131ndaki g\u00f6n\u00fcl serinli\u011fim G\u00f6nl\u00fcnde g\u00f6nl\u00fcm\u00fc hissetti\u011fim Ve sen Arkada\u015f\u0131m, s\u0131rda\u015f\u0131m, ahretli\u011fim Sahteli\u011fe, \u00e7irkinli\u011fe sabretti\u011fim Hayattaki zenginli\u011fim Sesim, sessizli\u011fim \u00d6zg\u00fcrce g\u00fcl\u00fcmseyi\u015fim D\u00fcnyadaki iyi ki&#8217;m Ve sen Sevdi\u011fim G\u00f6n\u00fcl dolusu \u015f\u00fckretti\u011fim&#8230; <\/p>\n","protected":false},"excerpt":{"rendered":"<p>Kapkara k\u0131\u015f\u0131n ortas\u0131nda, masmavi denizim Pembe panjurlu evim Bah\u00e7esinde reng\u00e2renk \u00e7i\u00e7eklerim D\u00fcnyaya kar\u015f\u0131 g\u00fcvenim, esenli\u011fim Y\u00fcre\u011fimi emanet etti\u011fim Ve sen G\u00f6zlerine baksam eridi\u011fim Varl\u0131\u011f\u0131nda huzuru hissetti\u011fim<span class=\"excerpt-hellip\"> [\u2026]<\/span><\/p>\n","protected":false},"featured_media":0,"template":"","meta":{"_monsterinsights_skip_tracking":false,"_monsterinsights_sitenote_active":false,"_monsterinsights_sitenote_note":"","_monsterinsights_sitenote_category":0},"product_brand":[],"product_cat":[12291,12509],"product_tag":[],"class_list":{"0":"post-731313","1":"product","2":"type-product","3":"status-publish","5":"product_cat-edebiyat","6":"product_cat-siir","7":"pa_cilt-ciltsiz","8":"pa_tur-kitap","9":"pa_yayinevi-karina-yayinevi","10":"pa_yazar-sevgi-sertbas","12":"first","13":"instock","14":"sale","15":"shipping-taxable","16":"purchasable","17":"product-type-simple"},"_links":{"self":[{"href":"https:\/\/roveyayinevi.com.tr\/index.php\/wp-json\/wp\/v2\/product\/731313","targetHints":{"allow":["GET"]}}],"collection":[{"href":"https:\/\/roveyayinevi.com.tr\/index.php\/wp-json\/wp\/v2\/product"}],"about":[{"href":"https:\/\/roveyayinevi.com.tr\/index.php\/wp-json\/wp\/v2\/types\/product"}],"wp:attachment":[{"href":"https:\/\/roveyayinevi.com.tr\/index.php\/wp-json\/wp\/v2\/media?parent=731313"}],"wp:term":[{"taxonomy":"product_brand","embeddable":true,"href":"https:\/\/roveyayinevi.com.tr\/index.php\/wp-json\/wp\/v2\/product_brand?post=731313"},{"taxonomy":"product_cat","embeddable":true,"href":"https:\/\/roveyayinevi.com.tr\/index.php\/wp-json\/wp\/v2\/product_cat?post=731313"},{"taxonomy":"product_tag","embeddable":true,"href":"https:\/\/roveyayinevi.com.tr\/index.php\/wp-json\/wp\/v2\/product_tag?post=731313"}],"curies":[{"name":"wp","href":"https:\/\/api.w.org\/{rel}","templated":true}]}}