{"id":731312,"date":"2025-08-27T21:29:33","date_gmt":"2025-08-27T18:29:33","guid":{"rendered":"https:\/\/roveyayinevi.com.tr\/index.php\/urun\/insan-kaynaklarindan-mektuplar-2\/"},"modified":"2025-10-30T13:40:12","modified_gmt":"2025-10-30T10:40:12","slug":"insan-kaynaklarindan-mektuplar-2","status":"publish","type":"product","link":"https:\/\/roveyayinevi.com.tr\/index.php\/urun\/insan-kaynaklarindan-mektuplar-2\/","title":{"rendered":"\u0130nsan Kaynaklar\u0131ndan Mektuplar &#8211; 2"},"content":{"rendered":"<p>\u00c7e\u015fitli seminer ve etkinliklerde \u00f6\u011frenci arkada\u015flara gelecek hakk\u0131nda tavsiye ve payla\u015f\u0131mlarda bulunurken asl\u0131nda her meslekten arkada\u015flara bilgi iletti\u011fimizi fakat terzi kendi s\u00f6k\u00fc\u011f\u00fcn\u00fc dikemez hesab\u0131 \u0130nsan Kaynaklar\u0131 alan\u0131ndaki arkada\u015flar\u0131m\u0131za daha az payla\u015f\u0131m yapt\u0131\u011f\u0131m\u0131z\u0131 fark etmek, kilometre ta\u015flar\u0131ndan en \u00f6nemlisi ve tabii ilkiydi. \u0130nsan Kaynaklar\u0131&#8217;ndan Mektuplar serisi ile sekt\u00f6rdeki \u0130K uzman ve y\u00f6neticilerimizin, \u0130K d\u00fcnyas\u0131na g\u00f6n\u00fcl vermeye niyetli yeni mezun arkada\u015flara tavsiyelerini birer mektup \u00f6zelli\u011finde payla\u015fmas\u0131 ama\u00e7lanm\u0131\u015ft\u0131r. Ayn\u0131 \u015fekilde yeni mezunlar\u0131m\u0131z\u0131n, adaylar\u0131m\u0131z\u0131n ve \u0130nsan Kaynaklan&#8217;nda \u00e7al\u0131\u015fan meslekta\u015flar\u0131m\u0131z\u0131n da bizlerle tavsiyelerini payla\u015fmas\u0131 hedeflenerek iki taraf aras\u0131nda k\u00f6pr\u00fc olma g\u00f6revi ger\u00e7ekle\u015ftirilmektedir. Her kitapta, her payla\u015f\u0131mda birlikte \u00f6\u011frenirken, payla\u015f\u0131mlar\u0131m\u0131zla birlikte ke\u015ffederek keyifli zamanlar ge\u00e7irmek dileklerimle&#8230; &#8220;Hayat ke\u015ffettik\u00e7e, ke\u015fifler de hayat\u0131n tad\u0131na vard\u0131k\u00e7a g\u00fczeldir.&#8221; \u00d6zkan BA\u015eAK <\/p>\n","protected":false},"excerpt":{"rendered":"<p>\u00c7e\u015fitli seminer ve etkinliklerde \u00f6\u011frenci arkada\u015flara gelecek hakk\u0131nda tavsiye ve payla\u015f\u0131mlarda bulunurken asl\u0131nda her meslekten arkada\u015flara bilgi iletti\u011fimizi fakat terzi kendi s\u00f6k\u00fc\u011f\u00fcn\u00fc dikemez hesab\u0131 \u0130nsan Kaynaklar\u0131<span class=\"excerpt-hellip\"> [\u2026]<\/span><\/p>\n","protected":false},"featured_media":0,"template":"","meta":{"_monsterinsights_skip_tracking":false,"_monsterinsights_sitenote_active":false,"_monsterinsights_sitenote_note":"","_monsterinsights_sitenote_category":0},"product_brand":[],"product_cat":[13043,19008],"product_tag":[],"class_list":{"0":"post-731312","1":"product","2":"type-product","3":"status-publish","5":"product_cat-ekonomi","6":"product_cat-yonetim","7":"pa_cilt-ciltsiz","8":"pa_tur-kitap","9":"pa_yayinevi-karina-yayinevi","10":"pa_yazar-ozkan-basak","12":"first","13":"instock","14":"sale","15":"shipping-taxable","16":"purchasable","17":"product-type-simple"},"_links":{"self":[{"href":"https:\/\/roveyayinevi.com.tr\/index.php\/wp-json\/wp\/v2\/product\/731312","targetHints":{"allow":["GET"]}}],"collection":[{"href":"https:\/\/roveyayinevi.com.tr\/index.php\/wp-json\/wp\/v2\/product"}],"about":[{"href":"https:\/\/roveyayinevi.com.tr\/index.php\/wp-json\/wp\/v2\/types\/product"}],"wp:attachment":[{"href":"https:\/\/roveyayinevi.com.tr\/index.php\/wp-json\/wp\/v2\/media?parent=731312"}],"wp:term":[{"taxonomy":"product_brand","embeddable":true,"href":"https:\/\/roveyayinevi.com.tr\/index.php\/wp-json\/wp\/v2\/product_brand?post=731312"},{"taxonomy":"product_cat","embeddable":true,"href":"https:\/\/roveyayinevi.com.tr\/index.php\/wp-json\/wp\/v2\/product_cat?post=731312"},{"taxonomy":"product_tag","embeddable":true,"href":"https:\/\/roveyayinevi.com.tr\/index.php\/wp-json\/wp\/v2\/product_tag?post=731312"}],"curies":[{"name":"wp","href":"https:\/\/api.w.org\/{rel}","templated":true}]}}