{"id":731311,"date":"2025-08-27T21:29:31","date_gmt":"2025-08-27T18:29:31","guid":{"rendered":"https:\/\/roveyayinevi.com.tr\/index.php\/urun\/dizel-skandali-ve-elektrigin-dogusu\/"},"modified":"2026-04-16T02:39:04","modified_gmt":"2026-04-15T23:39:04","slug":"dizel-skandali-ve-elektrigin-dogusu","status":"publish","type":"product","link":"https:\/\/roveyayinevi.com.tr\/index.php\/urun\/dizel-skandali-ve-elektrigin-dogusu\/","title":{"rendered":"Dizel Skandal\u0131 ve Elektri\u011fin Do\u011fu\u015fu"},"content":{"rendered":"<p>D\u00fcnya devi Volkswagen&#8217;in 11 milyon arac\u0131nda imza att\u0131\u011f\u0131 skandal, san\u0131lan\u0131n aksine s\u0131radan bir vaka olarak sonlanmad\u0131. Her evresi bilinen ve saklanmas\u0131 imk\u00e2ns\u0131z olan skandal\u0131n bir\u00e7ok orta\u011f\u0131 var. Peki neden bunca zaman g\u00f6z yumuldu da tarihler 2015 y\u0131l\u0131n\u0131 g\u00f6sterdi\u011finde bu gidi\u015fata bir dur denildi? S\u0131r perdesinin arkas\u0131ndaki alternatif ak\u0131m\u0131n destekleyicileri kimler? ABD, Almanya ve Japonya bu olaylar zincirinde nas\u0131l rol oynuyor? Dizel k\u00f6t\u00fclemeleriyle ba\u015flayan skandal asl\u0131nda elektrikli ara\u00e7lar i\u00e7in haz\u0131rlanan bir zemin. Otomotiv tarihinin en keskin ge\u00e7i\u015flerinden biri, arkas\u0131nda ise sempatik i\u015f adam\u0131 Elon Musk. Akademik makalelerden al\u0131nan bilgiler \u0131\u015f\u0131\u011f\u0131nda, sekt\u00f6rel ve politik t\u00fcm ba\u011flant\u0131lar\u0131 ortaya seren bu eserde kafan\u0131zdaki t\u00fcm soru i\u015faretleri tek tek \u00e7\u00f6z\u00fcme kavu\u015facak. Otomotivde elektrik ser\u00fcveninin nas\u0131l ba\u015flad\u0131\u011f\u0131, gelecekte nelerle kar\u015f\u0131la\u015faca\u011f\u0131m\u0131z ve en \u00f6nemlisi bu de\u011fi\u015fimin ger\u00e7ek sebeplerinin neler oldu\u011fu g\u00fcn y\u00fcz\u00fcne \u00e7\u0131k\u0131yor.<\/p>\n","protected":false},"excerpt":{"rendered":"<p>D\u00fcnya devi Volkswagen&#8217;in 11 milyon arac\u0131nda imza att\u0131\u011f\u0131 skandal, san\u0131lan\u0131n aksine s\u0131radan bir vaka olarak sonlanmad\u0131. Her evresi bilinen ve saklanmas\u0131 imk\u00e2ns\u0131z olan skandal\u0131n bir\u00e7ok orta\u011f\u0131<span class=\"excerpt-hellip\"> [\u2026]<\/span><\/p>\n","protected":false},"featured_media":0,"template":"","meta":{"_monsterinsights_skip_tracking":false,"_monsterinsights_sitenote_active":false,"_monsterinsights_sitenote_note":"","_monsterinsights_sitenote_category":0},"product_brand":[],"product_cat":[13072,12291],"product_tag":[],"class_list":{"0":"post-731311","1":"product","2":"type-product","3":"status-publish","5":"product_cat-arastirma-inceleme-referans","6":"product_cat-edebiyat","7":"pa_cilt-ciltsiz","8":"pa_tur-kitap","9":"pa_yayinevi-karina-yayinevi","10":"pa_yazar-gokberk-kayaalp","12":"first","13":"instock","14":"sale","15":"shipping-taxable","16":"purchasable","17":"product-type-simple"},"_links":{"self":[{"href":"https:\/\/roveyayinevi.com.tr\/index.php\/wp-json\/wp\/v2\/product\/731311","targetHints":{"allow":["GET"]}}],"collection":[{"href":"https:\/\/roveyayinevi.com.tr\/index.php\/wp-json\/wp\/v2\/product"}],"about":[{"href":"https:\/\/roveyayinevi.com.tr\/index.php\/wp-json\/wp\/v2\/types\/product"}],"wp:attachment":[{"href":"https:\/\/roveyayinevi.com.tr\/index.php\/wp-json\/wp\/v2\/media?parent=731311"}],"wp:term":[{"taxonomy":"product_brand","embeddable":true,"href":"https:\/\/roveyayinevi.com.tr\/index.php\/wp-json\/wp\/v2\/product_brand?post=731311"},{"taxonomy":"product_cat","embeddable":true,"href":"https:\/\/roveyayinevi.com.tr\/index.php\/wp-json\/wp\/v2\/product_cat?post=731311"},{"taxonomy":"product_tag","embeddable":true,"href":"https:\/\/roveyayinevi.com.tr\/index.php\/wp-json\/wp\/v2\/product_tag?post=731311"}],"curies":[{"name":"wp","href":"https:\/\/api.w.org\/{rel}","templated":true}]}}