{"id":731308,"date":"2025-08-27T21:29:28","date_gmt":"2025-08-27T18:29:28","guid":{"rendered":"https:\/\/roveyayinevi.com.tr\/index.php\/urun\/liesl-shurtliff-serisi-4-kitap-takim-ciltli\/"},"modified":"2026-04-16T02:39:04","modified_gmt":"2026-04-15T23:39:04","slug":"liesl-shurtliff-serisi-4-kitap-takim-ciltli","status":"publish","type":"product","link":"https:\/\/roveyayinevi.com.tr\/index.php\/urun\/liesl-shurtliff-serisi-4-kitap-takim-ciltli\/","title":{"rendered":"Liesl Shurtliff Serisi (4 Kitap Tak\u0131m, Ciltli)"},"content":{"rendered":"<p>New York Times \u00e7ok satan yazar\u0131 Liesl Shurtliff&#8217;ten al\u0131\u015f\u0131lmad\u0131k kahramanlar\u0131n ger\u00e7ek hik\u00e2yeleridir.RedRumpJackGrump<\/p>\n","protected":false},"excerpt":{"rendered":"<p>New York Times \u00e7ok satan yazar\u0131 Liesl Shurtliff&#8217;ten al\u0131\u015f\u0131lmad\u0131k kahramanlar\u0131n ger\u00e7ek hik\u00e2yeleridir.RedRumpJackGrump<\/p>\n","protected":false},"featured_media":0,"template":"","meta":{"_monsterinsights_skip_tracking":false,"_monsterinsights_sitenote_active":false,"_monsterinsights_sitenote_note":"","_monsterinsights_sitenote_category":0},"product_brand":[],"product_cat":[12275,12274],"product_tag":[],"class_list":{"0":"post-731308","1":"product","2":"type-product","3":"status-publish","5":"product_cat-6-12-yas-kitaplari","6":"product_cat-cocuk-ve-genclik-kitaplari","7":"pa_cilt-ciltli","8":"pa_tur-kitap","9":"pa_yayinevi-yediveren-cocuk","10":"pa_yazar-liesl-shurtliff","12":"first","13":"instock","14":"sale","15":"shipping-taxable","16":"purchasable","17":"product-type-simple"},"_links":{"self":[{"href":"https:\/\/roveyayinevi.com.tr\/index.php\/wp-json\/wp\/v2\/product\/731308","targetHints":{"allow":["GET"]}}],"collection":[{"href":"https:\/\/roveyayinevi.com.tr\/index.php\/wp-json\/wp\/v2\/product"}],"about":[{"href":"https:\/\/roveyayinevi.com.tr\/index.php\/wp-json\/wp\/v2\/types\/product"}],"wp:attachment":[{"href":"https:\/\/roveyayinevi.com.tr\/index.php\/wp-json\/wp\/v2\/media?parent=731308"}],"wp:term":[{"taxonomy":"product_brand","embeddable":true,"href":"https:\/\/roveyayinevi.com.tr\/index.php\/wp-json\/wp\/v2\/product_brand?post=731308"},{"taxonomy":"product_cat","embeddable":true,"href":"https:\/\/roveyayinevi.com.tr\/index.php\/wp-json\/wp\/v2\/product_cat?post=731308"},{"taxonomy":"product_tag","embeddable":true,"href":"https:\/\/roveyayinevi.com.tr\/index.php\/wp-json\/wp\/v2\/product_tag?post=731308"}],"curies":[{"name":"wp","href":"https:\/\/api.w.org\/{rel}","templated":true}]}}