{"id":731307,"date":"2025-08-27T21:29:27","date_gmt":"2025-08-27T18:29:27","guid":{"rendered":"https:\/\/roveyayinevi.com.tr\/index.php\/urun\/mustafa-kemalle-anadoluda-yolculuk\/"},"modified":"2026-04-16T02:39:04","modified_gmt":"2026-04-15T23:39:04","slug":"mustafa-kemalle-anadoluda-yolculuk","status":"publish","type":"product","link":"https:\/\/roveyayinevi.com.tr\/index.php\/urun\/mustafa-kemalle-anadoluda-yolculuk\/","title":{"rendered":"Mustafa Kemal\u2019le Anadolu\u2019da Yolculuk"},"content":{"rendered":"<p>1919: Mustafa Kemal\u2019in kariyerinde en uzun ve en zor y\u0131l.  Mustafa Kemal ve arkada\u015flar\u0131 Band\u0131rma vapuru ile Bo\u011faz\u2019dan Karadeniz\u2019e a\u00e7\u0131ld\u0131klar\u0131 16 May\u0131s ak\u015fam\u0131ndan 27 Aral\u0131k \u00f6\u011fle vaktinde Ankara\u2019ya gelene kadar toplam 225 g\u00fcn\u00fc Anadolu\u2019nun ba\u011fr\u0131nda, halkla i\u00e7 i\u00e7e ge\u00e7irdiler. Tarihi yolculu\u011funa \u201cordu m\u00fcfetti\u015fi\u201d g\u00f6reviyle ba\u015flayan Anafartalar Kahraman\u0131, yolculu\u011fun kalan k\u0131sm\u0131n\u0131 \u201cmilletin ferdi\u201d olarak s\u00fcrd\u00fcrm\u00fc\u015f ve inan\u0131lmaz bir ileti\u015fim kampanyas\u0131yla Milli M\u00fccadele\u2019yi \u00f6rg\u00fctlemi\u015ftir. Prof. Dr. Hikmet \u00d6zdemir, Anadolu\u2019daki bu tarihi yolculu\u011fa \u0131\u015f\u0131k tutuyor: Yol g\u00fczerg\u00e2hlar\u0131 nas\u0131ld\u0131? Hangi ula\u015f\u0131m ara\u00e7lar\u0131 kullan\u0131lm\u0131\u015ft\u0131? Yolculuk boyunca kamuoyu olu\u015fturmak i\u00e7in neler yap\u0131lm\u0131\u015ft\u0131? Var\u0131lan yerlerde konaklama, g\u00fcvenlik, ileti\u015fim, sa\u011fl\u0131k, finansman vb. ihtiya\u00e7lar nas\u0131l kar\u015f\u0131lanm\u0131\u015ft\u0131? Mustafa Kemal\u2019in ate\u015fledi\u011fi kurtulu\u015f me\u015falesini kimler ta\u015f\u0131m\u0131\u015ft\u0131? Mustafa Kemal\u2019le Anadolu\u2019da Yolculuk zorlu bir m\u00fccadelenin ve milletin evlad\u0131n\u0131n milli liderli\u011fe y\u00fckseli\u015fi hik\u00e2yesidir.  <\/p>\n","protected":false},"excerpt":{"rendered":"<p>1919: Mustafa Kemal\u2019in kariyerinde en uzun ve en zor y\u0131l. Mustafa Kemal ve arkada\u015flar\u0131 Band\u0131rma vapuru ile Bo\u011faz\u2019dan Karadeniz\u2019e a\u00e7\u0131ld\u0131klar\u0131 16 May\u0131s ak\u015fam\u0131ndan 27 Aral\u0131k \u00f6\u011fle<span class=\"excerpt-hellip\"> [\u2026]<\/span><\/p>\n","protected":false},"featured_media":0,"template":"","meta":{"_monsterinsights_skip_tracking":false,"_monsterinsights_sitenote_active":false,"_monsterinsights_sitenote_note":"","_monsterinsights_sitenote_category":0},"product_brand":[],"product_cat":[12370,12304],"product_tag":[],"class_list":{"0":"post-731307","1":"product","2":"type-product","3":"status-publish","5":"product_cat-arastirma-inceleme","6":"product_cat-tarih","7":"pa_cilt-ciltsiz","8":"pa_tur-kitap","9":"pa_yayinevi-dogan-kitap","10":"pa_yazar-hikmet-ozdemir","12":"first","13":"instock","14":"sale","15":"shipping-taxable","16":"purchasable","17":"product-type-simple"},"_links":{"self":[{"href":"https:\/\/roveyayinevi.com.tr\/index.php\/wp-json\/wp\/v2\/product\/731307","targetHints":{"allow":["GET"]}}],"collection":[{"href":"https:\/\/roveyayinevi.com.tr\/index.php\/wp-json\/wp\/v2\/product"}],"about":[{"href":"https:\/\/roveyayinevi.com.tr\/index.php\/wp-json\/wp\/v2\/types\/product"}],"wp:attachment":[{"href":"https:\/\/roveyayinevi.com.tr\/index.php\/wp-json\/wp\/v2\/media?parent=731307"}],"wp:term":[{"taxonomy":"product_brand","embeddable":true,"href":"https:\/\/roveyayinevi.com.tr\/index.php\/wp-json\/wp\/v2\/product_brand?post=731307"},{"taxonomy":"product_cat","embeddable":true,"href":"https:\/\/roveyayinevi.com.tr\/index.php\/wp-json\/wp\/v2\/product_cat?post=731307"},{"taxonomy":"product_tag","embeddable":true,"href":"https:\/\/roveyayinevi.com.tr\/index.php\/wp-json\/wp\/v2\/product_tag?post=731307"}],"curies":[{"name":"wp","href":"https:\/\/api.w.org\/{rel}","templated":true}]}}