{"id":731306,"date":"2025-08-27T21:29:25","date_gmt":"2025-08-27T18:29:25","guid":{"rendered":"https:\/\/roveyayinevi.com.tr\/index.php\/urun\/aya-yolculuk-9\/"},"modified":"2026-03-27T02:50:46","modified_gmt":"2026-03-26T23:50:46","slug":"aya-yolculuk-9","status":"publish","type":"product","link":"https:\/\/roveyayinevi.com.tr\/index.php\/urun\/aya-yolculuk-9\/","title":{"rendered":"Ay\u2019a Yolculuk"},"content":{"rendered":"<p>1865 y\u0131l\u0131yd\u0131, Amerikan \u0130\u00e7sava\u015f\u0131 bitmi\u015f, Gun-Club\u2019\u0131n se\u00e7kin \u00fcyeleri, geli\u015ftirdikleri silahlar, toplar, mermilerle kalakalm\u0131\u015flard\u0131. B\u00fcy\u00fck bir hayal k\u0131r\u0131kl\u0131\u011f\u0131 ile kul\u00fcb\u00fc kapatmay\u0131 d\u00fc\u015f\u00fcnd\u00fckleri s\u0131rada, ba\u015fkandan muhte\u015fem bir \u00f6neri geldi; geli\u015ftirecekleri bir uzay mermisiyle Ay\u2019a gitmek. B\u00fcy\u00fck bir co\u015fkuyla kar\u015f\u0131lanan bu fikir \u00e7ok ge\u00e7meden b\u00fct\u00fcn d\u00fcnyaya yay\u0131lacak ve b\u00fcy\u00fck destek g\u00f6recekti. Bilimsel roman\u0131n yarat\u0131c\u0131s\u0131 Jules Verne, pek \u00e7ok muhte\u015fem eserinde oldu\u011fu gibi bu roman\u0131nda da y\u00fczy\u0131l sonra ya\u015fanacak geli\u015fmelerin ve bulu\u015flar\u0131n haberini verebilen bir d\u00e2hi. Ay\u2019a Yolculuk\u2019u okurken Jules Verne\u2019in nas\u0131l olup da bu kadar \u00e7ok ayr\u0131nt\u0131y\u0131 do\u011fru tahmin etti\u011fine inanamayacaks\u0131n\u0131z<\/p>\n","protected":false},"excerpt":{"rendered":"<p>1865 y\u0131l\u0131yd\u0131, Amerikan \u0130\u00e7sava\u015f\u0131 bitmi\u015f, Gun-Club\u2019\u0131n se\u00e7kin \u00fcyeleri, geli\u015ftirdikleri silahlar, toplar, mermilerle kalakalm\u0131\u015flard\u0131. B\u00fcy\u00fck bir hayal k\u0131r\u0131kl\u0131\u011f\u0131 ile kul\u00fcb\u00fc kapatmay\u0131 d\u00fc\u015f\u00fcnd\u00fckleri s\u0131rada, ba\u015fkandan muhte\u015fem bir \u00f6neri<span class=\"excerpt-hellip\"> [\u2026]<\/span><\/p>\n","protected":false},"featured_media":0,"template":"","meta":{"_monsterinsights_skip_tracking":false,"_monsterinsights_sitenote_active":false,"_monsterinsights_sitenote_note":"","_monsterinsights_sitenote_category":0},"product_brand":[],"product_cat":[12540,12291],"product_tag":[],"class_list":{"0":"post-731306","1":"product","2":"type-product","3":"status-publish","5":"product_cat-bilim-kurgu","6":"product_cat-edebiyat","7":"pa_cilt-ciltsiz","8":"pa_tur-kitap","9":"pa_yayinevi-dex-yayinevi","10":"pa_yazar-jules-verne","12":"first","13":"instock","14":"sale","15":"shipping-taxable","16":"purchasable","17":"product-type-simple"},"_links":{"self":[{"href":"https:\/\/roveyayinevi.com.tr\/index.php\/wp-json\/wp\/v2\/product\/731306","targetHints":{"allow":["GET"]}}],"collection":[{"href":"https:\/\/roveyayinevi.com.tr\/index.php\/wp-json\/wp\/v2\/product"}],"about":[{"href":"https:\/\/roveyayinevi.com.tr\/index.php\/wp-json\/wp\/v2\/types\/product"}],"wp:attachment":[{"href":"https:\/\/roveyayinevi.com.tr\/index.php\/wp-json\/wp\/v2\/media?parent=731306"}],"wp:term":[{"taxonomy":"product_brand","embeddable":true,"href":"https:\/\/roveyayinevi.com.tr\/index.php\/wp-json\/wp\/v2\/product_brand?post=731306"},{"taxonomy":"product_cat","embeddable":true,"href":"https:\/\/roveyayinevi.com.tr\/index.php\/wp-json\/wp\/v2\/product_cat?post=731306"},{"taxonomy":"product_tag","embeddable":true,"href":"https:\/\/roveyayinevi.com.tr\/index.php\/wp-json\/wp\/v2\/product_tag?post=731306"}],"curies":[{"name":"wp","href":"https:\/\/api.w.org\/{rel}","templated":true}]}}