{"id":731304,"date":"2025-08-27T21:29:23","date_gmt":"2025-08-27T18:29:23","guid":{"rendered":"https:\/\/roveyayinevi.com.tr\/index.php\/urun\/degirmenimden-mektuplar-cocuk-klasikleri-31\/"},"modified":"2026-04-16T02:39:04","modified_gmt":"2026-04-15T23:39:04","slug":"degirmenimden-mektuplar-cocuk-klasikleri-31","status":"publish","type":"product","link":"https:\/\/roveyayinevi.com.tr\/index.php\/urun\/degirmenimden-mektuplar-cocuk-klasikleri-31\/","title":{"rendered":"De\u011firmenimden Mektuplar &#8211; \u00c7ocuk Klasikleri 31"},"content":{"rendered":"<p>\u201cNe tuhaf! De\u011firmen ta\u015f\u0131n\u0131n bulundu\u011fu yer bombo\u015fmu\u015f. Ne bir \u00e7uval ne bir bu\u011fday tanesi&#8230; Duvarlar\u0131ndaki \u00f6r\u00fcmcek a\u011flar\u0131n\u0131n \u00fcst\u00fcnde undan eser yokmu\u015f. De\u011firmende olan o s\u0131cak \u00f6\u011f\u00fct\u00fclm\u00fc\u015f bu\u011fday kokusu bile yokmu\u015f&#8230; De\u011firmenin y\u00fck dire\u011fi toz i\u00e7indeymi\u015f ve s\u0131ska kedi, \u00fcst\u00fcnde uyuyormu\u015f.A\u015fa\u011f\u0131 odada da ayn\u0131 sefalet, ayn\u0131 terk edilmi\u015flik&#8230; Pis bir yatak, \u00fcst\u00fcnde birka\u00e7 pa\u00e7avra, merdiven basama\u011f\u0131nda bir par\u00e7a kurumu\u015f ekmek, sonra bir k\u00f6\u015fede, patlam\u0131\u015f yerlerinden moloz ve kire\u00e7 al\u00e7\u0131 par\u00e7alar\u0131 d\u00f6k\u00fclm\u00fc\u015f \u00fc\u00e7 d\u00f6rt \u00e7uval&#8230;\u0130\u015fte Cornille Ustan\u0131n s\u0131rr\u0131 !\u201d\u00c7ocuk Klasi\u0307kleri\u0307 seri\u0307mi\u0307zle si\u0307z \u00e7ocuklar\u0131 bu kez de Alphonse Daudet\u2019un kaleminden De\u011firmenimden Mektuplar kitab\u0131yla bulu\u015fturuyoruz.<\/p>\n","protected":false},"excerpt":{"rendered":"<p>\u201cNe tuhaf! De\u011firmen ta\u015f\u0131n\u0131n bulundu\u011fu yer bombo\u015fmu\u015f. Ne bir \u00e7uval ne bir bu\u011fday tanesi&#8230; Duvarlar\u0131ndaki \u00f6r\u00fcmcek a\u011flar\u0131n\u0131n \u00fcst\u00fcnde undan eser yokmu\u015f. De\u011firmende olan o s\u0131cak \u00f6\u011f\u00fct\u00fclm\u00fc\u015f<span class=\"excerpt-hellip\"> [\u2026]<\/span><\/p>\n","protected":false},"featured_media":0,"template":"","meta":{"_monsterinsights_skip_tracking":false,"_monsterinsights_sitenote_active":false,"_monsterinsights_sitenote_note":"","_monsterinsights_sitenote_category":0},"product_brand":[],"product_cat":[12274,12284],"product_tag":[],"class_list":{"0":"post-731304","1":"product","2":"type-product","3":"status-publish","5":"product_cat-cocuk-ve-genclik-kitaplari","6":"product_cat-hikayeler","7":"pa_cilt-ciltsiz","8":"pa_tur-kitap","9":"pa_yayinevi-yediveren-cocuk","10":"pa_yazar-alphonse-daudet","12":"first","13":"instock","14":"sale","15":"shipping-taxable","16":"purchasable","17":"product-type-simple"},"_links":{"self":[{"href":"https:\/\/roveyayinevi.com.tr\/index.php\/wp-json\/wp\/v2\/product\/731304","targetHints":{"allow":["GET"]}}],"collection":[{"href":"https:\/\/roveyayinevi.com.tr\/index.php\/wp-json\/wp\/v2\/product"}],"about":[{"href":"https:\/\/roveyayinevi.com.tr\/index.php\/wp-json\/wp\/v2\/types\/product"}],"wp:attachment":[{"href":"https:\/\/roveyayinevi.com.tr\/index.php\/wp-json\/wp\/v2\/media?parent=731304"}],"wp:term":[{"taxonomy":"product_brand","embeddable":true,"href":"https:\/\/roveyayinevi.com.tr\/index.php\/wp-json\/wp\/v2\/product_brand?post=731304"},{"taxonomy":"product_cat","embeddable":true,"href":"https:\/\/roveyayinevi.com.tr\/index.php\/wp-json\/wp\/v2\/product_cat?post=731304"},{"taxonomy":"product_tag","embeddable":true,"href":"https:\/\/roveyayinevi.com.tr\/index.php\/wp-json\/wp\/v2\/product_tag?post=731304"}],"curies":[{"name":"wp","href":"https:\/\/api.w.org\/{rel}","templated":true}]}}