{"id":731303,"date":"2025-08-27T21:29:22","date_gmt":"2025-08-27T18:29:22","guid":{"rendered":"https:\/\/roveyayinevi.com.tr\/index.php\/urun\/falaka-cocuk-klasikleri-30\/"},"modified":"2026-04-16T02:39:04","modified_gmt":"2026-04-15T23:39:04","slug":"falaka-cocuk-klasikleri-30","status":"publish","type":"product","link":"https:\/\/roveyayinevi.com.tr\/index.php\/urun\/falaka-cocuk-klasikleri-30\/","title":{"rendered":"Falaka &#8211; \u00c7ocuk Klasikleri 30"},"content":{"rendered":"<p>Ahmet Rasim kendi \u00e7ocuklu\u011funu ve okul an\u0131lar\u0131n\u0131 kaleme ald\u0131\u011f\u0131 eserinde bizi bir d\u00f6nemin \u00e7ocuk d\u00fcnyas\u0131na g\u00f6t\u00fcr\u00fcyor.Korkular\u0131, sevgileri, ilgileri, oyunlar\u0131 ve sorunlar\u0131yla \u00e7ocuklar\u0131n d\u00fcnyas\u0131na bir \u0131\u015f\u0131k tutuyor.O \u00e7ocukluk akl\u0131mla da anl\u0131yordum ki hoca denilen bu varl\u0131kta bir korkun\u00e7luk var ama ne t\u00fcrl\u00fc bir korkun\u00e7luk? Ben umac\u0131n\u0131n de\u011fil yan\u0131na, ge\u00e7ip gitmi\u015f oldu\u011fu yere bile gidemezken bunun evine gidip elini dahi \u00f6p\u00fcyorum. Evet, korka korka \u00f6p\u00fcyorum.S\u00f6z\u00fcn k\u0131sas\u0131, yani yeni bir deyimle: Muhterem bir korku!\u00c7ocuk Klasi\u0307kleri\u0307 seri\u0307mi\u0307zle si\u0307z \u00e7ocuklar\u0131 bu kez de Ahmet Rasim\u2019in kaleminden Falaka kitab\u0131yla bulu\u015fturuyoruz.<\/p>\n","protected":false},"excerpt":{"rendered":"<p>Ahmet Rasim kendi \u00e7ocuklu\u011funu ve okul an\u0131lar\u0131n\u0131 kaleme ald\u0131\u011f\u0131 eserinde bizi bir d\u00f6nemin \u00e7ocuk d\u00fcnyas\u0131na g\u00f6t\u00fcr\u00fcyor.Korkular\u0131, sevgileri, ilgileri, oyunlar\u0131 ve sorunlar\u0131yla \u00e7ocuklar\u0131n d\u00fcnyas\u0131na bir \u0131\u015f\u0131k tutuyor.O<span class=\"excerpt-hellip\"> [\u2026]<\/span><\/p>\n","protected":false},"featured_media":0,"template":"","meta":{"_monsterinsights_skip_tracking":false,"_monsterinsights_sitenote_active":false,"_monsterinsights_sitenote_note":"","_monsterinsights_sitenote_category":0},"product_brand":[],"product_cat":[12274,12284],"product_tag":[],"class_list":{"0":"post-731303","1":"product","2":"type-product","3":"status-publish","5":"product_cat-cocuk-ve-genclik-kitaplari","6":"product_cat-hikayeler","7":"pa_cilt-ciltsiz","8":"pa_tur-kitap","9":"pa_yayinevi-yediveren-cocuk","10":"pa_yazar-ahmet-rasim","12":"first","13":"instock","14":"sale","15":"shipping-taxable","16":"purchasable","17":"product-type-simple"},"_links":{"self":[{"href":"https:\/\/roveyayinevi.com.tr\/index.php\/wp-json\/wp\/v2\/product\/731303","targetHints":{"allow":["GET"]}}],"collection":[{"href":"https:\/\/roveyayinevi.com.tr\/index.php\/wp-json\/wp\/v2\/product"}],"about":[{"href":"https:\/\/roveyayinevi.com.tr\/index.php\/wp-json\/wp\/v2\/types\/product"}],"wp:attachment":[{"href":"https:\/\/roveyayinevi.com.tr\/index.php\/wp-json\/wp\/v2\/media?parent=731303"}],"wp:term":[{"taxonomy":"product_brand","embeddable":true,"href":"https:\/\/roveyayinevi.com.tr\/index.php\/wp-json\/wp\/v2\/product_brand?post=731303"},{"taxonomy":"product_cat","embeddable":true,"href":"https:\/\/roveyayinevi.com.tr\/index.php\/wp-json\/wp\/v2\/product_cat?post=731303"},{"taxonomy":"product_tag","embeddable":true,"href":"https:\/\/roveyayinevi.com.tr\/index.php\/wp-json\/wp\/v2\/product_tag?post=731303"}],"curies":[{"name":"wp","href":"https:\/\/api.w.org\/{rel}","templated":true}]}}