{"id":731293,"date":"2025-08-27T21:29:11","date_gmt":"2025-08-27T18:29:11","guid":{"rendered":"https:\/\/roveyayinevi.com.tr\/index.php\/urun\/bir-karin-agrisi-vakasi\/"},"modified":"2026-04-16T02:39:04","modified_gmt":"2026-04-15T23:39:04","slug":"bir-karin-agrisi-vakasi","status":"publish","type":"product","link":"https:\/\/roveyayinevi.com.tr\/index.php\/urun\/bir-karin-agrisi-vakasi\/","title":{"rendered":"Bir Kar\u0131n A\u011fr\u0131s\u0131 Vakas\u0131"},"content":{"rendered":"<p>\u00c7ocuk Dedektif Mert Soran\u2019\u0131n yepyeni maceras\u0131yla ile tan\u0131\u015fmaya ve stres canavar\u0131n\u0131 e\u011fitmeye haz\u0131r m\u0131s\u0131n?  Mert Soran, \u00e7ocuklar\u0131n ya\u015fad\u0131klar\u0131 fizyolojik sorunlar\u0131n sebeplerini ara\u015ft\u0131ran ve bu zorluklar\u0131 \u00e7\u00f6zmeleri konusunda onlara yard\u0131mc\u0131 olan bir \u00e7ocuk dedektif. Kendi deneyimlerinden de yola \u00e7\u0131karak onlar i\u00e7in karma\u015f\u0131k g\u00f6r\u00fcnen meselelere pratik \u00e7\u00f6z\u00fcmler bulmak i\u015finin en \u00f6nemli par\u00e7as\u0131. Misyonu, arkada\u015flar\u0131n\u0131n problemleri \u00fczerinde hakimiyet kazanarak rahat ve mutlu hissetmeleri. Mizahi dili ve empatik yakla\u015f\u0131m\u0131 ise en karakteristik \u00f6zellikleri aras\u0131nda.  Bir Kar\u0131n A\u011fr\u0131s\u0131 Vakas\u0131\u2019nda Mert, dan\u0131\u015fan\u0131 Ezgi \u00c7\u00f6zer\u2019le birlikte yepyeni bir maceraya at\u0131l\u0131yor. Ezgi\u2019nin ge\u00e7mek bilmeyen kar\u0131n a\u011fr\u0131lar\u0131n\u0131n pe\u015fine d\u00fc\u015ft\u00fckleri bu hikayede, a\u011fr\u0131lar\u0131n fizyolojik sebeplerini g\u00f6zden ge\u00e7irerek ve \u00f6nemli tetikleyici fakt\u00f6rleri eleyerek, kar\u0131n a\u011fr\u0131lar\u0131n\u0131n alt\u0131nda yatan ruhsal sebepleri ke\u015ffediyor. Dr. Howard J. Bennett, \u00c7ocuk Dedektif Mert Soran serisinin ilk kitab\u0131 Bir Yatak Islatma Vakas\u0131\u2019nda oldu\u011fu gibi, burada da \u00e7ocuklar\u0131n sa\u011fl\u0131k konusunda kar\u015f\u0131la\u015ft\u0131klar\u0131 g\u00fc\u00e7l\u00fcklere yaratt\u0131\u011f\u0131 samimi karakterler arac\u0131l\u0131\u011f\u0131yla e\u011flenceli bir bak\u0131\u015f a\u00e7\u0131s\u0131 sunuyor. Bir \u00e7ocuk doktoru olarak sahip oldu\u011fu klinik tecr\u00fcbeler ve pozitif bak\u0131\u015f a\u00e7\u0131s\u0131, yatak \u0131slatma veya kar\u0131n a\u011fr\u0131lar\u0131 gibi deneyimlenmesi zor olan konular\u0131 \u00e7ocuklar\u0131n rahat\u00e7a d\u00fc\u015f\u00fcnebilmelerini ve konu\u015fabilmelerini m\u00fcmk\u00fcn k\u0131l\u0131yor. Amerikan Psikoloji Derne\u011fi \u00c7ocuk ve Gen\u00e7lik Kitaplar\u0131, \u00e7ocuklar\u0131n farkl\u0131 geli\u015fim d\u00f6nemlerinde kar\u015f\u0131la\u015ft\u0131klar\u0131 sorunlar\u0131 b\u00fcy\u00fck meseleler haline d\u00f6n\u00fc\u015fmeden nas\u0131l \u00e7\u00f6zeceklerini birbirinden ilgin\u00e7 hikayelerle anlat\u0131rken, onlar\u0131n konu\u015fmakta en zorland\u0131klar\u0131 konularla bile rahat\u00e7a temas edebilmelerine olanak sa\u011fl\u0131yor. Her \u00e7ocu\u011fun ve ailenin kendilerinden bir \u015feyler bulabilecekleri kadar do\u011fal, kendilerine uygun \u00e7\u00f6z\u00fcm yollar\u0131 ke\u015ffedebilecekleri kadar da zengin bir i\u00e7eri\u011fe sahip. \u00c7ocuklar hikaye kahramanlar\u0131yla rahat\u00e7a \u00f6zde\u015fim kurarak, onlar\u0131n maceralar\u0131 arac\u0131l\u0131\u011f\u0131yla kendi ruh d\u00fcnyalar\u0131nda bir yolculu\u011fa \u00e7\u0131k\u0131yorlar. APA\u2019n\u0131n her bir kitab\u0131, \u00e7ocuk ve yeti\u015fkin d\u00fcnyas\u0131 aras\u0131nda k\u00f6pr\u00fc kurarak, birbirleriyle olan ileti\u015fimlerini g\u00fc\u00e7lendiriyor. En \u00f6nemlisi de \u00e7ocuklara, kendi kendilerine nas\u0131l yard\u0131m edebilecekleri konusunda yol g\u00f6steriyor.  <\/p>\n","protected":false},"excerpt":{"rendered":"<p>\u00c7ocuk Dedektif Mert Soran\u2019\u0131n yepyeni maceras\u0131yla ile tan\u0131\u015fmaya ve stres canavar\u0131n\u0131 e\u011fitmeye haz\u0131r m\u0131s\u0131n? Mert Soran, \u00e7ocuklar\u0131n ya\u015fad\u0131klar\u0131 fizyolojik sorunlar\u0131n sebeplerini ara\u015ft\u0131ran ve bu zorluklar\u0131 \u00e7\u00f6zmeleri<span class=\"excerpt-hellip\"> [\u2026]<\/span><\/p>\n","protected":false},"featured_media":0,"template":"","meta":{"_monsterinsights_skip_tracking":false,"_monsterinsights_sitenote_active":false,"_monsterinsights_sitenote_note":"","_monsterinsights_sitenote_category":0},"product_brand":[],"product_cat":[12913,12274],"product_tag":[],"class_list":{"0":"post-731293","1":"product","2":"type-product","3":"status-publish","5":"product_cat-3-6-yas-kitaplari","6":"product_cat-cocuk-ve-genclik-kitaplari","7":"pa_cilt-ciltsiz","8":"pa_tur-kitap","9":"pa_yayinevi-okuyan-koala","10":"pa_yazar-howard-j-bennett","12":"first","13":"instock","14":"sale","15":"shipping-taxable","16":"purchasable","17":"product-type-simple"},"_links":{"self":[{"href":"https:\/\/roveyayinevi.com.tr\/index.php\/wp-json\/wp\/v2\/product\/731293","targetHints":{"allow":["GET"]}}],"collection":[{"href":"https:\/\/roveyayinevi.com.tr\/index.php\/wp-json\/wp\/v2\/product"}],"about":[{"href":"https:\/\/roveyayinevi.com.tr\/index.php\/wp-json\/wp\/v2\/types\/product"}],"wp:attachment":[{"href":"https:\/\/roveyayinevi.com.tr\/index.php\/wp-json\/wp\/v2\/media?parent=731293"}],"wp:term":[{"taxonomy":"product_brand","embeddable":true,"href":"https:\/\/roveyayinevi.com.tr\/index.php\/wp-json\/wp\/v2\/product_brand?post=731293"},{"taxonomy":"product_cat","embeddable":true,"href":"https:\/\/roveyayinevi.com.tr\/index.php\/wp-json\/wp\/v2\/product_cat?post=731293"},{"taxonomy":"product_tag","embeddable":true,"href":"https:\/\/roveyayinevi.com.tr\/index.php\/wp-json\/wp\/v2\/product_tag?post=731293"}],"curies":[{"name":"wp","href":"https:\/\/api.w.org\/{rel}","templated":true}]}}