{"id":731291,"date":"2025-08-27T21:29:09","date_gmt":"2025-08-27T18:29:09","guid":{"rendered":"https:\/\/roveyayinevi.com.tr\/index.php\/urun\/sogut-turk-edebiyati-dergisi-sayi-08-mart-nisan-2021\/"},"modified":"2026-04-16T02:39:04","modified_gmt":"2026-04-15T23:39:04","slug":"sogut-turk-edebiyati-dergisi-sayi-08-mart-nisan-2021","status":"publish","type":"product","link":"https:\/\/roveyayinevi.com.tr\/index.php\/urun\/sogut-turk-edebiyati-dergisi-sayi-08-mart-nisan-2021\/","title":{"rendered":"S\u00f6\u011f\u00fct &#8211; T\u00fcrk Edebiyat\u0131 Dergisi Say\u0131 08 \/ Mart &#8211; Nisan 2021"},"content":{"rendered":"<p>DosyaProf. Dr. Faz\u0131l G\u00f6k\u00e7ek \u0130le Akif\u2019e Dair \/ Tu\u011f\u00e7e Me\u00e7Ortak Duyu\u015fun Dili Ve Kendisini Milletin Huzurunda G\u00f6ren \u015eair: Mehmet Akif Ersoy Salim Cono\u011fluMehmet Akif\u2019i Anlamaya Dair Dikkatler \/ Muharrem Dayan\u00e7Dil Olmak Endi\u015fesi: Mehmet Akif Ersoy \u015eiirlerinin Kurulu\u015f\u2019u \/ Ahmet C\u00fcneyt Iss\u0131Mehmet Akif\u2019in Dostu Sar\u0131kl\u0131 T\u00fcrk\u00e7\u00fc; Hal\u00eem S\u00e2b:T \u015eibay \/ Tahsin Y\u0131ld\u0131r\u0131mB\u00f6yle Bir Dostluk G\u00f6r\u00fclmem\u0131\u015ftir \/ Mehmet Ayc\u0131Akif Ersoy: Zaptiye Ruhuyla H\u00fck\u00fcmet S\u00fcrenin, Yeri Alt\u0131ndad\u0131r, \u00dcst\u00fcnde De\u011fildir K\u00fcrenin! \/ Hayati TekBen Mehmet Akif \/ Cengizhan Orak\u00e7\u0131 Deneme C\u00f6nk Yaz\u0131lar\u0131 -6- \u201cD\u00fcnya \u00c7i\u00e7e\u011fi\u201d Ali DuymazAray\u0131\u015f \/ Rabia Karanfil\u015e\u00fck\u00fcr Makam\u0131nda Bir Bilge: Do\u011fan C\u00fccelo\u011flu \/ Ya\u011f\u0131z G\u00f6n\u00fclerK\u00e2\u011f\u0131ttan Bir D\u00fcnya \/ Mustafa KurtGece Esintileri \/ Ersin BayramSeyir Var Seyir \u0130\u00e7inde \/ Tekin \u015eener\u0130\u00e7li Bir Saat Gibidir Anne Kalbi \/ Erhan Pa\u015faz\u00e2deKutadgu Bilig\u2019den T\u00fcrk\u00fclere Bin Y\u0131ll\u0131k Bir Deyimin \u0130zinde \/ Mustafa Sar\u0131K\u0131rk Belikli Bac\u0131 Eren \/ Cansu Co\u015fkunBa\u015f\u0131m \u0130nternetle De\u011fil, \u0130nternet\u00e7ilerle Dertte \/ Ya\u015far \u00c7a\u011fbay\u0131r \u0130ncelemeD\u00fc\u011f\u00fcmlere Biti\u015fik Ya\u015famlar\u0131n Hik\u00e2yesi \/ Elif Arpac\u0131K\u00e2inat\u0131n Ritmi \/ Arafat DenizKaranl\u0131k D\u00fckk\u00e2nlar Soka\u011f\u0131 \/ Zafer Sara\u00e7Hangi Karanfil? \/ Nasuha SukasGeometri Bilmeyen, \u015eiire Girebilir Mi? \/ M. Sadi KarademirMuhammet Erdevir\u2019in Lav Denizindeki Ada\u2019s\u0131na Dair \/ \u0130smail K\u0131l\u0131n\u00e7Nusret \/ U\u011fur BecerikliTehlikeli Estetik: Edebi Metnin Anlam\u0131 \u00dczerine \/ Saadet \u00c7etin Y\u0131ld\u0131r\u0131mUnutulmu\u015f Gazeteciler Unutulmaz Hat\u0131ralar \/ Harun G\u00f6r\u00fcc\u00fcler Tefrika\u201cBuzlu Camlar\u0131n Ard\u0131ndan\u201d \/ Metin Sava\u015f Hik\u00e2yeOralet \/ Feyza AyBir Tutam, Kanla Kar\u0131\u015f\u0131k \/ Merve Sevde SelviSon Haziran \/ Deniz DepeR\u00fcya \/ Aydan Alg\u00fclAte\u015fe Yazg\u0131l\u0131 \/ Ay\u015feg\u00fcl At\u0131lganPanay\u0131r Yeri \/ Menek\u015fe Ercan PekelSeyir Defteri \/ Asuman DemirLay Lay \/ Nil\u00fcfer Ate\u015fKon\u00e7uy \/ Necdet EkiciSigara \/ Nisa EserSuskun Kar \/ Filiz Adal\u0131 \u015eiirGidemeyenlerin En Y\u00fcreklisi \/ Fatma AksuA\u011fa\u00e7lar Tarihinden \/ Cengizhan Orak\u00e7\u0131Sessiz Tren \/ M. Tu\u011frul \u00c7olakGitmemelerin M\u00fcmk\u00fcn\u00fc \/ Ayy\u00fcce G\u00fclo\u011fluAnadan \u00dcryan Anka Ku\u015fu \/ Kevser EkeKalan \/ Emirhan EderBiz B\u00f6yle Ne \u0130yi \/ Muhammet Durmu\u015fEfk\u00e2r L\u00fckmen Ve Mektup \/ Mehmet \u015eamilS\u0131r\u00e7a Kubbe: Umut \/ \u0130brahim Da\u015fKirli Sakal \/ M. Sadi KarademirEzber Bir Yaln\u0131zl\u0131k \/Mustafa U\u00e7urum<\/p>\n","protected":false},"excerpt":{"rendered":"<p>DosyaProf. Dr. Faz\u0131l G\u00f6k\u00e7ek \u0130le Akif\u2019e Dair \/ Tu\u011f\u00e7e Me\u00e7Ortak Duyu\u015fun Dili Ve Kendisini Milletin Huzurunda G\u00f6ren \u015eair: Mehmet Akif Ersoy Salim Cono\u011fluMehmet Akif\u2019i Anlamaya Dair<span class=\"excerpt-hellip\"> [\u2026]<\/span><\/p>\n","protected":false},"featured_media":0,"template":"","meta":{"_monsterinsights_skip_tracking":false,"_monsterinsights_sitenote_active":false,"_monsterinsights_sitenote_note":"","_monsterinsights_sitenote_category":0},"product_brand":[],"product_cat":[13527],"product_tag":[],"class_list":{"0":"post-731291","1":"product","2":"type-product","3":"status-publish","5":"product_cat-sureli-yayinlar","6":"pa_cilt-ciltsiz","7":"pa_tur-dergi","8":"pa_yayinevi-otuken-nesriyat","9":"pa_yazar-otuken-nesriyat-kolektif","11":"first","12":"instock","13":"sale","14":"shipping-taxable","15":"purchasable","16":"product-type-simple"},"_links":{"self":[{"href":"https:\/\/roveyayinevi.com.tr\/index.php\/wp-json\/wp\/v2\/product\/731291","targetHints":{"allow":["GET"]}}],"collection":[{"href":"https:\/\/roveyayinevi.com.tr\/index.php\/wp-json\/wp\/v2\/product"}],"about":[{"href":"https:\/\/roveyayinevi.com.tr\/index.php\/wp-json\/wp\/v2\/types\/product"}],"wp:attachment":[{"href":"https:\/\/roveyayinevi.com.tr\/index.php\/wp-json\/wp\/v2\/media?parent=731291"}],"wp:term":[{"taxonomy":"product_brand","embeddable":true,"href":"https:\/\/roveyayinevi.com.tr\/index.php\/wp-json\/wp\/v2\/product_brand?post=731291"},{"taxonomy":"product_cat","embeddable":true,"href":"https:\/\/roveyayinevi.com.tr\/index.php\/wp-json\/wp\/v2\/product_cat?post=731291"},{"taxonomy":"product_tag","embeddable":true,"href":"https:\/\/roveyayinevi.com.tr\/index.php\/wp-json\/wp\/v2\/product_tag?post=731291"}],"curies":[{"name":"wp","href":"https:\/\/api.w.org\/{rel}","templated":true}]}}