{"id":731290,"date":"2025-08-27T21:29:08","date_gmt":"2025-08-27T18:29:08","guid":{"rendered":"https:\/\/roveyayinevi.com.tr\/index.php\/urun\/olmek-bir-sey-degil-yasamamak-korkunc-victor-hugodan-hayat-dersleri\/"},"modified":"2026-04-15T02:50:35","modified_gmt":"2026-04-14T23:50:35","slug":"olmek-bir-sey-degil-yasamamak-korkunc-victor-hugodan-hayat-dersleri","status":"publish","type":"product","link":"https:\/\/roveyayinevi.com.tr\/index.php\/urun\/olmek-bir-sey-degil-yasamamak-korkunc-victor-hugodan-hayat-dersleri\/","title":{"rendered":"\u00d6lmek Bir \u015eey De\u011fil, Ya\u015famamak Korkun\u00e7! &#8211; Victor Hugo\u2019dan Hayat Dersleri"},"content":{"rendered":"<p>Bu kitab\u0131n sayfalar\u0131nda Frans\u0131z ve d\u00fcnya edebiyat\u0131n\u0131n k\u00f6\u015fe ta\u015flar\u0131ndan \u015fair, oyun yazar\u0131 ve romanc\u0131 Victor Hugo\u2019nun m\u00fccadeleci ya\u015fam \u00f6yk\u00fcs\u00fcn\u00fc, sanatsal dehas\u0131n\u0131 yans\u0131tan eserlerindeki en \u00e7arp\u0131c\u0131 kesitleri bulacaks\u0131n\u0131z *S\u0131r, bir a\u011f gibidir; deliklerinden biri y\u0131rt\u0131l\u0131nca bir s\u00fcre sonra tamam\u0131 par\u00e7alan\u0131r. * Elmaslar sadece topra\u011f\u0131n karanl\u0131klar\u0131nda, ger\u00e7ekler sadece d\u00fc\u015f\u00fcncenin derinliklerinde bulunur.   * Baz\u0131 anlar oluyor ki insan bir sa\u00e7 teliyle bir zinciri k\u0131rabilece\u011fine inan\u0131yor. * \u0130nsan tek merkezli bir daire de\u011fil, biri olay di\u011feri d\u00fc\u015f\u00fcnceden olu\u015fan \u00e7ift oda\u011fa sahip bir elipstir. * Etraf\u0131m\u0131za yayd\u0131\u011f\u0131m\u0131z ne\u015fe her \u0131\u015f\u0131k gibi s\u00f6n\u00fcp gidecek yerde, bize daha b\u00fcy\u00fck bir par\u0131lt\u0131yla geri d\u00f6nd\u00fc\u011f\u00fc i\u00e7in \u00e7ok sevimlidir. * Bir gen\u00e7 k\u0131z\u0131n ruhuna bi\u00e7im verme s\u00f6z konusu oldu\u011funda t\u00fcm rahibeler bir araya gelseler, yine de bir anne etmezler.   * Ruhun \u00e7\u0131rp\u0131nmalar\u0131n\u0131n yan\u0131nda bir \u015fehrin \u00e7alkant\u0131lar\u0131 nedir ki? \u0130nsan, toplumdan daha derindir. <\/p>\n","protected":false},"excerpt":{"rendered":"<p>Bu kitab\u0131n sayfalar\u0131nda Frans\u0131z ve d\u00fcnya edebiyat\u0131n\u0131n k\u00f6\u015fe ta\u015flar\u0131ndan \u015fair, oyun yazar\u0131 ve romanc\u0131 Victor Hugo\u2019nun m\u00fccadeleci ya\u015fam \u00f6yk\u00fcs\u00fcn\u00fc, sanatsal dehas\u0131n\u0131 yans\u0131tan eserlerindeki en \u00e7arp\u0131c\u0131 kesitleri<span class=\"excerpt-hellip\"> [\u2026]<\/span><\/p>\n","protected":false},"featured_media":0,"template":"","meta":{"_monsterinsights_skip_tracking":false,"_monsterinsights_sitenote_active":false,"_monsterinsights_sitenote_note":"","_monsterinsights_sitenote_category":0},"product_brand":[],"product_cat":[12364,12376],"product_tag":[],"class_list":{"0":"post-731290","1":"product","2":"type-product","3":"status-publish","5":"product_cat-genel-konular","6":"product_cat-kisisel-gelisim","7":"pa_cilt-ciltsiz","8":"pa_tur-kitap","9":"pa_yayinevi-hayykitap","10":"pa_yazar-hayykitap-kolektif","12":"first","13":"instock","14":"sale","15":"shipping-taxable","16":"purchasable","17":"product-type-simple"},"_links":{"self":[{"href":"https:\/\/roveyayinevi.com.tr\/index.php\/wp-json\/wp\/v2\/product\/731290","targetHints":{"allow":["GET"]}}],"collection":[{"href":"https:\/\/roveyayinevi.com.tr\/index.php\/wp-json\/wp\/v2\/product"}],"about":[{"href":"https:\/\/roveyayinevi.com.tr\/index.php\/wp-json\/wp\/v2\/types\/product"}],"wp:attachment":[{"href":"https:\/\/roveyayinevi.com.tr\/index.php\/wp-json\/wp\/v2\/media?parent=731290"}],"wp:term":[{"taxonomy":"product_brand","embeddable":true,"href":"https:\/\/roveyayinevi.com.tr\/index.php\/wp-json\/wp\/v2\/product_brand?post=731290"},{"taxonomy":"product_cat","embeddable":true,"href":"https:\/\/roveyayinevi.com.tr\/index.php\/wp-json\/wp\/v2\/product_cat?post=731290"},{"taxonomy":"product_tag","embeddable":true,"href":"https:\/\/roveyayinevi.com.tr\/index.php\/wp-json\/wp\/v2\/product_tag?post=731290"}],"curies":[{"name":"wp","href":"https:\/\/api.w.org\/{rel}","templated":true}]}}