{"id":731288,"date":"2025-08-27T21:29:06","date_gmt":"2025-08-27T18:29:06","guid":{"rendered":"https:\/\/roveyayinevi.com.tr\/index.php\/urun\/bambaska\/"},"modified":"2026-04-16T02:39:04","modified_gmt":"2026-04-15T23:39:04","slug":"bambaska","status":"publish","type":"product","link":"https:\/\/roveyayinevi.com.tr\/index.php\/urun\/bambaska\/","title":{"rendered":"Bamba\u015fka"},"content":{"rendered":"<p>Kal\u0131r gibi gidi\u015flerini izledim \u00f6nce, sonra gider gibi kal\u0131\u015flar\u0131n\u0131&#8230; Ve anlad\u0131m ki ne sen gidebiliyorsun ne ben kalabiliyorum. \u00d6yle bir hayat ya\u015f\u0131yoruz ki \u015fimdi; a\u011flamak g\u00fclmenin mahkumu, g\u00fclmek a\u011flaman\u0131n gardiyan\u0131 gibi sanki&#8230; Ve anlad\u0131m ki ne seninle a\u011flayabiliyorum, ne de sensiz g\u00fclebiliyorum. Belki de sen a\u015fka a\u015f\u0131kt\u0131n, ben \u00fcst\u00fcme al\u0131nd\u0131m bilmiyorum.Bir g\u00fcn ger\u00e7ekten seni terk edebilecek miyim onu da bilmiyorum. \u00dczerine sinen benin kokusunu duymadan ya\u015fayabilecek misin?.. \u00c7\u00fcnk\u00fc, senden geriye sadece sen kalana dek terk edilmi\u015f olmuyorsun. \u0130nsan ya\u015fad\u0131\u011f\u0131 an\u0131n de\u011ferini ya\u015fad\u0131klar\u0131ndan \u00f6t\u00fcr\u00fc de\u011fil, neler ya\u015fayaca\u011f\u0131n\u0131 bilmedi\u011finden \u00f6t\u00fcr\u00fc bilmez. Seni \u00e7ok seviyorum; bir g\u00fcn seni terk etme g\u00fcc\u00fcm\u00fc kendimde bulup bulamayaca\u011f\u0131m\u0131 bilmeye bilmeye&#8230; Anl\u0131yor musun? Gel &#8220;biz&#8221; olal\u0131m demek kolay&#8230;Benimle hi\u00e7 olur musun? \u015eiirleri ve romanlar\u0131yla kalplerinize dokunan Kahraman Tazeo\u011flu, &#8220;Bamba\u015fka\u201d ile sizi yine duygusal bir yolculu\u011fa davet ediyor.<\/p>\n","protected":false},"excerpt":{"rendered":"<p>Kal\u0131r gibi gidi\u015flerini izledim \u00f6nce, sonra gider gibi kal\u0131\u015flar\u0131n\u0131&#8230; Ve anlad\u0131m ki ne sen gidebiliyorsun ne ben kalabiliyorum. \u00d6yle bir hayat ya\u015f\u0131yoruz ki \u015fimdi; a\u011flamak g\u00fclmenin<span class=\"excerpt-hellip\"> [\u2026]<\/span><\/p>\n","protected":false},"featured_media":0,"template":"","meta":{"_monsterinsights_skip_tracking":false,"_monsterinsights_sitenote_active":false,"_monsterinsights_sitenote_note":"","_monsterinsights_sitenote_category":0},"product_brand":[],"product_cat":[12291,12711],"product_tag":[],"class_list":{"0":"post-731288","1":"product","2":"type-product","3":"status-publish","5":"product_cat-edebiyat","6":"product_cat-roman-oyku","7":"pa_cilt-ciltsiz","8":"pa_tur-kitap","9":"pa_yayinevi-yediveren-yayinlari","10":"pa_yazar-kahraman-tazeoglu","12":"first","13":"instock","14":"sale","15":"shipping-taxable","16":"purchasable","17":"product-type-simple"},"_links":{"self":[{"href":"https:\/\/roveyayinevi.com.tr\/index.php\/wp-json\/wp\/v2\/product\/731288","targetHints":{"allow":["GET"]}}],"collection":[{"href":"https:\/\/roveyayinevi.com.tr\/index.php\/wp-json\/wp\/v2\/product"}],"about":[{"href":"https:\/\/roveyayinevi.com.tr\/index.php\/wp-json\/wp\/v2\/types\/product"}],"wp:attachment":[{"href":"https:\/\/roveyayinevi.com.tr\/index.php\/wp-json\/wp\/v2\/media?parent=731288"}],"wp:term":[{"taxonomy":"product_brand","embeddable":true,"href":"https:\/\/roveyayinevi.com.tr\/index.php\/wp-json\/wp\/v2\/product_brand?post=731288"},{"taxonomy":"product_cat","embeddable":true,"href":"https:\/\/roveyayinevi.com.tr\/index.php\/wp-json\/wp\/v2\/product_cat?post=731288"},{"taxonomy":"product_tag","embeddable":true,"href":"https:\/\/roveyayinevi.com.tr\/index.php\/wp-json\/wp\/v2\/product_tag?post=731288"}],"curies":[{"name":"wp","href":"https:\/\/api.w.org\/{rel}","templated":true}]}}