{"id":731287,"date":"2025-08-27T21:29:05","date_gmt":"2025-08-27T18:29:05","guid":{"rendered":"https:\/\/roveyayinevi.com.tr\/index.php\/urun\/duruyordu-bir-yol-durmasi-gereken-yerde\/"},"modified":"2026-04-16T02:39:04","modified_gmt":"2026-04-15T23:39:04","slug":"duruyordu-bir-yol-durmasi-gereken-yerde","status":"publish","type":"product","link":"https:\/\/roveyayinevi.com.tr\/index.php\/urun\/duruyordu-bir-yol-durmasi-gereken-yerde\/","title":{"rendered":"Duruyordu Bir Yol Durmas\u0131 Gereken Yerde"},"content":{"rendered":"<p>\u015eiir, hakikatin ula\u011f\u0131d\u0131r. Ve \u015fair, varl\u0131k olu\u015f\u2019unun ifadesini imgeye d\u00f6n\u00fc\u015ft\u00fcr\u00fcp alg\u0131lay\u0131c\u0131 imgeyle temas ederek kendi varl\u0131k olu\u015f\u2019una y\u00f6neldi\u011finde de anlam olu\u015fur. Ali Hikmet Eren bu s\u00fcrecin \u00f6nemli bir k\u0131r\u0131lma an\u0131nda. Nerede g\u00f6r\u00fclse \u00f6zg\u00fcnl\u00fc\u011f\u00fc fark edilecek \u015fiir tekni\u011fi, g\u00fc\u00e7l\u00fc s\u00f6ylemi, \u00f6zellikle s\u00f6zdizimindeki (syntax) duyarl\u0131l\u0131\u011f\u0131 ile durmas\u0131 gereken yeri bilen bir yolda ilerliyor. Ve \u015fairin ilerledi\u011fi bu yol \u015fiir tekni\u011fini geni\u015fleten, poetik mecray\u0131 derinle\u015ftiren, nesnelerden uzama, ev\u2019den balkon\u2019a, i\u00e7\u2019e ve i\u00e7\u2019ten gelene, ilk anda kapal\u0131 gibi g\u00f6r\u00fcnse de duyguya, deneyime meyletmi\u015f bir y\u00f6nseme. S\u00f6zc\u00fckler ve s\u00f6zdizimi k\u0131r\u0131k bir aya\u011f\u0131 konyakla bezerken, ev i\u00e7i an\u2019lar\u0131n mahremiyeti adlar\u0131 an\u0131lan dostlar\u0131n da kat\u0131lmas\u0131yla poetik bir kalk\u0131\u015fmaya, arbedeye d\u00f6n\u00fc\u015f\u00fcyor. \u015eair, cem ettikleriyle hayata ve kendine, ben\u2019e ve \u00f6teki\u2019ne diklenmeye devam ediyor. \u00c7\u00fcnk\u00fc \u015fiir, kazanmak de\u011fildir! \u015eiir, daima! <\/p>\n","protected":false},"excerpt":{"rendered":"<p>\u015eiir, hakikatin ula\u011f\u0131d\u0131r. Ve \u015fair, varl\u0131k olu\u015f\u2019unun ifadesini imgeye d\u00f6n\u00fc\u015ft\u00fcr\u00fcp alg\u0131lay\u0131c\u0131 imgeyle temas ederek kendi varl\u0131k olu\u015f\u2019una y\u00f6neldi\u011finde de anlam olu\u015fur. Ali Hikmet Eren bu s\u00fcrecin<span class=\"excerpt-hellip\"> [\u2026]<\/span><\/p>\n","protected":false},"featured_media":0,"template":"","meta":{"_monsterinsights_skip_tracking":false,"_monsterinsights_sitenote_active":false,"_monsterinsights_sitenote_note":"","_monsterinsights_sitenote_category":0},"product_brand":[],"product_cat":[12291,12509],"product_tag":[],"class_list":{"0":"post-731287","1":"product","2":"type-product","3":"status-publish","5":"product_cat-edebiyat","6":"product_cat-siir","7":"pa_cilt-ciltsiz","8":"pa_tur-kitap","9":"pa_yayinevi-medakitap-yayinlari","10":"pa_yazar-ali-hikmet-eren","12":"first","13":"instock","14":"sale","15":"shipping-taxable","16":"purchasable","17":"product-type-simple"},"_links":{"self":[{"href":"https:\/\/roveyayinevi.com.tr\/index.php\/wp-json\/wp\/v2\/product\/731287","targetHints":{"allow":["GET"]}}],"collection":[{"href":"https:\/\/roveyayinevi.com.tr\/index.php\/wp-json\/wp\/v2\/product"}],"about":[{"href":"https:\/\/roveyayinevi.com.tr\/index.php\/wp-json\/wp\/v2\/types\/product"}],"wp:attachment":[{"href":"https:\/\/roveyayinevi.com.tr\/index.php\/wp-json\/wp\/v2\/media?parent=731287"}],"wp:term":[{"taxonomy":"product_brand","embeddable":true,"href":"https:\/\/roveyayinevi.com.tr\/index.php\/wp-json\/wp\/v2\/product_brand?post=731287"},{"taxonomy":"product_cat","embeddable":true,"href":"https:\/\/roveyayinevi.com.tr\/index.php\/wp-json\/wp\/v2\/product_cat?post=731287"},{"taxonomy":"product_tag","embeddable":true,"href":"https:\/\/roveyayinevi.com.tr\/index.php\/wp-json\/wp\/v2\/product_tag?post=731287"}],"curies":[{"name":"wp","href":"https:\/\/api.w.org\/{rel}","templated":true}]}}