{"id":731286,"date":"2025-08-27T21:29:04","date_gmt":"2025-08-27T18:29:04","guid":{"rendered":"https:\/\/roveyayinevi.com.tr\/index.php\/urun\/artamonovlar-ciltli\/"},"modified":"2026-04-16T02:39:04","modified_gmt":"2026-04-15T23:39:04","slug":"artamonovlar-ciltli","status":"publish","type":"product","link":"https:\/\/roveyayinevi.com.tr\/index.php\/urun\/artamonovlar-ciltli\/","title":{"rendered":"Artamonovlar (Ciltli)"},"content":{"rendered":"<p>Keskin g\u00f6zlemcili\u011fi, capcanl\u0131 karakterler yaratma yetene\u011fi ve Rus toplumunun alt s\u0131n\u0131flar\u0131na ili\u015fkin bizzat deneyime dayanan e\u015fsiz bilgisiyle d\u00f6neminin en \u00f6nemli edebi ki\u015filiklerinden biri olan Gorki, devrimden sonra da 1917 \u00f6ncesi d\u00f6neme ilgisini kaybetmeyen Sovyet yazarlar\u0131ndand\u0131r. Gorki 1925 y\u0131l\u0131nda yay\u0131mlanan, en etkileyici ve en dramatik roman\u0131 olarak nitelenen Artamonovlar\u2019da, devrim \u00f6ncesi Rus kapitalizminin y\u00fckseli\u015f ve \u00e7\u00f6k\u00fc\u015f\u00fcn\u00fc i\u015fler. Toprak k\u00f6leli\u011finin kalkmas\u0131ndan sonra \u00f6zg\u00fcrl\u00fc\u011f\u00fcne kavu\u015fan \u0130lya Artamonov kendi i\u015fini kurar ve o\u011fullar\u0131na \u00e7ok \u00e7al\u0131\u015fma ve al\u00e7akg\u00f6n\u00fcll\u00fcl\u00fck gibi de\u011ferleri aktarmaya \u00e7al\u0131\u015f\u0131r. Gorki bu aile destan\u0131nda Artamonovlar\u0131n k\u00fc\u00e7\u00fck bir fabrikayla ba\u015flay\u0131p i\u015fini b\u00fcy\u00fcten e\u011fitimsiz ama g\u00fc\u00e7l\u00fc ve giri\u015fimci b\u00fcy\u00fckbabadan, entelekt\u00fcel ve devrimci toruna uzanan \u00fc\u00e7 ku\u015fakl\u0131k \u00f6yk\u00fcs\u00fcn\u00fc anlat\u0131r. <\/p>\n","protected":false},"excerpt":{"rendered":"<p>Keskin g\u00f6zlemcili\u011fi, capcanl\u0131 karakterler yaratma yetene\u011fi ve Rus toplumunun alt s\u0131n\u0131flar\u0131na ili\u015fkin bizzat deneyime dayanan e\u015fsiz bilgisiyle d\u00f6neminin en \u00f6nemli edebi ki\u015filiklerinden biri olan Gorki, devrimden<span class=\"excerpt-hellip\"> [\u2026]<\/span><\/p>\n","protected":false},"featured_media":0,"template":"","meta":{"_monsterinsights_skip_tracking":false,"_monsterinsights_sitenote_active":false,"_monsterinsights_sitenote_note":"","_monsterinsights_sitenote_category":0},"product_brand":[],"product_cat":[12291,26797],"product_tag":[],"class_list":{"0":"post-731286","1":"product","2":"type-product","3":"status-publish","5":"product_cat-edebiyat","6":"product_cat-modern-klasikler","7":"pa_cilt-ciltli","8":"pa_tur-kitap","9":"pa_yayinevi-is-bankasi-kultur-yayinlari","10":"pa_yazar-maksim-gorki","12":"first","13":"instock","14":"sale","15":"shipping-taxable","16":"purchasable","17":"product-type-simple"},"_links":{"self":[{"href":"https:\/\/roveyayinevi.com.tr\/index.php\/wp-json\/wp\/v2\/product\/731286","targetHints":{"allow":["GET"]}}],"collection":[{"href":"https:\/\/roveyayinevi.com.tr\/index.php\/wp-json\/wp\/v2\/product"}],"about":[{"href":"https:\/\/roveyayinevi.com.tr\/index.php\/wp-json\/wp\/v2\/types\/product"}],"wp:attachment":[{"href":"https:\/\/roveyayinevi.com.tr\/index.php\/wp-json\/wp\/v2\/media?parent=731286"}],"wp:term":[{"taxonomy":"product_brand","embeddable":true,"href":"https:\/\/roveyayinevi.com.tr\/index.php\/wp-json\/wp\/v2\/product_brand?post=731286"},{"taxonomy":"product_cat","embeddable":true,"href":"https:\/\/roveyayinevi.com.tr\/index.php\/wp-json\/wp\/v2\/product_cat?post=731286"},{"taxonomy":"product_tag","embeddable":true,"href":"https:\/\/roveyayinevi.com.tr\/index.php\/wp-json\/wp\/v2\/product_tag?post=731286"}],"curies":[{"name":"wp","href":"https:\/\/api.w.org\/{rel}","templated":true}]}}