{"id":731285,"date":"2025-08-27T21:29:03","date_gmt":"2025-08-27T18:29:03","guid":{"rendered":"https:\/\/roveyayinevi.com.tr\/index.php\/urun\/seksen-gunde-dunya-gezisi-ciltli\/"},"modified":"2026-04-16T02:39:04","modified_gmt":"2026-04-15T23:39:04","slug":"seksen-gunde-dunya-gezisi-ciltli","status":"publish","type":"product","link":"https:\/\/roveyayinevi.com.tr\/index.php\/urun\/seksen-gunde-dunya-gezisi-ciltli\/","title":{"rendered":"Seksen G\u00fcnde D\u00fcnya Gezisi (Ciltli)"},"content":{"rendered":"<p>Londral\u0131 beyefendi Phileas Fogg, \u00fcyesi oldu\u011fu Reform-Kul\u00fcp\u2019te gazetesini okurken seksen g\u00fcnde d\u00fcnyay\u0131 dola\u015fman\u0131n m\u00fcmk\u00fcn oldu\u011funu \u00f6\u011frenir. Bu ola\u011fan\u00fcst\u00fc yolculuk 19. y\u00fczy\u0131lda sanayi devrimiyle gelen tren ve buharl\u0131 gemi gibi toplu ta\u015f\u0131ma ara\u00e7lar\u0131n\u0131n yan\u0131 s\u0131ra 1869 y\u0131l\u0131nda a\u00e7\u0131lan S\u00fcvey\u015f Kanal\u0131 sayesinde yap\u0131labilmektedir. Kul\u00fcp arkada\u015flar\u0131yla bu yolculu\u011fu seksen g\u00fcn i\u00e7inde tamamlayaca\u011f\u0131na dair bahse tutu\u015fan Fogg, ayn\u0131 g\u00fcn u\u015fa\u011f\u0131 Passepartout\u2019yla birlikte Londra\u2019dan ayr\u0131l\u0131r. Bu meydan okumayla ba\u015flayan bin bir t\u00fcrl\u00fc maceraya, bir polis soru\u015fturmas\u0131yla, bir de a\u015fk hik\u00e2yesi eklenir. Yay\u0131mland\u0131\u011f\u0131 1872 y\u0131l\u0131ndan beri pop\u00fclaritesinden hi\u00e7bir \u015fey yitirmeyen Seksen G\u00fcnde D\u00fcnya Gezisi yazar\u0131n en sevilen yap\u0131tlar\u0131ndan biridir. Verne\u2019in ula\u015f\u0131m olanaklar\u0131n\u0131n geli\u015fmesiyle \u201ck\u00fc\u00e7\u00fclen\u201d d\u00fcnyas\u0131na, art\u0131k elektronik \u00e7a\u011fa ad\u0131m atm\u0131\u015f ve geleneksel medyan\u0131n yerini yeni medyaya b\u0131rakmas\u0131yla bir \u201ck\u00fcresel k\u00f6y\u201de d\u00f6n\u00fc\u015ft\u00fc\u011f\u00fcnden dem vurulan g\u00fcn\u00fcm\u00fcz d\u00fcnyas\u0131ndan bakmak da ayr\u0131 bir macera olsa gerektir. <\/p>\n","protected":false},"excerpt":{"rendered":"<p>Londral\u0131 beyefendi Phileas Fogg, \u00fcyesi oldu\u011fu Reform-Kul\u00fcp\u2019te gazetesini okurken seksen g\u00fcnde d\u00fcnyay\u0131 dola\u015fman\u0131n m\u00fcmk\u00fcn oldu\u011funu \u00f6\u011frenir. Bu ola\u011fan\u00fcst\u00fc yolculuk 19. y\u00fczy\u0131lda sanayi devrimiyle gelen tren ve<span class=\"excerpt-hellip\"> [\u2026]<\/span><\/p>\n","protected":false},"featured_media":0,"template":"","meta":{"_monsterinsights_skip_tracking":false,"_monsterinsights_sitenote_active":false,"_monsterinsights_sitenote_note":"","_monsterinsights_sitenote_category":0},"product_brand":[],"product_cat":[12291,26797],"product_tag":[],"class_list":{"0":"post-731285","1":"product","2":"type-product","3":"status-publish","5":"product_cat-edebiyat","6":"product_cat-modern-klasikler","7":"pa_cilt-ciltli","8":"pa_tur-kitap","9":"pa_yayinevi-is-bankasi-kultur-yayinlari","10":"pa_yazar-jules-verne","12":"first","13":"instock","14":"sale","15":"shipping-taxable","16":"purchasable","17":"product-type-simple"},"_links":{"self":[{"href":"https:\/\/roveyayinevi.com.tr\/index.php\/wp-json\/wp\/v2\/product\/731285","targetHints":{"allow":["GET"]}}],"collection":[{"href":"https:\/\/roveyayinevi.com.tr\/index.php\/wp-json\/wp\/v2\/product"}],"about":[{"href":"https:\/\/roveyayinevi.com.tr\/index.php\/wp-json\/wp\/v2\/types\/product"}],"wp:attachment":[{"href":"https:\/\/roveyayinevi.com.tr\/index.php\/wp-json\/wp\/v2\/media?parent=731285"}],"wp:term":[{"taxonomy":"product_brand","embeddable":true,"href":"https:\/\/roveyayinevi.com.tr\/index.php\/wp-json\/wp\/v2\/product_brand?post=731285"},{"taxonomy":"product_cat","embeddable":true,"href":"https:\/\/roveyayinevi.com.tr\/index.php\/wp-json\/wp\/v2\/product_cat?post=731285"},{"taxonomy":"product_tag","embeddable":true,"href":"https:\/\/roveyayinevi.com.tr\/index.php\/wp-json\/wp\/v2\/product_tag?post=731285"}],"curies":[{"name":"wp","href":"https:\/\/api.w.org\/{rel}","templated":true}]}}