{"id":731284,"date":"2025-08-27T21:29:02","date_gmt":"2025-08-27T18:29:02","guid":{"rendered":"https:\/\/roveyayinevi.com.tr\/index.php\/urun\/alevli-nehirler-dinozor-yarislari\/"},"modified":"2026-04-16T02:39:04","modified_gmt":"2026-04-15T23:39:04","slug":"alevli-nehirler-dinozor-yarislari","status":"publish","type":"product","link":"https:\/\/roveyayinevi.com.tr\/index.php\/urun\/alevli-nehirler-dinozor-yarislari\/","title":{"rendered":"Alevli Nehirler &#8211; Dinozor Yar\u0131\u015flar\u0131"},"content":{"rendered":"<p>Milyonlarca y\u0131l \u00f6ncesinde dinozorlarla yar\u0131\u015fan be\u015f arkada\u015f devasa bir yanarda\u011f\u0131n ans\u0131z\u0131n patlamas\u0131yla birbirlerinden ayr\u0131 d\u00fc\u015fm\u00fc\u015flerdir. Evlerine d\u00f6nebilmek i\u00e7in bir araya gelerek toparlanmalar\u0131 ve s\u0131radaki yar\u0131\u015f\u0131 kazanmalar\u0131 gerekmektedir.Lav nehirleri aras\u0131ndan devasa canl\u0131larla yar\u0131\u015fmak sand\u0131klar\u0131 kadar kolay olmayacakt\u0131r. Milyonlarca y\u0131l \u00f6ncesine gidip nefes kesen, fantastik bir maceraya tan\u0131k olmaya haz\u0131r m\u0131s\u0131n?<\/p>\n","protected":false},"excerpt":{"rendered":"<p>Milyonlarca y\u0131l \u00f6ncesinde dinozorlarla yar\u0131\u015fan be\u015f arkada\u015f devasa bir yanarda\u011f\u0131n ans\u0131z\u0131n patlamas\u0131yla birbirlerinden ayr\u0131 d\u00fc\u015fm\u00fc\u015flerdir. Evlerine d\u00f6nebilmek i\u00e7in bir araya gelerek toparlanmalar\u0131 ve s\u0131radaki yar\u0131\u015f\u0131 kazanmalar\u0131<span class=\"excerpt-hellip\"> [\u2026]<\/span><\/p>\n","protected":false},"featured_media":0,"template":"","meta":{"_monsterinsights_skip_tracking":false,"_monsterinsights_sitenote_active":false,"_monsterinsights_sitenote_note":"","_monsterinsights_sitenote_category":0},"product_brand":[],"product_cat":[12275,12274],"product_tag":[],"class_list":{"0":"post-731284","1":"product","2":"type-product","3":"status-publish","5":"product_cat-6-12-yas-kitaplari","6":"product_cat-cocuk-ve-genclik-kitaplari","7":"pa_cilt-ciltsiz","8":"pa_tur-kitap","9":"pa_yayinevi-acayip-kitaplar","10":"pa_yazar-maral-najafli","12":"first","13":"instock","14":"sale","15":"shipping-taxable","16":"purchasable","17":"product-type-simple"},"_links":{"self":[{"href":"https:\/\/roveyayinevi.com.tr\/index.php\/wp-json\/wp\/v2\/product\/731284","targetHints":{"allow":["GET"]}}],"collection":[{"href":"https:\/\/roveyayinevi.com.tr\/index.php\/wp-json\/wp\/v2\/product"}],"about":[{"href":"https:\/\/roveyayinevi.com.tr\/index.php\/wp-json\/wp\/v2\/types\/product"}],"wp:attachment":[{"href":"https:\/\/roveyayinevi.com.tr\/index.php\/wp-json\/wp\/v2\/media?parent=731284"}],"wp:term":[{"taxonomy":"product_brand","embeddable":true,"href":"https:\/\/roveyayinevi.com.tr\/index.php\/wp-json\/wp\/v2\/product_brand?post=731284"},{"taxonomy":"product_cat","embeddable":true,"href":"https:\/\/roveyayinevi.com.tr\/index.php\/wp-json\/wp\/v2\/product_cat?post=731284"},{"taxonomy":"product_tag","embeddable":true,"href":"https:\/\/roveyayinevi.com.tr\/index.php\/wp-json\/wp\/v2\/product_tag?post=731284"}],"curies":[{"name":"wp","href":"https:\/\/api.w.org\/{rel}","templated":true}]}}