{"id":731283,"date":"2025-08-27T21:29:01","date_gmt":"2025-08-27T18:29:01","guid":{"rendered":"https:\/\/roveyayinevi.com.tr\/index.php\/urun\/kayip-dostlar-degerli-oykuler\/"},"modified":"2026-04-16T02:39:04","modified_gmt":"2026-04-15T23:39:04","slug":"kayip-dostlar-degerli-oykuler","status":"publish","type":"product","link":"https:\/\/roveyayinevi.com.tr\/index.php\/urun\/kayip-dostlar-degerli-oykuler\/","title":{"rendered":"Kay\u0131p Dostlar &#8211; De\u011ferli \u00d6yk\u00fcler"},"content":{"rendered":"<p>Tam bir hayvan dostu olan \u00c7a\u011f\u0131l\u2019\u0131n biricik kedisi K\u0131rp\u0131k ans\u0131z\u0131n ortadan kaybolmu\u015ftur. \u00c7a\u011f\u0131l\u2019\u0131n, kedisini bulmak i\u00e7in \u00e7\u0131kt\u0131\u011f\u0131 yolculu\u011fu, ba\u015fka kedilerin de kayboldu\u011funu ke\u015ffetmesiyle bamba\u015fka bir h\u00e2l al\u0131r.Tek ba\u015f\u0131na \u00e7\u00f6zmesi m\u00fcmk\u00fcn olmayan bu gizemli olay i\u00e7in yard\u0131ma ihtiyac\u0131 vard\u0131r. Harekete ge\u00e7ip arkada\u015flar\u0131n\u0131 toplamas\u0131 yeterli de\u011fildir. Kusursuz bir plan da yapmal\u0131d\u0131rlar. Ancak en \u00f6nemlisi iyi bir tak\u0131m olmalar\u0131 da gerekmektedir.<\/p>\n","protected":false},"excerpt":{"rendered":"<p>Tam bir hayvan dostu olan \u00c7a\u011f\u0131l\u2019\u0131n biricik kedisi K\u0131rp\u0131k ans\u0131z\u0131n ortadan kaybolmu\u015ftur. \u00c7a\u011f\u0131l\u2019\u0131n, kedisini bulmak i\u00e7in \u00e7\u0131kt\u0131\u011f\u0131 yolculu\u011fu, ba\u015fka kedilerin de kayboldu\u011funu ke\u015ffetmesiyle bamba\u015fka bir h\u00e2l<span class=\"excerpt-hellip\"> [\u2026]<\/span><\/p>\n","protected":false},"featured_media":0,"template":"","meta":{"_monsterinsights_skip_tracking":false,"_monsterinsights_sitenote_active":false,"_monsterinsights_sitenote_note":"","_monsterinsights_sitenote_category":0},"product_brand":[],"product_cat":[12275,12274],"product_tag":[],"class_list":{"0":"post-731283","1":"product","2":"type-product","3":"status-publish","5":"product_cat-6-12-yas-kitaplari","6":"product_cat-cocuk-ve-genclik-kitaplari","7":"pa_cilt-ciltsiz","8":"pa_tur-kitap","9":"pa_yayinevi-acayip-kitaplar","10":"pa_yazar-ferhat-tastekin","12":"first","13":"instock","14":"sale","15":"shipping-taxable","16":"purchasable","17":"product-type-simple"},"_links":{"self":[{"href":"https:\/\/roveyayinevi.com.tr\/index.php\/wp-json\/wp\/v2\/product\/731283","targetHints":{"allow":["GET"]}}],"collection":[{"href":"https:\/\/roveyayinevi.com.tr\/index.php\/wp-json\/wp\/v2\/product"}],"about":[{"href":"https:\/\/roveyayinevi.com.tr\/index.php\/wp-json\/wp\/v2\/types\/product"}],"wp:attachment":[{"href":"https:\/\/roveyayinevi.com.tr\/index.php\/wp-json\/wp\/v2\/media?parent=731283"}],"wp:term":[{"taxonomy":"product_brand","embeddable":true,"href":"https:\/\/roveyayinevi.com.tr\/index.php\/wp-json\/wp\/v2\/product_brand?post=731283"},{"taxonomy":"product_cat","embeddable":true,"href":"https:\/\/roveyayinevi.com.tr\/index.php\/wp-json\/wp\/v2\/product_cat?post=731283"},{"taxonomy":"product_tag","embeddable":true,"href":"https:\/\/roveyayinevi.com.tr\/index.php\/wp-json\/wp\/v2\/product_tag?post=731283"}],"curies":[{"name":"wp","href":"https:\/\/api.w.org\/{rel}","templated":true}]}}