{"id":731281,"date":"2025-08-27T21:28:59","date_gmt":"2025-08-27T18:28:59","guid":{"rendered":"https:\/\/roveyayinevi.com.tr\/index.php\/urun\/his\/"},"modified":"2026-04-16T02:39:04","modified_gmt":"2026-04-15T23:39:04","slug":"his","status":"publish","type":"product","link":"https:\/\/roveyayinevi.com.tr\/index.php\/urun\/his\/","title":{"rendered":"H\u0131\u015f"},"content":{"rendered":"<p>Yazar\/yap\u0131t hk: H\u0131\u015f adl\u0131 dosyas\u0131yla 2020 Ya\u015far Nabi Nay\u0131r \u015eiir \u00d6d\u00fcl\u00fc\u2019ne de\u011fer g\u00f6r\u00fclen Ceren Biber, 1991 y\u0131l\u0131nda Samatya\u2019da do\u011fdu. Kendi ifadesiyle, \u201canlam\u0131 say\u0131larda arad\u0131\u011f\u0131 i\u00e7in\u201d Y\u0131ld\u0131z Teknik \u00dcniversitesi \u0130statistik B\u00f6l\u00fcm\u00fc\u2019nde okudu. Mezun olduktan sonra \u201cne arad\u0131\u011f\u0131n\u0131 hat\u0131rlayabilmek i\u00e7in duruma uzaktan bakmak ad\u0131na\u201d hosteslik yapt\u0131. Ard\u0131ndan \u201cdaha da uzaktan bakmak i\u00e7in\u201d edit\u00f6r olarak \u00e7al\u0131\u015ft\u0131.\u201c\u015eiiri bir \u015feye ya da \u015feylere benzetmem. \u015eiir \u00fczerine a\u011fdal\u0131 c\u00fcmleler kurmaktan hi\u00e7 hazzetmem. \u015eiir. Bu kadar,\u201d diyor gen\u00e7 \u015fair ve imgeyi, metaforu ne derece yo\u011fun kullan\u0131rsa kullans\u0131n okura perdesiz ula\u015fan bir \u015fiir dili kuruyor.\u201cneyin \u00fczerine e\u011filsemgizlenmek i\u00e7in bir \u00e7ukur buluyor kendineyama\u00e7ta y\u00fcr\u00fcyen da\u011f ke\u00e7ilerihabire iltihaplar\u0131m\u0131 yal\u0131yorb\u0131\u00e7a\u011fa kendimi anlat\u0131yorum ve\u2018k\u00f6t\u00fc olan sen de\u011filsin\u2019 diyorumk\u00fcfre soktu\u011fum t\u00fcm hayvanlarbana allah\u0131 anlat\u0131yord\u00fcnyan\u0131n memesi i\u015ftah a\u00e7\u0131c\u0131 olsa das\u00fct\u00fcn\u00fc ek\u015fi buluyorum\u201d<\/p>\n","protected":false},"excerpt":{"rendered":"<p>Yazar\/yap\u0131t hk: H\u0131\u015f adl\u0131 dosyas\u0131yla 2020 Ya\u015far Nabi Nay\u0131r \u015eiir \u00d6d\u00fcl\u00fc\u2019ne de\u011fer g\u00f6r\u00fclen Ceren Biber, 1991 y\u0131l\u0131nda Samatya\u2019da do\u011fdu. Kendi ifadesiyle, \u201canlam\u0131 say\u0131larda arad\u0131\u011f\u0131 i\u00e7in\u201d Y\u0131ld\u0131z<span class=\"excerpt-hellip\"> [\u2026]<\/span><\/p>\n","protected":false},"featured_media":0,"template":"","meta":{"_monsterinsights_skip_tracking":false,"_monsterinsights_sitenote_active":false,"_monsterinsights_sitenote_note":"","_monsterinsights_sitenote_category":0},"product_brand":[],"product_cat":[12291,12509],"product_tag":[],"class_list":{"0":"post-731281","1":"product","2":"type-product","3":"status-publish","5":"product_cat-edebiyat","6":"product_cat-siir","7":"pa_cilt-ciltsiz","8":"pa_tur-kitap","9":"pa_yayinevi-varlik-yayinlari","10":"pa_yazar-ceren-biber","12":"first","13":"instock","14":"sale","15":"shipping-taxable","16":"purchasable","17":"product-type-simple"},"_links":{"self":[{"href":"https:\/\/roveyayinevi.com.tr\/index.php\/wp-json\/wp\/v2\/product\/731281","targetHints":{"allow":["GET"]}}],"collection":[{"href":"https:\/\/roveyayinevi.com.tr\/index.php\/wp-json\/wp\/v2\/product"}],"about":[{"href":"https:\/\/roveyayinevi.com.tr\/index.php\/wp-json\/wp\/v2\/types\/product"}],"wp:attachment":[{"href":"https:\/\/roveyayinevi.com.tr\/index.php\/wp-json\/wp\/v2\/media?parent=731281"}],"wp:term":[{"taxonomy":"product_brand","embeddable":true,"href":"https:\/\/roveyayinevi.com.tr\/index.php\/wp-json\/wp\/v2\/product_brand?post=731281"},{"taxonomy":"product_cat","embeddable":true,"href":"https:\/\/roveyayinevi.com.tr\/index.php\/wp-json\/wp\/v2\/product_cat?post=731281"},{"taxonomy":"product_tag","embeddable":true,"href":"https:\/\/roveyayinevi.com.tr\/index.php\/wp-json\/wp\/v2\/product_tag?post=731281"}],"curies":[{"name":"wp","href":"https:\/\/api.w.org\/{rel}","templated":true}]}}