{"id":731276,"date":"2025-08-27T21:28:55","date_gmt":"2025-08-27T18:28:55","guid":{"rendered":"https:\/\/roveyayinevi.com.tr\/index.php\/urun\/her-seyin-bi-tarihi-var-2\/"},"modified":"2026-04-16T02:39:03","modified_gmt":"2026-04-15T23:39:03","slug":"her-seyin-bi-tarihi-var-2","status":"publish","type":"product","link":"https:\/\/roveyayinevi.com.tr\/index.php\/urun\/her-seyin-bi-tarihi-var-2\/","title":{"rendered":"Her \u015eeyin Bi&#8217; Tarihi Var &#8211; 2"},"content":{"rendered":"<p>Tarih ge\u00e7mi\u015fte ya\u015fanm\u0131\u015f olaylar\u0131 bizlere anlat\u0131r, do\u011fru. Peki ya tarihi yazan insanlar\u0131n da bir tarihi yok mu? Var elbette. Tarihi insan yaz\u0131yor ve asl\u0131nda bu kitap tarih i\u00e7indeki insan\u0131n ve insan\u0131n yapt\u0131klar\u0131n\u0131n hik\u00e2yesini anlat\u0131yor. Yani sizin hik\u00e2yenizi\u2026Y\u00fcr\u00fcd\u00fc\u011f\u00fcn\u00fcz bir yoldan as\u0131rlar \u00f6nce kimin ge\u00e7ti\u011fini, g\u00f6rd\u00fc\u011f\u00fcn\u00fcz tarih\u00ee bir \u00e7e\u015fmeden kimlerin su i\u00e7ti\u011fini, g\u00f6lgesinde oturdu\u011funuz as\u0131rl\u0131k bir \u00e7\u0131nar\u0131 kimin dikti\u011fini hi\u00e7 merak ettiniz mi?***Vampirler ger\u00e7ek mi? Ayasofya\u2019n\u0131n kubbesinin alt\u0131nda yatan s\u0131rlar neler? Gizemli ve s\u0131rl\u0131 tarihi yap\u0131lar hangileri? Saatin u\u011fursuzu da olur mu? Atomu par\u00e7alay\u0131p da iyi mi ettik? \u0130lm-i sima dev\u015firmenin neresindeydi?B\u00fct\u00fcn bu sayd\u0131klar\u0131m\u0131z\u0131n bir tarihi var.Hatta \u201cHer \u015eeyin Bi\u2019 Tarihi Var.\u201d<\/p>\n","protected":false},"excerpt":{"rendered":"<p>Tarih ge\u00e7mi\u015fte ya\u015fanm\u0131\u015f olaylar\u0131 bizlere anlat\u0131r, do\u011fru. Peki ya tarihi yazan insanlar\u0131n da bir tarihi yok mu? Var elbette. Tarihi insan yaz\u0131yor ve asl\u0131nda bu kitap<span class=\"excerpt-hellip\"> [\u2026]<\/span><\/p>\n","protected":false},"featured_media":0,"template":"","meta":{"_monsterinsights_skip_tracking":false,"_monsterinsights_sitenote_active":false,"_monsterinsights_sitenote_note":"","_monsterinsights_sitenote_category":0},"product_brand":[],"product_cat":[12370,12304],"product_tag":[],"class_list":{"0":"post-731276","1":"product","2":"type-product","3":"status-publish","5":"product_cat-arastirma-inceleme","6":"product_cat-tarih","7":"pa_cilt-ciltsiz","8":"pa_tur-kitap","9":"pa_yayinevi-nesil-yayinlari","10":"pa_yazar-yusuf-yildiz-yasemin-aykol","12":"first","13":"instock","14":"sale","15":"shipping-taxable","16":"purchasable","17":"product-type-simple"},"_links":{"self":[{"href":"https:\/\/roveyayinevi.com.tr\/index.php\/wp-json\/wp\/v2\/product\/731276","targetHints":{"allow":["GET"]}}],"collection":[{"href":"https:\/\/roveyayinevi.com.tr\/index.php\/wp-json\/wp\/v2\/product"}],"about":[{"href":"https:\/\/roveyayinevi.com.tr\/index.php\/wp-json\/wp\/v2\/types\/product"}],"wp:attachment":[{"href":"https:\/\/roveyayinevi.com.tr\/index.php\/wp-json\/wp\/v2\/media?parent=731276"}],"wp:term":[{"taxonomy":"product_brand","embeddable":true,"href":"https:\/\/roveyayinevi.com.tr\/index.php\/wp-json\/wp\/v2\/product_brand?post=731276"},{"taxonomy":"product_cat","embeddable":true,"href":"https:\/\/roveyayinevi.com.tr\/index.php\/wp-json\/wp\/v2\/product_cat?post=731276"},{"taxonomy":"product_tag","embeddable":true,"href":"https:\/\/roveyayinevi.com.tr\/index.php\/wp-json\/wp\/v2\/product_tag?post=731276"}],"curies":[{"name":"wp","href":"https:\/\/api.w.org\/{rel}","templated":true}]}}